{"id":212643,"date":"2020-07-18T23:25:18","date_gmt":"2020-07-18T23:25:18","guid":{"rendered":"http:\/\/localhost:10069\/?page_id=212643"},"modified":"2023-09-16T06:35:00","modified_gmt":"2023-09-16T04:35:00","slug":"accueil","status":"publish","type":"page","link":"https:\/\/manu-trelaze.com\/","title":{"rendered":"Accueil"},"content":{"rendered":"<p>[et_pb_section fb_built=\u00a0\u00bb1&Prime; _builder_version=\u00a0\u00bb4.18.0&Prime; background_enable_image=\u00a0\u00bboff\u00a0\u00bb background_video_mp4=\u00a0\u00bbhttps:\/\/manu-trelaze.com\/wp-content\/uploads\/2023\/09\/Les-Chevalements-de-Trelaze.mp4&Prime; background_enable_video_webm=\u00a0\u00bboff\u00a0\u00bb background_video_width=\u00a0\u00bb100%\u00a0\u00bb custom_margin=\u00a0\u00bb-150px|-312px||-312px|false|true\u00a0\u00bb custom_padding=\u00a0\u00bb52px||52px||true|false\u00a0\u00bb filter_brightness=\u00a0\u00bb101%\u00a0\u00bb hover_enabled=\u00a0\u00bb0&Prime; custom_css_before=\u00a0\u00bbbackground-image: \/https:\/\/vimeo.com\/455538660\/a913c5d3aa);||  background-position: center center;||  background-size: contain;||\u00a0\u00bb global_colors_info=\u00a0\u00bb{}\u00a0\u00bb title_text=\u00a0\u00bbLes Chevalements de Tr\u00e9laz\u00e9\u00a0\u00bb sticky_enabled=\u00a0\u00bb0&Prime;][et_pb_row column_structure=\u00a0\u00bb2_3,1_3&Prime; _builder_version=\u00a0\u00bb4.16&Prime; background_enable_color=\u00a0\u00bboff\u00a0\u00bb width=\u00a0\u00bb63.7%\u00a0\u00bb max_width=\u00a0\u00bb1670px\u00a0\u00bb min_height=\u00a0\u00bb286px\u00a0\u00bb custom_margin=\u00a0\u00bb75px|auto|3px|auto|false|false\u00a0\u00bb custom_padding=\u00a0\u00bb6px||267px|48px|false|false\u00a0\u00bb global_colors_info=\u00a0\u00bb{}\u00a0\u00bb][et_pb_column type=\u00a0\u00bb2_3&Prime; _builder_version=\u00a0\u00bb4.16&Prime; custom_padding=\u00a0\u00bb10px||||false|false\u00a0\u00bb global_colors_info=\u00a0\u00bb{}\u00a0\u00bb][\/et_pb_column][et_pb_column type=\u00a0\u00bb1_3&Prime; _builder_version=\u00a0\u00bb4.16&Prime; custom_padding=\u00a0\u00bb10px||||false|false\u00a0\u00bb global_colors_info=\u00a0\u00bb{}\u00a0\u00bb][et_pb_text _builder_version=\u00a0\u00bb4.16&Prime; text_font=\u00a0\u00bb|600|||||||\u00a0\u00bb text_text_color=\u00a0\u00bb#000000&Prime; text_font_size=\u00a0\u00bb18px\u00a0\u00bb text_line_height=\u00a0\u00bb1.8em\u00a0\u00bb header_font=\u00a0\u00bb|700|||||||\u00a0\u00bb header_text_color=\u00a0\u00bb#000000&Prime; header_font_size=\u00a0\u00bb63px\u00a0\u00bb header_2_font=\u00a0\u00bbRoboto Slab|600|||||||\u00a0\u00bb header_2_font_size=\u00a0\u00bb45px\u00a0\u00bb header_2_line_height=\u00a0\u00bb1.1em\u00a0\u00bb background_color=\u00a0\u00bb#ffffff\u00a0\u00bb custom_margin=\u00a0\u00bb2px||-23px||false|false\u00a0\u00bb custom_padding=\u00a0\u00bb29px|24px|0px|44px|false|false\u00a0\u00bb global_colors_info=\u00a0\u00bb{}\u00a0\u00bb]<\/p>\n<h2 style=\"text-align: left;\">Bienvenue<\/h2>\n<p style=\"text-align: left;\">sur notre site d&rsquo;association<\/p>\n<h1><img loading=\"lazy\" src=\"https:\/\/manu-trelaze.com\/wp-content\/uploads\/2022\/04\/les-amis-du-patrimoine-trelazeen.png\" width=\"229\" height=\"94\" alt=\"\" class=\"wp-image-213459 alignnone size-full\" \/><\/h1>\n<p>[\/et_pb_text][et_pb_text _builder_version=\u00a0\u00bb4.16&Prime; header_font=\u00a0\u00bb|700|||||||\u00a0\u00bb header_text_color=\u00a0\u00bb#000000&Prime; header_font_size=\u00a0\u00bb63px\u00a0\u00bb background_color=\u00a0\u00bb#ffffff\u00a0\u00bb custom_margin=\u00a0\u00bb2px||||false|false\u00a0\u00bb custom_padding=\u00a0\u00bb10px|48px|22px|48px|false|true\u00a0\u00bb global_colors_info=\u00a0\u00bb{}\u00a0\u00bb]<\/p>\n<p style=\"text-align: right;\"><span style=\"text-decoration: underline;\"><span style=\"color: #999999;\"><a href=\"#\" style=\"color: #999999; text-decoration: underline;\">En savoir plus &gt;<\/a><\/span><\/span><\/p>\n<p>[\/et_pb_text][\/et_pb_column][\/et_pb_row][\/et_pb_section][et_pb_section fb_built=\u00a0\u00bb1&Prime; _builder_version=\u00a0\u00bb4.16&Prime; min_height=\u00a0\u00bb100px\u00a0\u00bb custom_margin=\u00a0\u00bb-131px|||||\u00a0\u00bb custom_padding=\u00a0\u00bb13px||0px|||\u00a0\u00bb global_colors_info=\u00a0\u00bb{}\u00a0\u00bb][et_pb_row column_structure=\u00a0\u00bb1_2,1_2&Prime; _builder_version=\u00a0\u00bb4.16&Prime; custom_margin=\u00a0\u00bb-30px|auto||auto||\u00a0\u00bb custom_padding=\u00a0\u00bb85px||8px|||\u00a0\u00bb global_colors_info=\u00a0\u00bb{}\u00a0\u00bb][et_pb_column type=\u00a0\u00bb1_2&Prime; _builder_version=\u00a0\u00bb4.16&Prime; global_colors_info=\u00a0\u00bb{}\u00a0\u00bb][et_pb_text _builder_version=\u00a0\u00bb4.16&Prime; custom_margin=\u00a0\u00bb||9px|||\u00a0\u00bb locked=\u00a0\u00bboff\u00a0\u00bb global_colors_info=\u00a0\u00bb{}\u00a0\u00bb]<\/p>\n<h2>Actualit\u00e9s<\/h2>\n<p>[\/et_pb_text][et_pb_divider color=\u00a0\u00bb#e02b20&Prime; divider_position=\u00a0\u00bbcenter\u00a0\u00bb divider_weight=\u00a0\u00bb5px\u00a0\u00bb _builder_version=\u00a0\u00bb4.16&Prime; width=\u00a0\u00bb8%\u00a0\u00bb global_colors_info=\u00a0\u00bb{}\u00a0\u00bb][\/et_pb_divider][\/et_pb_column][et_pb_column type=\u00a0\u00bb1_2&Prime; _builder_version=\u00a0\u00bb4.16&Prime; global_colors_info=\u00a0\u00bb{}\u00a0\u00bb][\/et_pb_column][\/et_pb_row][\/et_pb_section][et_pb_section fb_built=\u00a0\u00bb1&Prime; _builder_version=\u00a0\u00bb4.16&Prime; custom_padding=\u00a0\u00bb4px||1px|||\u00a0\u00bb global_colors_info=\u00a0\u00bb{}\u00a0\u00bb][et_pb_row column_structure=\u00a0\u00bb3_5,2_5&Prime; _builder_version=\u00a0\u00bb4.16&Prime; custom_padding=\u00a0\u00bb0px||0px|||\u00a0\u00bb global_colors_info=\u00a0\u00bb{}\u00a0\u00bb][et_pb_column type=\u00a0\u00bb3_5&Prime; _builder_version=\u00a0\u00bb4.16&Prime; global_colors_info=\u00a0\u00bb{}\u00a0\u00bb][et_pb_blog fullwidth=\u00a0\u00bboff\u00a0\u00bb posts_number=\u00a0\u00bb1&Prime; show_pagination=\u00a0\u00bboff\u00a0\u00bb _builder_version=\u00a0\u00bb4.16&Prime; global_colors_info=\u00a0\u00bb{}\u00a0\u00bb][\/et_pb_blog][\/et_pb_column][et_pb_column type=\u00a0\u00bb2_5&Prime; _builder_version=\u00a0\u00bb4.16&Prime; global_colors_info=\u00a0\u00bb{}\u00a0\u00bb][et_pb_sidebar _builder_version=\u00a0\u00bb4.16&Prime; global_colors_info=\u00a0\u00bb{}\u00a0\u00bb][\/et_pb_sidebar][\/et_pb_column][\/et_pb_row][\/et_pb_section][et_pb_section fb_built=\u00a0\u00bb1&Prime; _builder_version=\u00a0\u00bb4.16&Prime; _module_preset=\u00a0\u00bbdefault\u00a0\u00bb custom_padding=\u00a0\u00bb2px||10px|||\u00a0\u00bb global_colors_info=\u00a0\u00bb{}\u00a0\u00bb][et_pb_row _builder_version=\u00a0\u00bb4.16&Prime; _module_preset=\u00a0\u00bbdefault\u00a0\u00bb custom_padding=\u00a0\u00bb17px||6px|||\u00a0\u00bb global_colors_info=\u00a0\u00bb{}\u00a0\u00bb][et_pb_column type=\u00a0\u00bb4_4&Prime; _builder_version=\u00a0\u00bb4.16&Prime; _module_preset=\u00a0\u00bbdefault\u00a0\u00bb global_colors_info=\u00a0\u00bb{}\u00a0\u00bb][et_pb_divider color=\u00a0\u00bb#ededed\u00a0\u00bb _builder_version=\u00a0\u00bb4.16&Prime; custom_margin=\u00a0\u00bb-9px|||||\u00a0\u00bb global_colors_info=\u00a0\u00bb{}\u00a0\u00bb][\/et_pb_divider][\/et_pb_column][\/et_pb_row][\/et_pb_section][et_pb_section fb_built=\u00a0\u00bb1&Prime; _builder_version=\u00a0\u00bb4.16&Prime; custom_padding=\u00a0\u00bb13px||0px|||\u00a0\u00bb global_colors_info=\u00a0\u00bb{}\u00a0\u00bb][et_pb_row column_structure=\u00a0\u00bb1_4,1_4,1_4,1_4&Prime; _builder_version=\u00a0\u00bb4.16&Prime; custom_margin=\u00a0\u00bb-30px|auto||auto||\u00a0\u00bb custom_padding=\u00a0\u00bb40px||101px|||\u00a0\u00bb global_colors_info=\u00a0\u00bb{}\u00a0\u00bb][et_pb_column type=\u00a0\u00bb1_4&Prime; _builder_version=\u00a0\u00bb4.16&Prime; global_colors_info=\u00a0\u00bb{}\u00a0\u00bb][et_pb_blurb title=\u00a0\u00bbHistorique\u00a0\u00bb use_icon=\u00a0\u00bbon\u00a0\u00bb font_icon=\u00a0\u00bb&#xe022;||divi||400&Prime; icon_color=\u00a0\u00bb#e02b20&Prime; image_icon_background_color=\u00a0\u00bb#f5f5f5&Prime; image_icon_width=\u00a0\u00bb48px\u00a0\u00bb icon_alignment=\u00a0\u00bbleft\u00a0\u00bb _builder_version=\u00a0\u00bb4.16&Prime; body_font_size=\u00a0\u00bb15px\u00a0\u00bb image_icon_custom_padding=\u00a0\u00bb25px|25px|25px|25px|false|false\u00a0\u00bb border_radii_image=\u00a0\u00bbon|100%|100%|100%|100%\u00a0\u00bb use_circle=\u00a0\u00bbon\u00a0\u00bb circle_color=\u00a0\u00bb#f5f5f5&Prime; global_colors_info=\u00a0\u00bb{}\u00a0\u00bb image_icon_background_color__sticky_enabled=\u00a0\u00bb#ecc795&Prime; image_icon_background_color__sticky=\u00a0\u00bb#ecc795&Prime;]<\/p>\n<p>Pendant pr\u00e8s des 12O ans les deux manufactures de Tr\u00e9laz\u00e9 ont produits des milliards d\u2019allumettes et donn\u00e9 du travail \u00e0 des centaines d\u2019ouvriers et surtout d\u2019ouvri\u00e8res.<\/p>\n<p>[\/et_pb_blurb][et_pb_button button_url=\u00a0\u00bb@ET-DC@eyJkeW5hbWljIjp0cnVlLCJjb250ZW50IjoicG9zdF9saW5rX3VybF9wYWdlIiwic2V0dGluZ3MiOnsicG9zdF9pZCI6IjIxMzEzOCJ9fQ==@\u00a0\u00bb button_text=\u00a0\u00bbLire la suite \u00a0\u00bb _builder_version=\u00a0\u00bb4.16&Prime; _dynamic_attributes=\u00a0\u00bbbutton_url\u00a0\u00bb custom_button=\u00a0\u00bbon\u00a0\u00bb button_text_size=\u00a0\u00bb14px\u00a0\u00bb button_text_color=\u00a0\u00bb#0c71c3&Prime; button_bg_color=\u00a0\u00bb#ffffff\u00a0\u00bb button_font=\u00a0\u00bb||||on||||\u00a0\u00bb custom_margin=\u00a0\u00bb0px||||false|false\u00a0\u00bb custom_padding=\u00a0\u00bb0px|0px|0px|0px|false|false\u00a0\u00bb global_colors_info=\u00a0\u00bb{}\u00a0\u00bb][\/et_pb_button][\/et_pb_column][et_pb_column type=\u00a0\u00bb1_4&Prime; _builder_version=\u00a0\u00bb4.16&Prime; global_colors_info=\u00a0\u00bb{}\u00a0\u00bb][et_pb_blurb title=\u00a0\u00bbLe Projet Urbain\u00a0\u00bb use_icon=\u00a0\u00bbon\u00a0\u00bb font_icon=\u00a0\u00bb&#xe0ef;||divi||400&Prime; icon_color=\u00a0\u00bb#e02b20&Prime; image_icon_background_color=\u00a0\u00bb#f5f5f5&Prime; image_icon_width=\u00a0\u00bb48px\u00a0\u00bb icon_alignment=\u00a0\u00bbleft\u00a0\u00bb _builder_version=\u00a0\u00bb4.16&Prime; body_font_size=\u00a0\u00bb15px\u00a0\u00bb image_icon_custom_padding=\u00a0\u00bb25px|25px|25px|25px|false|false\u00a0\u00bb custom_padding=\u00a0\u00bb||0px|||\u00a0\u00bb border_radii_image=\u00a0\u00bbon|100%|100%|100%|100%\u00a0\u00bb use_circle=\u00a0\u00bbon\u00a0\u00bb circle_color=\u00a0\u00bb#f5f5f5&Prime; global_colors_info=\u00a0\u00bb{}\u00a0\u00bb image_icon_background_color__sticky_enabled=\u00a0\u00bb#ecc795&Prime; image_icon_background_color__sticky=\u00a0\u00bb#ecc795&Prime;]<\/p>\n<p>La transformation de la Manu en un nouveau quartier d\u2019habitat et d\u2019activit\u00e9s est d\u2019autant plus exemplaire qu\u2019elle est accompagn\u00e9e par les associations regroup\u00e9es au sein des Amis des<br \/> Allumettes.<\/p>\n<p>[\/et_pb_blurb][et_pb_button button_url=\u00a0\u00bb@ET-DC@eyJkeW5hbWljIjp0cnVlLCJjb250ZW50IjoicG9zdF9saW5rX3VybF9wYWdlIiwic2V0dGluZ3MiOnsicG9zdF9pZCI6IjIxMzE0NyJ9fQ==@\u00a0\u00bb button_text=\u00a0\u00bbLire la suite \u00a0\u00bb _builder_version=\u00a0\u00bb4.16&Prime; _dynamic_attributes=\u00a0\u00bbbutton_url\u00a0\u00bb custom_button=\u00a0\u00bbon\u00a0\u00bb button_text_size=\u00a0\u00bb14px\u00a0\u00bb button_text_color=\u00a0\u00bb#0c71c3&Prime; button_bg_color=\u00a0\u00bb#ffffff\u00a0\u00bb button_font=\u00a0\u00bb||||on||||\u00a0\u00bb custom_margin=\u00a0\u00bb0px||||false|false\u00a0\u00bb custom_padding=\u00a0\u00bb0px|0px|0px|0px|false|false\u00a0\u00bb global_colors_info=\u00a0\u00bb{}\u00a0\u00bb][\/et_pb_button][\/et_pb_column][et_pb_column type=\u00a0\u00bb1_4&Prime; _builder_version=\u00a0\u00bb4.16&Prime; global_colors_info=\u00a0\u00bb{}\u00a0\u00bb][et_pb_blurb title=\u00a0\u00bbLa vie de quartier\u00a0\u00bb use_icon=\u00a0\u00bbon\u00a0\u00bb font_icon=\u00a0\u00bb&#xe074;||divi||400&Prime; icon_color=\u00a0\u00bb#e02b20&Prime; image_icon_background_color=\u00a0\u00bb#f5f5f5&Prime; image_icon_width=\u00a0\u00bb48px\u00a0\u00bb icon_alignment=\u00a0\u00bbleft\u00a0\u00bb _builder_version=\u00a0\u00bb4.16&Prime; body_font_size=\u00a0\u00bb15px\u00a0\u00bb image_icon_custom_padding=\u00a0\u00bb25px|25px|25px|25px|false|false\u00a0\u00bb border_radii_image=\u00a0\u00bbon|100%|100%|100%|100%\u00a0\u00bb use_circle=\u00a0\u00bbon\u00a0\u00bb circle_color=\u00a0\u00bb#f5f5f5&Prime; global_colors_info=\u00a0\u00bb{}\u00a0\u00bb image_icon_background_color__sticky_enabled=\u00a0\u00bb#ecc795&Prime; image_icon_background_color__sticky=\u00a0\u00bb#ecc795&Prime;]<\/p>\n<p>Ce nouveau quartier va accueillir pr\u00e8s de 1000 personnes et salari\u00e9s. Il fallait \u00e0 ce \u00ab\u00a0village\u00a0\u00bb un certain nombre d\u2019\u00e9quipements pour favoriser la vie sociale et culturelle.<\/p>\n<p>[\/et_pb_blurb][et_pb_button button_url=\u00a0\u00bb@ET-DC@eyJkeW5hbWljIjp0cnVlLCJjb250ZW50IjoicG9zdF9saW5rX3VybF9wYWdlIiwic2V0dGluZ3MiOnsicG9zdF9pZCI6IjIxMzE1NyJ9fQ==@\u00a0\u00bb button_text=\u00a0\u00bbLire la suite \u00a0\u00bb _builder_version=\u00a0\u00bb4.16&Prime; _dynamic_attributes=\u00a0\u00bbbutton_url\u00a0\u00bb custom_button=\u00a0\u00bbon\u00a0\u00bb button_text_size=\u00a0\u00bb14px\u00a0\u00bb button_text_color=\u00a0\u00bb#0c71c3&Prime; button_bg_color=\u00a0\u00bb#ffffff\u00a0\u00bb button_font=\u00a0\u00bb||||on||||\u00a0\u00bb custom_margin=\u00a0\u00bb0px||||false|false\u00a0\u00bb custom_padding=\u00a0\u00bb0px|0px|0px|0px|false|false\u00a0\u00bb global_colors_info=\u00a0\u00bb{}\u00a0\u00bb][\/et_pb_button][\/et_pb_column][et_pb_column type=\u00a0\u00bb1_4&Prime; _builder_version=\u00a0\u00bb4.16&Prime; global_colors_info=\u00a0\u00bb{}\u00a0\u00bb][et_pb_blurb title=\u00a0\u00bbProjets artistiques\u00a0\u00bb use_icon=\u00a0\u00bbon\u00a0\u00bb font_icon=\u00a0\u00bb&#xe0db;||divi||400&Prime; icon_color=\u00a0\u00bb#e02b20&Prime; image_icon_background_color=\u00a0\u00bb#f5f5f5&Prime; image_icon_width=\u00a0\u00bb48px\u00a0\u00bb icon_alignment=\u00a0\u00bbleft\u00a0\u00bb _builder_version=\u00a0\u00bb4.16&Prime; body_font_size=\u00a0\u00bb15px\u00a0\u00bb image_icon_custom_padding=\u00a0\u00bb25px|25px|25px|25px|false|false\u00a0\u00bb border_radii_image=\u00a0\u00bbon|100%|100%|100%|100%\u00a0\u00bb use_circle=\u00a0\u00bbon\u00a0\u00bb circle_color=\u00a0\u00bb#f5f5f5&Prime; global_colors_info=\u00a0\u00bb{}\u00a0\u00bb image_icon_background_color__sticky_enabled=\u00a0\u00bb#ecc795&Prime; image_icon_background_color__sticky=\u00a0\u00bb#ecc795&Prime;]<\/p>\n<p>De la volont\u00e9 de conserver la m\u00e9moire des lieux est n\u00e9e la volont\u00e9 d\u2019accueillir sur la Manu des projets artistiques autour de la chemin\u00e9e et de la structure du<br \/>ch\u00e2teau d\u2019eau.<\/p>\n<p>[\/et_pb_blurb][et_pb_button button_url=\u00a0\u00bb@ET-DC@eyJkeW5hbWljIjp0cnVlLCJjb250ZW50IjoicG9zdF9saW5rX3VybF9wYWdlIiwic2V0dGluZ3MiOnsicG9zdF9pZCI6IjIxMzE2MyJ9fQ==@\u00a0\u00bb button_text=\u00a0\u00bbLire la suite \u00a0\u00bb _builder_version=\u00a0\u00bb4.16&Prime; _dynamic_attributes=\u00a0\u00bbbutton_url\u00a0\u00bb custom_button=\u00a0\u00bbon\u00a0\u00bb button_text_size=\u00a0\u00bb14px\u00a0\u00bb button_text_color=\u00a0\u00bb#0c71c3&Prime; button_bg_color=\u00a0\u00bb#ffffff\u00a0\u00bb button_font=\u00a0\u00bb||||on||||\u00a0\u00bb custom_margin=\u00a0\u00bb0px||||false|false\u00a0\u00bb custom_padding=\u00a0\u00bb0px|0px|0px|0px|false|false\u00a0\u00bb global_colors_info=\u00a0\u00bb{}\u00a0\u00bb][\/et_pb_button][\/et_pb_column][\/et_pb_row][\/et_pb_section][et_pb_section fb_built=\u00a0\u00bb1&Prime; fullwidth=\u00a0\u00bbon\u00a0\u00bb _builder_version=\u00a0\u00bb4.16&Prime; background_image=\u00a0\u00bbhttps:\/\/manu-trelaze.com\/wp-content\/uploads\/2020\/09\/si-Allumettes-Profac-1-1.jpg\u00a0\u00bb parallax=\u00a0\u00bbon\u00a0\u00bb min_height=\u00a0\u00bb226px\u00a0\u00bb custom_padding=\u00a0\u00bb||0px|||\u00a0\u00bb global_colors_info=\u00a0\u00bb{}\u00a0\u00bb][et_pb_fullwidth_image title_text=\u00a0\u00bbSingapore &#8211; February, 2020: Modern office building.low angle view of skyscrapers in city of Singapore. Modern office building.low angle view of skyscrapers in city of Singapore. silhouette bird over the sky.\u00a0\u00bb _builder_version=\u00a0\u00bb4.16&Prime; max_height=\u00a0\u00bb332px\u00a0\u00bb custom_margin=\u00a0\u00bb-8px|||||\u00a0\u00bb custom_padding=\u00a0\u00bb||26px|||\u00a0\u00bb global_colors_info=\u00a0\u00bb{}\u00a0\u00bb][\/et_pb_fullwidth_image][\/et_pb_section][et_pb_section fb_built=\u00a0\u00bb1&Prime; _builder_version=\u00a0\u00bb4.16&Prime; background_color=\u00a0\u00bb#ffffff\u00a0\u00bb custom_padding=\u00a0\u00bb13px||0px|||\u00a0\u00bb global_colors_info=\u00a0\u00bb{}\u00a0\u00bb][\/et_pb_section]<\/p>\n","protected":false},"excerpt":{"rendered":"<p>Bienvenue sur notre site d&rsquo;association En savoir plus &gt;Actualit\u00e9sPendant pr\u00e8s des 12O ans les deux manufactures de Tr\u00e9laz\u00e9 ont produits des milliards d\u2019allumettes et donn\u00e9 du travail \u00e0 des centaines d\u2019ouvriers et surtout d\u2019ouvri\u00e8res.La transformation de la Manu en un nouveau quartier d\u2019habitat et d\u2019activit\u00e9s est d\u2019autant plus exemplaire qu\u2019elle est accompagn\u00e9e par les associations [&hellip;]<\/p>\n","protected":false},"author":1,"featured_media":0,"parent":0,"menu_order":0,"comment_status":"closed","ping_status":"closed","template":"","meta":{"_et_pb_use_builder":"on","_et_pb_old_content":"","_et_gb_content_width":""},"yoast_head":"<!-- This site is optimized with the Yoast SEO plugin v19.13 - https:\/\/yoast.com\/wordpress\/plugins\/seo\/ -->\n<title>Les Amis du Patrimoine Tr\u00e9laz\u00e9en - Association Tr\u00e9laz\u00e9 - LA MANU<\/title>\n<meta name=\"description\" content=\"Bienvenue sur le site de l&#039;association Les Amis des Allumettes, la Manu de Tr\u00e9laz\u00e9 qui repr\u00e9sente habitants et associations fondatrices\" \/>\n<meta name=\"robots\" content=\"index, follow, max-snippet:-1, max-image-preview:large, max-video-preview:-1\" \/>\n<link rel=\"canonical\" href=\"https:\/\/manu-trelaze.com\/\" \/>\n<meta property=\"og:locale\" content=\"fr_FR\" \/>\n<meta property=\"og:type\" content=\"article\" \/>\n<meta property=\"og:title\" content=\"Les Amis du Patrimoine Tr\u00e9laz\u00e9en - Association Tr\u00e9laz\u00e9 - LA MANU\" \/>\n<meta property=\"og:description\" content=\"Bienvenue sur le site de l&#039;association Les Amis des Allumettes, la Manu de Tr\u00e9laz\u00e9 qui repr\u00e9sente habitants et associations fondatrices\" \/>\n<meta property=\"og:url\" content=\"https:\/\/manu-trelaze.com\/\" \/>\n<meta property=\"og:site_name\" content=\"Les Amis du Patrimoine Tr\u00e9laz\u00e9en\" \/>\n<meta property=\"article:modified_time\" content=\"2023-09-16T04:35:00+00:00\" \/>\n<meta property=\"og:image\" content=\"https:\/\/manu-trelaze.com\/wp-content\/uploads\/2022\/04\/les-amis-du-patrimoine-trelazeen.png\" \/>\n<meta name=\"twitter:card\" content=\"summary_large_image\" \/>\n<meta name=\"twitter:label1\" content=\"Dur\u00e9e de lecture estim\u00e9e\" \/>\n\t<meta name=\"twitter:data1\" content=\"7 minutes\" \/>\n<script type=\"application\/ld+json\" class=\"yoast-schema-graph\">{\"@context\":\"https:\/\/schema.org\",\"@graph\":[{\"@type\":\"WebPage\",\"@id\":\"https:\/\/manu-trelaze.com\/\",\"url\":\"https:\/\/manu-trelaze.com\/\",\"name\":\"Les Amis du Patrimoine Tr\u00e9laz\u00e9en - Association Tr\u00e9laz\u00e9 - LA MANU\",\"isPartOf\":{\"@id\":\"https:\/\/manu-trelaze.com\/#website\"},\"datePublished\":\"2020-07-18T23:25:18+00:00\",\"dateModified\":\"2023-09-16T04:35:00+00:00\",\"description\":\"Bienvenue sur le site de l'association Les Amis des Allumettes, la Manu de Tr\u00e9laz\u00e9 qui repr\u00e9sente habitants et associations fondatrices\",\"breadcrumb\":{\"@id\":\"https:\/\/manu-trelaze.com\/#breadcrumb\"},\"inLanguage\":\"fr-FR\",\"potentialAction\":[{\"@type\":\"ReadAction\",\"target\":[\"https:\/\/manu-trelaze.com\/\"]}]},{\"@type\":\"BreadcrumbList\",\"@id\":\"https:\/\/manu-trelaze.com\/#breadcrumb\",\"itemListElement\":[{\"@type\":\"ListItem\",\"position\":1,\"name\":\"Accueil\",\"item\":\"https:\/\/manu-trelaze.com\/\"},{\"@type\":\"ListItem\",\"position\":2,\"name\":\"Accueil\"}]},{\"@type\":\"WebSite\",\"@id\":\"https:\/\/manu-trelaze.com\/#website\",\"url\":\"https:\/\/manu-trelaze.com\/\",\"name\":\"Les Amis du Patrimoine Tr\u00e9laz\u00e9en\",\"description\":\"Les Amis du Patrimoine Tr\u00e9laz\u00e9en\",\"potentialAction\":[{\"@type\":\"SearchAction\",\"target\":{\"@type\":\"EntryPoint\",\"urlTemplate\":\"https:\/\/manu-trelaze.com\/?s={search_term_string}\"},\"query-input\":\"required name=search_term_string\"}],\"inLanguage\":\"fr-FR\"}]}<\/script>\n<!-- \/ Yoast SEO plugin. -->","yoast_head_json":{"title":"Les Amis du Patrimoine Tr\u00e9laz\u00e9en - Association Tr\u00e9laz\u00e9 - LA MANU","description":"Bienvenue sur le site de l'association Les Amis des Allumettes, la Manu de Tr\u00e9laz\u00e9 qui repr\u00e9sente habitants et associations fondatrices","robots":{"index":"index","follow":"follow","max-snippet":"max-snippet:-1","max-image-preview":"max-image-preview:large","max-video-preview":"max-video-preview:-1"},"canonical":"https:\/\/manu-trelaze.com\/","og_locale":"fr_FR","og_type":"article","og_title":"Les Amis du Patrimoine Tr\u00e9laz\u00e9en - Association Tr\u00e9laz\u00e9 - LA MANU","og_description":"Bienvenue sur le site de l'association Les Amis des Allumettes, la Manu de Tr\u00e9laz\u00e9 qui repr\u00e9sente habitants et associations fondatrices","og_url":"https:\/\/manu-trelaze.com\/","og_site_name":"Les Amis du Patrimoine Tr\u00e9laz\u00e9en","article_modified_time":"2023-09-16T04:35:00+00:00","og_image":[{"url":"https:\/\/manu-trelaze.com\/wp-content\/uploads\/2022\/04\/les-amis-du-patrimoine-trelazeen.png"}],"twitter_card":"summary_large_image","twitter_misc":{"Dur\u00e9e de lecture estim\u00e9e":"7 minutes"},"schema":{"@context":"https:\/\/schema.org","@graph":[{"@type":"WebPage","@id":"https:\/\/manu-trelaze.com\/","url":"https:\/\/manu-trelaze.com\/","name":"Les Amis du Patrimoine Tr\u00e9laz\u00e9en - Association Tr\u00e9laz\u00e9 - LA MANU","isPartOf":{"@id":"https:\/\/manu-trelaze.com\/#website"},"datePublished":"2020-07-18T23:25:18+00:00","dateModified":"2023-09-16T04:35:00+00:00","description":"Bienvenue sur le site de l'association Les Amis des Allumettes, la Manu de Tr\u00e9laz\u00e9 qui repr\u00e9sente habitants et associations fondatrices","breadcrumb":{"@id":"https:\/\/manu-trelaze.com\/#breadcrumb"},"inLanguage":"fr-FR","potentialAction":[{"@type":"ReadAction","target":["https:\/\/manu-trelaze.com\/"]}]},{"@type":"BreadcrumbList","@id":"https:\/\/manu-trelaze.com\/#breadcrumb","itemListElement":[{"@type":"ListItem","position":1,"name":"Accueil","item":"https:\/\/manu-trelaze.com\/"},{"@type":"ListItem","position":2,"name":"Accueil"}]},{"@type":"WebSite","@id":"https:\/\/manu-trelaze.com\/#website","url":"https:\/\/manu-trelaze.com\/","name":"Les Amis du Patrimoine Tr\u00e9laz\u00e9en","description":"Les Amis du Patrimoine Tr\u00e9laz\u00e9en","potentialAction":[{"@type":"SearchAction","target":{"@type":"EntryPoint","urlTemplate":"https:\/\/manu-trelaze.com\/?s={search_term_string}"},"query-input":"required name=search_term_string"}],"inLanguage":"fr-FR"}]}},"_links":{"self":[{"href":"https:\/\/manu-trelaze.com\/index.php\/wp-json\/wp\/v2\/pages\/212643"}],"collection":[{"href":"https:\/\/manu-trelaze.com\/index.php\/wp-json\/wp\/v2\/pages"}],"about":[{"href":"https:\/\/manu-trelaze.com\/index.php\/wp-json\/wp\/v2\/types\/page"}],"author":[{"embeddable":true,"href":"https:\/\/manu-trelaze.com\/index.php\/wp-json\/wp\/v2\/users\/1"}],"replies":[{"embeddable":true,"href":"https:\/\/manu-trelaze.com\/index.php\/wp-json\/wp\/v2\/comments?post=212643"}],"version-history":[{"count":9,"href":"https:\/\/manu-trelaze.com\/index.php\/wp-json\/wp\/v2\/pages\/212643\/revisions"}],"predecessor-version":[{"id":213653,"href":"https:\/\/manu-trelaze.com\/index.php\/wp-json\/wp\/v2\/pages\/212643\/revisions\/213653"}],"wp:attachment":[{"href":"https:\/\/manu-trelaze.com\/index.php\/wp-json\/wp\/v2\/media?parent=212643"}],"curies":[{"name":"wp","href":"https:\/\/api.w.org\/{rel}","templated":true}]}}