{"id":213138,"date":"2020-08-28T13:01:28","date_gmt":"2020-08-28T13:01:28","guid":{"rendered":"http:\/\/localhost:10069\/?page_id=213138"},"modified":"2020-09-14T10:38:03","modified_gmt":"2020-09-14T08:38:03","slug":"historique-de-la-manufacture-de-trelaze","status":"publish","type":"page","link":"https:\/\/manu-trelaze.com\/index.php\/historique-de-la-manufacture-de-trelaze\/","title":{"rendered":"Historique de la Manufacture de Tr\u00e9laz\u00e9"},"content":{"rendered":"\n<p>Pendant pr\u00e8s de 12O ans les deux manufactures de Tr\u00e9laz\u00e9 ont produit des milliards d\u2019allumettes et donn\u00e9 du travail \u00e0 des centaines d\u2019ouvriers et surtout d\u2019ouvri\u00e8res.<\/p>\n","protected":false},"excerpt":{"rendered":"<p>Pendant pr\u00e8s de 12O ans les deux manufactures de Tr\u00e9laz\u00e9 ont produit des milliards d\u2019allumettes et donn\u00e9 du travail \u00e0 des centaines d\u2019ouvriers et surtout d\u2019ouvri\u00e8res.<\/p>\n","protected":false},"author":1,"featured_media":0,"parent":0,"menu_order":0,"comment_status":"closed","ping_status":"closed","template":"","meta":{"_et_pb_use_builder":"off","_et_pb_old_content":"","_et_gb_content_width":""},"yoast_head":"<!-- This site is optimized with the Yoast SEO plugin v19.13 - https:\/\/yoast.com\/wordpress\/plugins\/seo\/ -->\n<title>Historique de la Manufacture de Tr\u00e9laz\u00e9 - Les Amis du Patrimoine Tr\u00e9laz\u00e9en<\/title>\n<meta name=\"robots\" content=\"index, follow, max-snippet:-1, max-image-preview:large, max-video-preview:-1\" \/>\n<link rel=\"canonical\" href=\"https:\/\/manu-trelaze.com\/index.php\/historique-de-la-manufacture-de-trelaze\/\" \/>\n<meta property=\"og:locale\" content=\"fr_FR\" \/>\n<meta property=\"og:type\" content=\"article\" \/>\n<meta property=\"og:title\" content=\"Historique de la Manufacture de Tr\u00e9laz\u00e9 - Les Amis du Patrimoine Tr\u00e9laz\u00e9en\" \/>\n<meta property=\"og:description\" content=\"Pendant pr\u00e8s de 12O ans les deux manufactures de Tr\u00e9laz\u00e9 ont produit des milliards d\u2019allumettes et donn\u00e9 du travail \u00e0 des centaines d\u2019ouvriers et surtout d\u2019ouvri\u00e8res.\" \/>\n<meta property=\"og:url\" content=\"https:\/\/manu-trelaze.com\/index.php\/historique-de-la-manufacture-de-trelaze\/\" \/>\n<meta property=\"og:site_name\" content=\"Les Amis du Patrimoine Tr\u00e9laz\u00e9en\" \/>\n<meta property=\"article:modified_time\" content=\"2020-09-14T08:38:03+00:00\" \/>\n<meta name=\"twitter:card\" content=\"summary_large_image\" \/>\n<script type=\"application\/ld+json\" class=\"yoast-schema-graph\">{\"@context\":\"https:\/\/schema.org\",\"@graph\":[{\"@type\":\"WebPage\",\"@id\":\"https:\/\/manu-trelaze.com\/index.php\/historique-de-la-manufacture-de-trelaze\/\",\"url\":\"https:\/\/manu-trelaze.com\/index.php\/historique-de-la-manufacture-de-trelaze\/\",\"name\":\"Historique de la Manufacture de Tr\u00e9laz\u00e9 - Les Amis du Patrimoine Tr\u00e9laz\u00e9en\",\"isPartOf\":{\"@id\":\"https:\/\/manu-trelaze.com\/#website\"},\"datePublished\":\"2020-08-28T13:01:28+00:00\",\"dateModified\":\"2020-09-14T08:38:03+00:00\",\"breadcrumb\":{\"@id\":\"https:\/\/manu-trelaze.com\/index.php\/historique-de-la-manufacture-de-trelaze\/#breadcrumb\"},\"inLanguage\":\"fr-FR\",\"potentialAction\":[{\"@type\":\"ReadAction\",\"target\":[\"https:\/\/manu-trelaze.com\/index.php\/historique-de-la-manufacture-de-trelaze\/\"]}]},{\"@type\":\"BreadcrumbList\",\"@id\":\"https:\/\/manu-trelaze.com\/index.php\/historique-de-la-manufacture-de-trelaze\/#breadcrumb\",\"itemListElement\":[{\"@type\":\"ListItem\",\"position\":1,\"name\":\"Accueil\",\"item\":\"https:\/\/manu-trelaze.com\/\"},{\"@type\":\"ListItem\",\"position\":2,\"name\":\"Historique de la Manufacture de Tr\u00e9laz\u00e9\"}]},{\"@type\":\"WebSite\",\"@id\":\"https:\/\/manu-trelaze.com\/#website\",\"url\":\"https:\/\/manu-trelaze.com\/\",\"name\":\"Les Amis du Patrimoine Tr\u00e9laz\u00e9en\",\"description\":\"Les Amis du Patrimoine Tr\u00e9laz\u00e9en\",\"potentialAction\":[{\"@type\":\"SearchAction\",\"target\":{\"@type\":\"EntryPoint\",\"urlTemplate\":\"https:\/\/manu-trelaze.com\/?s={search_term_string}\"},\"query-input\":\"required name=search_term_string\"}],\"inLanguage\":\"fr-FR\"}]}<\/script>\n<!-- \/ Yoast SEO plugin. -->","yoast_head_json":{"title":"Historique de la Manufacture de Tr\u00e9laz\u00e9 - Les Amis du Patrimoine Tr\u00e9laz\u00e9en","robots":{"index":"index","follow":"follow","max-snippet":"max-snippet:-1","max-image-preview":"max-image-preview:large","max-video-preview":"max-video-preview:-1"},"canonical":"https:\/\/manu-trelaze.com\/index.php\/historique-de-la-manufacture-de-trelaze\/","og_locale":"fr_FR","og_type":"article","og_title":"Historique de la Manufacture de Tr\u00e9laz\u00e9 - Les Amis du Patrimoine Tr\u00e9laz\u00e9en","og_description":"Pendant pr\u00e8s de 12O ans les deux manufactures de Tr\u00e9laz\u00e9 ont produit des milliards d\u2019allumettes et donn\u00e9 du travail \u00e0 des centaines d\u2019ouvriers et surtout d\u2019ouvri\u00e8res.","og_url":"https:\/\/manu-trelaze.com\/index.php\/historique-de-la-manufacture-de-trelaze\/","og_site_name":"Les Amis du Patrimoine Tr\u00e9laz\u00e9en","article_modified_time":"2020-09-14T08:38:03+00:00","twitter_card":"summary_large_image","schema":{"@context":"https:\/\/schema.org","@graph":[{"@type":"WebPage","@id":"https:\/\/manu-trelaze.com\/index.php\/historique-de-la-manufacture-de-trelaze\/","url":"https:\/\/manu-trelaze.com\/index.php\/historique-de-la-manufacture-de-trelaze\/","name":"Historique de la Manufacture de Tr\u00e9laz\u00e9 - Les Amis du Patrimoine Tr\u00e9laz\u00e9en","isPartOf":{"@id":"https:\/\/manu-trelaze.com\/#website"},"datePublished":"2020-08-28T13:01:28+00:00","dateModified":"2020-09-14T08:38:03+00:00","breadcrumb":{"@id":"https:\/\/manu-trelaze.com\/index.php\/historique-de-la-manufacture-de-trelaze\/#breadcrumb"},"inLanguage":"fr-FR","potentialAction":[{"@type":"ReadAction","target":["https:\/\/manu-trelaze.com\/index.php\/historique-de-la-manufacture-de-trelaze\/"]}]},{"@type":"BreadcrumbList","@id":"https:\/\/manu-trelaze.com\/index.php\/historique-de-la-manufacture-de-trelaze\/#breadcrumb","itemListElement":[{"@type":"ListItem","position":1,"name":"Accueil","item":"https:\/\/manu-trelaze.com\/"},{"@type":"ListItem","position":2,"name":"Historique de la Manufacture de Tr\u00e9laz\u00e9"}]},{"@type":"WebSite","@id":"https:\/\/manu-trelaze.com\/#website","url":"https:\/\/manu-trelaze.com\/","name":"Les Amis du Patrimoine Tr\u00e9laz\u00e9en","description":"Les Amis du Patrimoine Tr\u00e9laz\u00e9en","potentialAction":[{"@type":"SearchAction","target":{"@type":"EntryPoint","urlTemplate":"https:\/\/manu-trelaze.com\/?s={search_term_string}"},"query-input":"required name=search_term_string"}],"inLanguage":"fr-FR"}]}},"_links":{"self":[{"href":"https:\/\/manu-trelaze.com\/index.php\/wp-json\/wp\/v2\/pages\/213138"}],"collection":[{"href":"https:\/\/manu-trelaze.com\/index.php\/wp-json\/wp\/v2\/pages"}],"about":[{"href":"https:\/\/manu-trelaze.com\/index.php\/wp-json\/wp\/v2\/types\/page"}],"author":[{"embeddable":true,"href":"https:\/\/manu-trelaze.com\/index.php\/wp-json\/wp\/v2\/users\/1"}],"replies":[{"embeddable":true,"href":"https:\/\/manu-trelaze.com\/index.php\/wp-json\/wp\/v2\/comments?post=213138"}],"version-history":[{"count":1,"href":"https:\/\/manu-trelaze.com\/index.php\/wp-json\/wp\/v2\/pages\/213138\/revisions"}],"predecessor-version":[{"id":213526,"href":"https:\/\/manu-trelaze.com\/index.php\/wp-json\/wp\/v2\/pages\/213138\/revisions\/213526"}],"wp:attachment":[{"href":"https:\/\/manu-trelaze.com\/index.php\/wp-json\/wp\/v2\/media?parent=213138"}],"curies":[{"name":"wp","href":"https:\/\/api.w.org\/{rel}","templated":true}]}}