{"id":213141,"date":"2020-08-28T13:03:28","date_gmt":"2020-08-28T13:03:28","guid":{"rendered":"http:\/\/localhost:10069\/?page_id=213141"},"modified":"2020-09-08T01:28:00","modified_gmt":"2020-09-07T23:28:00","slug":"la-seconde-manufacture-rue-jean-jaures","status":"publish","type":"page","link":"https:\/\/manu-trelaze.com\/index.php\/historique-de-la-manufacture-de-trelaze\/la-seconde-manufacture-rue-jean-jaures\/","title":{"rendered":"La seconde manufacture rue Jean Jaur\u00e8s"},"content":{"rendered":"\n<p>La manufacture de la rue Jean Jaur\u00e8s voit ainsi le jour dans les ann\u00e9es 1920. La nouvelle manufacture, dont les plans sont dress\u00e9s par des ing\u00e9nieurs de la Direction g\u00e9n\u00e9rale des Manufactures de l\u2019\u00c9tat, est d\u00e8s l\u2019origine con\u00e7ue pour pouvoir r\u00e9pondre \u00e0 un d\u00e9veloppement futur de sa production. Pour des questions \u00e9conomiques mais \u00e9galement pour ses qualit\u00e9s de r\u00e9sistance et d\u2019esth\u00e9tique le b\u00e9ton est privil\u00e9gi\u00e9.<br><\/p>\n\n\n\n<figure class=\"wp-block-image size-large\"><img src=\"https:\/\/manu-trelaze.com\/wp-content\/uploads\/2020\/09\/si-Allumettes-JJ-1.jpg\" alt=\"\" class=\"wp-image-213222\"\/><\/figure>\n\n\n\n<p>D\u00e8s 1921, l\u2019organisation spatiale suit un plan orthogonal avec au centre les b\u00e2timents industriels. L\u2019essentiel du site est construit entre 1921 et 1932 : ateliers de fabrication D et E, laboratoire G, centrale \u00e9lectrique F, magasins de mati\u00e8res premi\u00e8res, halle de stockage I.<\/p>\n\n\n\n<figure class=\"wp-block-image size-large\"><img src=\"https:\/\/manu-trelaze.com\/wp-content\/uploads\/2020\/09\/Photo-a\u00e9rienne-du-site-en-2007-2.jpg\" alt=\"\" class=\"wp-image-213221\"\/><\/figure>\n\n\n\n<p><br>La manufacture d\u2019allumettes de Tr\u00e9laz\u00e9 n\u00e9cessite des am\u00e9nagements sp\u00e9ciaux : chemin\u00e9es, syst\u00e8me de circulation a\u00e9rien et ch\u00e2teau d\u2019eau.<\/p>\n\n\n\n<p><br><\/p>\n\n\n\n<figure class=\"wp-block-image size-large\"><img src=\"https:\/\/manu-trelaze.com\/wp-content\/uploads\/2020\/09\/si-Allumettes-a\u00e9rienne-1.jpg\" alt=\"\" class=\"wp-image-213220\"\/><\/figure>\n\n\n\n<p><strong>Les chemin\u00e9es<\/strong><br>Trois chemin\u00e9es marquent le paysage de la manufacture : deux en b\u00e9ton arm\u00e9 de 36m (b\u00e2timent F) et 40m (b\u00e2timent O), et une en brique de 25m de hauteur (b\u00e2timent W).<br><\/p>\n\n\n\n<figure class=\"wp-block-gallery columns-3 is-cropped\"><ul class=\"blocks-gallery-grid\"><li class=\"blocks-gallery-item\"><figure><img src=\"https:\/\/manu-trelaze.com\/wp-content\/uploads\/2020\/09\/IMG_2135-768x1024.jpg\" alt=\"\" data-id=\"213216\" data-full-url=\"https:\/\/manu-trelaze.com\/wp-content\/uploads\/2020\/09\/IMG_2135-scaled.jpg\" data-link=\"https:\/\/manu-trelaze.com\/historique-de-la-manufacture-de-trelaze\/la-seconde-manufacture-rue-jean-jaures\/img_2135\/\" class=\"wp-image-213216\"\/><\/figure><\/li><li class=\"blocks-gallery-item\"><figure><img src=\"https:\/\/manu-trelaze.com\/wp-content\/uploads\/2020\/09\/IVR52_08490280NUCA_P.jpg\" alt=\"\" data-id=\"213218\" data-full-url=\"https:\/\/manu-trelaze.com\/wp-content\/uploads\/2020\/09\/IVR52_08490280NUCA_P.jpg\" data-link=\"https:\/\/manu-trelaze.com\/historique-de-la-manufacture-de-trelaze\/la-seconde-manufacture-rue-jean-jaures\/ivr52_08490280nuca_p\/\" class=\"wp-image-213218\"\/><\/figure><\/li><li class=\"blocks-gallery-item\"><figure><img src=\"https:\/\/manu-trelaze.com\/wp-content\/uploads\/2020\/09\/IVR52_08490294NUCA_P.jpg\" alt=\"\" data-id=\"213219\" data-full-url=\"https:\/\/manu-trelaze.com\/wp-content\/uploads\/2020\/09\/IVR52_08490294NUCA_P.jpg\" data-link=\"https:\/\/manu-trelaze.com\/historique-de-la-manufacture-de-trelaze\/la-seconde-manufacture-rue-jean-jaures\/ivr52_08490294nuca_p\/\" class=\"wp-image-213219\"\/><\/figure><\/li><\/ul><\/figure>\n\n\n\n<p><strong>Le syst\u00e8me de circulation a\u00e9rien<\/strong><br>Le monorail dessert tous les b\u00e2timents, soit 17 000m\u00b2 de surface, gr\u00e2ce \u00e0 des aiguillages rotatifs. Il permet de limiter la circulation au sol et d\u2019optimiser les temps de transport des produits et marchandises. Deux passages couverts s\u2019inspirant des ponts en bow-strings permettent au monorail de traverser l\u2019axe principal.<\/p>\n\n\n\n<p><br><\/p>\n\n\n\n<figure class=\"wp-block-gallery columns-3 is-cropped\"><ul class=\"blocks-gallery-grid\"><li class=\"blocks-gallery-item\"><figure><img src=\"https:\/\/manu-trelaze.com\/wp-content\/uploads\/2020\/09\/DSCN3436-1-1024x768.jpg\" alt=\"\" data-id=\"213334\" data-link=\"https:\/\/manu-trelaze.com\/wp-content\/historique-de-la-manufacture-de-trelaze\/la-seconde-manufacture-rue-jean-jaures\/dscn3436-1\/\" class=\"wp-image-213334\"\/><\/figure><\/li><li class=\"blocks-gallery-item\"><figure><img src=\"https:\/\/manu-trelaze.com\/wp-content\/uploads\/2020\/09\/IMG_0319-1-1024x768.jpg\" alt=\"\" data-id=\"213335\" data-link=\"https:\/\/manu-trelaze.com\/historique-de-la-manufacture-de-trelaze\/la-seconde-manufacture-rue-jean-jaures\/img_0319-1\/\" class=\"wp-image-213335\"\/><\/figure><\/li><li class=\"blocks-gallery-item\"><figure><img src=\"https:\/\/manu-trelaze.com\/wp-content\/uploads\/2020\/09\/IMG_8985-1-1024x683.jpg\" alt=\"\" data-id=\"213336\" data-full-url=\"https:\/\/manu-trelaze.com\/wp-content\/uploads\/2020\/09\/IMG_8985-1-scaled.jpg\" data-link=\"https:\/\/manu-trelaze.com\/historique-de-la-manufacture-de-trelaze\/la-seconde-manufacture-rue-jean-jaures\/img_8985-1\/\" class=\"wp-image-213336\"\/><\/figure><\/li><\/ul><\/figure>\n\n\n\n<p><strong>Le ch\u00e2teau d\u2019eau<\/strong><br>En 1926, on confie \u00e0 l\u2019entrepreneur Le Bomin la construction du ch\u00e2teau d\u2019eau pour lutter contre les incendies. Il peut contenir jusqu\u2019\u00e0 500 M3.<\/p>\n\n\n\n<p><br><\/p>\n\n\n\n<figure class=\"wp-block-gallery columns-3 is-cropped\"><ul class=\"blocks-gallery-grid\"><li class=\"blocks-gallery-item\"><figure><img src=\"https:\/\/manu-trelaze.com\/wp-content\/uploads\/2020\/09\/18Ph2013-00148-1-760x1024.jpg\" alt=\"\" data-id=\"213214\" data-full-url=\"https:\/\/manu-trelaze.com\/wp-content\/uploads\/2020\/09\/18Ph2013-00148-1-scaled.jpg\" data-link=\"http:\/\/localhost:10069\/historique-de-la-manufacture-de-trelaze\/la-seconde-manufacture-rue-jean-jaures\/18ph2013-00148-1\/\" class=\"wp-image-213214\"\/><\/figure><\/li><li class=\"blocks-gallery-item\"><figure><img src=\"https:\/\/manu-trelaze.com\/wp-content\/uploads\/2020\/09\/IMG_0324-2-768x1024.jpg\" alt=\"\" data-id=\"213215\" data-full-url=\"http:\/\/localhost:10069\/wp-content\/uploads\/2020\/08\/IMG_0324-2-scaled.jpg\" data-link=\"http:\/\/localhost:10069\/historique-de-la-manufacture-de-trelaze\/la-seconde-manufacture-rue-jean-jaures\/img_0324-2\/\" class=\"wp-image-213215\"\/><\/figure><\/li><li class=\"blocks-gallery-item\"><figure><img src=\"https:\/\/manu-trelaze.com\/wp-content\/uploads\/2020\/09\/IMG_2131-1-1024x768.jpg\" alt=\"\" data-id=\"213217\" data-full-url=\"https:\/\/manu-trelaze.com\/wp-content\/uploads\/2020\/09\/IMG_2131-1-scaled.jpg\" data-link=\"http:\/\/localhost:10069\/historique-de-la-manufacture-de-trelaze\/la-seconde-manufacture-rue-jean-jaures\/img_2131-1\/\" class=\"wp-image-213217\"\/><\/figure><\/li><\/ul><\/figure>\n\n\n\n<p><strong>Les b\u00e2timents non industriels<\/strong><br>Entre 1926 et 1932, on construit les b\u00e2timents administratifs situ\u00e9s pr\u00e8s de la rue Jean Jaur\u00e8s : b\u00e2timents A et A3 accueillent des bureaux (loge du concierge, bureau de l\u2019ing\u00e9nieur en chef, salle du conseil\u2026), ainsi qu\u2019une salle d\u2019allaitement exig\u00e9e par l\u2019inspection du travail, il est vrai que de nombreuses femmes travaillent sur le site.<br><\/p>\n\n\n\n<figure class=\"wp-block-image size-large\"><img src=\"https:\/\/manu-trelaze.com\/wp-content\/uploads\/2020\/09\/18Ph2012-00477-1024x954.jpg\" alt=\"\" class=\"wp-image-213338\"\/><\/figure>\n\n\n\n<p><br>Les b\u00e2timents A1 et A2 abritent des logements pour les employ\u00e9s sup\u00e9rieurs, et le service m\u00e9dical. La maison du directeur avec ses deux \u00e9tages, domine le site de la manufacture et marque l\u2019entr\u00e9e du site.<\/p>\n\n\n\n<figure class=\"wp-block-gallery columns-3 is-cropped\"><ul class=\"blocks-gallery-grid\"><li class=\"blocks-gallery-item\"><figure><img src=\"https:\/\/manu-trelaze.com\/wp-content\/uploads\/2020\/09\/IMG_9006-1024x683.jpg\" alt=\"\" data-id=\"213339\" data-link=\"http:\/\/localhost:10069\/historique-de-la-manufacture-de-trelaze\/la-seconde-manufacture-rue-jean-jaures\/img_9006\/\" class=\"wp-image-213339\"\/><\/figure><\/li><li class=\"blocks-gallery-item\"><figure><img src=\"https:\/\/manu-trelaze.com\/wp-content\/uploads\/2020\/09\/IMG_9008-1024x683.jpg\" alt=\"\" data-id=\"213340\" data-link=\"http:\/\/localhost:10069\/historique-de-la-manufacture-de-trelaze\/la-seconde-manufacture-rue-jean-jaures\/img_9008\/\" class=\"wp-image-213340\"\/><\/figure><\/li><li class=\"blocks-gallery-item\"><figure><img src=\"https:\/\/manu-trelaze.com\/wp-content\/uploads\/2020\/09\/IMG_9014-1024x683.jpg\" alt=\"\" data-id=\"213341\" data-full-url=\"https:\/\/manu-trelaze.com\/wp-content\/uploads\/2020\/09\/IMG_9014-scaled.jpg\" data-link=\"http:\/\/localhost:10069\/historique-de-la-manufacture-de-trelaze\/la-seconde-manufacture-rue-jean-jaures\/img_9014\/\" class=\"wp-image-213341\"\/><\/figure><\/li><\/ul><\/figure>\n\n\n\n<p><br><\/p>\n\n\n\n<p><strong>Une architecture exceptionnelle et une gare pour favoriser le process industriel. <\/strong><br>La fabrication des allumettes est complexe, une ligne de chemin de fer et une gare sont construites pour acheminer les troncs de peuplier sur le site.<\/p>\n\n\n\n<p><br><\/p>\n\n\n\n<figure class=\"wp-block-gallery columns-3 is-cropped\"><ul class=\"blocks-gallery-grid\"><li class=\"blocks-gallery-item\"><figure><img src=\"https:\/\/manu-trelaze.com\/wp-content\/uploads\/2020\/09\/18Ph2012-00475-1-1024x487.jpg\" alt=\"\" data-id=\"213342\" data-link=\"http:\/\/localhost:10069\/historique-de-la-manufacture-de-trelaze\/la-seconde-manufacture-rue-jean-jaures\/18ph2012-00475-1\/\" class=\"wp-image-213342\"\/><\/figure><\/li><li class=\"blocks-gallery-item\"><figure><img src=\"https:\/\/manu-trelaze.com\/wp-content\/uploads\/2020\/09\/Copie-de-tr\u00e9laz\u00e9-gare-pyramide-6-Fi-4831-1.jpg\" alt=\"\" data-id=\"213343\" data-link=\"http:\/\/localhost:10069\/historique-de-la-manufacture-de-trelaze\/la-seconde-manufacture-rue-jean-jaures\/copie-de-trelaze-gare-pyramide-6-fi-4831-1\/\" class=\"wp-image-213343\"\/><\/figure><\/li><li class=\"blocks-gallery-item\"><figure><img src=\"https:\/\/manu-trelaze.com\/wp-content\/uploads\/2020\/09\/IMG_0325-1024x768.jpg\" alt=\"\" data-id=\"213344\" data-full-url=\"https:\/\/manu-trelaze.com\/wp-content\/uploads\/2020\/09\/IMG_0325-scaled.jpg\" data-link=\"http:\/\/localhost:10069\/historique-de-la-manufacture-de-trelaze\/la-seconde-manufacture-rue-jean-jaures\/img_0325\/\" class=\"wp-image-213344\"\/><\/figure><\/li><\/ul><\/figure>\n\n\n\n<p><\/p>\n\n\n\n<p><\/p>\n","protected":false},"excerpt":{"rendered":"<p>La manufacture de la rue Jean Jaur\u00e8s voit ainsi le jour dans les ann\u00e9es 1920. La nouvelle manufacture, dont les plans sont dress\u00e9s par des ing\u00e9nieurs de la Direction g\u00e9n\u00e9rale des Manufactures de l\u2019\u00c9tat, est d\u00e8s l\u2019origine con\u00e7ue pour pouvoir r\u00e9pondre \u00e0 un d\u00e9veloppement futur de sa production. Pour des questions \u00e9conomiques mais \u00e9galement pour [&hellip;]<\/p>\n","protected":false},"author":1,"featured_media":0,"parent":213138,"menu_order":0,"comment_status":"closed","ping_status":"closed","template":"","meta":{"_et_pb_use_builder":"off","_et_pb_old_content":"","_et_gb_content_width":""},"yoast_head":"<!-- This site is optimized with the Yoast SEO plugin v19.13 - https:\/\/yoast.com\/wordpress\/plugins\/seo\/ -->\n<title>La seconde manufacture rue Jean Jaur\u00e8s - Les Amis du Patrimoine Tr\u00e9laz\u00e9en<\/title>\n<meta name=\"robots\" content=\"index, follow, max-snippet:-1, max-image-preview:large, max-video-preview:-1\" \/>\n<link rel=\"canonical\" href=\"https:\/\/manu-trelaze.com\/index.php\/historique-de-la-manufacture-de-trelaze\/la-seconde-manufacture-rue-jean-jaures\/\" \/>\n<meta property=\"og:locale\" content=\"fr_FR\" \/>\n<meta property=\"og:type\" content=\"article\" \/>\n<meta property=\"og:title\" content=\"La seconde manufacture rue Jean Jaur\u00e8s - Les Amis du Patrimoine Tr\u00e9laz\u00e9en\" \/>\n<meta property=\"og:description\" content=\"La manufacture de la rue Jean Jaur\u00e8s voit ainsi le jour dans les ann\u00e9es 1920. La nouvelle manufacture, dont les plans sont dress\u00e9s par des ing\u00e9nieurs de la Direction g\u00e9n\u00e9rale des Manufactures de l\u2019\u00c9tat, est d\u00e8s l\u2019origine con\u00e7ue pour pouvoir r\u00e9pondre \u00e0 un d\u00e9veloppement futur de sa production. Pour des questions \u00e9conomiques mais \u00e9galement pour [&hellip;]\" \/>\n<meta property=\"og:url\" content=\"https:\/\/manu-trelaze.com\/index.php\/historique-de-la-manufacture-de-trelaze\/la-seconde-manufacture-rue-jean-jaures\/\" \/>\n<meta property=\"og:site_name\" content=\"Les Amis du Patrimoine Tr\u00e9laz\u00e9en\" \/>\n<meta property=\"article:modified_time\" content=\"2020-09-07T23:28:00+00:00\" \/>\n<meta property=\"og:image\" content=\"https:\/\/manu-trelaze.com\/wp-content\/uploads\/2020\/09\/si-Allumettes-JJ-1.jpg\" \/>\n<meta name=\"twitter:card\" content=\"summary_large_image\" \/>\n<meta name=\"twitter:label1\" content=\"Dur\u00e9e de lecture estim\u00e9e\" \/>\n\t<meta name=\"twitter:data1\" content=\"2 minutes\" \/>\n<script type=\"application\/ld+json\" class=\"yoast-schema-graph\">{\"@context\":\"https:\/\/schema.org\",\"@graph\":[{\"@type\":\"WebPage\",\"@id\":\"https:\/\/manu-trelaze.com\/index.php\/historique-de-la-manufacture-de-trelaze\/la-seconde-manufacture-rue-jean-jaures\/\",\"url\":\"https:\/\/manu-trelaze.com\/index.php\/historique-de-la-manufacture-de-trelaze\/la-seconde-manufacture-rue-jean-jaures\/\",\"name\":\"La seconde manufacture rue Jean Jaur\u00e8s - Les Amis du Patrimoine Tr\u00e9laz\u00e9en\",\"isPartOf\":{\"@id\":\"https:\/\/manu-trelaze.com\/#website\"},\"datePublished\":\"2020-08-28T13:03:28+00:00\",\"dateModified\":\"2020-09-07T23:28:00+00:00\",\"breadcrumb\":{\"@id\":\"https:\/\/manu-trelaze.com\/index.php\/historique-de-la-manufacture-de-trelaze\/la-seconde-manufacture-rue-jean-jaures\/#breadcrumb\"},\"inLanguage\":\"fr-FR\",\"potentialAction\":[{\"@type\":\"ReadAction\",\"target\":[\"https:\/\/manu-trelaze.com\/index.php\/historique-de-la-manufacture-de-trelaze\/la-seconde-manufacture-rue-jean-jaures\/\"]}]},{\"@type\":\"BreadcrumbList\",\"@id\":\"https:\/\/manu-trelaze.com\/index.php\/historique-de-la-manufacture-de-trelaze\/la-seconde-manufacture-rue-jean-jaures\/#breadcrumb\",\"itemListElement\":[{\"@type\":\"ListItem\",\"position\":1,\"name\":\"Accueil\",\"item\":\"https:\/\/manu-trelaze.com\/\"},{\"@type\":\"ListItem\",\"position\":2,\"name\":\"Historique de la Manufacture de Tr\u00e9laz\u00e9\",\"item\":\"https:\/\/manu-trelaze.com\/index.php\/historique-de-la-manufacture-de-trelaze\/\"},{\"@type\":\"ListItem\",\"position\":3,\"name\":\"La seconde manufacture rue Jean Jaur\u00e8s\"}]},{\"@type\":\"WebSite\",\"@id\":\"https:\/\/manu-trelaze.com\/#website\",\"url\":\"https:\/\/manu-trelaze.com\/\",\"name\":\"Les Amis du Patrimoine Tr\u00e9laz\u00e9en\",\"description\":\"Les Amis du Patrimoine Tr\u00e9laz\u00e9en\",\"potentialAction\":[{\"@type\":\"SearchAction\",\"target\":{\"@type\":\"EntryPoint\",\"urlTemplate\":\"https:\/\/manu-trelaze.com\/?s={search_term_string}\"},\"query-input\":\"required name=search_term_string\"}],\"inLanguage\":\"fr-FR\"}]}<\/script>\n<!-- \/ Yoast SEO plugin. -->","yoast_head_json":{"title":"La seconde manufacture rue Jean Jaur\u00e8s - Les Amis du Patrimoine Tr\u00e9laz\u00e9en","robots":{"index":"index","follow":"follow","max-snippet":"max-snippet:-1","max-image-preview":"max-image-preview:large","max-video-preview":"max-video-preview:-1"},"canonical":"https:\/\/manu-trelaze.com\/index.php\/historique-de-la-manufacture-de-trelaze\/la-seconde-manufacture-rue-jean-jaures\/","og_locale":"fr_FR","og_type":"article","og_title":"La seconde manufacture rue Jean Jaur\u00e8s - Les Amis du Patrimoine Tr\u00e9laz\u00e9en","og_description":"La manufacture de la rue Jean Jaur\u00e8s voit ainsi le jour dans les ann\u00e9es 1920. La nouvelle manufacture, dont les plans sont dress\u00e9s par des ing\u00e9nieurs de la Direction g\u00e9n\u00e9rale des Manufactures de l\u2019\u00c9tat, est d\u00e8s l\u2019origine con\u00e7ue pour pouvoir r\u00e9pondre \u00e0 un d\u00e9veloppement futur de sa production. Pour des questions \u00e9conomiques mais \u00e9galement pour [&hellip;]","og_url":"https:\/\/manu-trelaze.com\/index.php\/historique-de-la-manufacture-de-trelaze\/la-seconde-manufacture-rue-jean-jaures\/","og_site_name":"Les Amis du Patrimoine Tr\u00e9laz\u00e9en","article_modified_time":"2020-09-07T23:28:00+00:00","og_image":[{"url":"https:\/\/manu-trelaze.com\/wp-content\/uploads\/2020\/09\/si-Allumettes-JJ-1.jpg"}],"twitter_card":"summary_large_image","twitter_misc":{"Dur\u00e9e de lecture estim\u00e9e":"2 minutes"},"schema":{"@context":"https:\/\/schema.org","@graph":[{"@type":"WebPage","@id":"https:\/\/manu-trelaze.com\/index.php\/historique-de-la-manufacture-de-trelaze\/la-seconde-manufacture-rue-jean-jaures\/","url":"https:\/\/manu-trelaze.com\/index.php\/historique-de-la-manufacture-de-trelaze\/la-seconde-manufacture-rue-jean-jaures\/","name":"La seconde manufacture rue Jean Jaur\u00e8s - Les Amis du Patrimoine Tr\u00e9laz\u00e9en","isPartOf":{"@id":"https:\/\/manu-trelaze.com\/#website"},"datePublished":"2020-08-28T13:03:28+00:00","dateModified":"2020-09-07T23:28:00+00:00","breadcrumb":{"@id":"https:\/\/manu-trelaze.com\/index.php\/historique-de-la-manufacture-de-trelaze\/la-seconde-manufacture-rue-jean-jaures\/#breadcrumb"},"inLanguage":"fr-FR","potentialAction":[{"@type":"ReadAction","target":["https:\/\/manu-trelaze.com\/index.php\/historique-de-la-manufacture-de-trelaze\/la-seconde-manufacture-rue-jean-jaures\/"]}]},{"@type":"BreadcrumbList","@id":"https:\/\/manu-trelaze.com\/index.php\/historique-de-la-manufacture-de-trelaze\/la-seconde-manufacture-rue-jean-jaures\/#breadcrumb","itemListElement":[{"@type":"ListItem","position":1,"name":"Accueil","item":"https:\/\/manu-trelaze.com\/"},{"@type":"ListItem","position":2,"name":"Historique de la Manufacture de Tr\u00e9laz\u00e9","item":"https:\/\/manu-trelaze.com\/index.php\/historique-de-la-manufacture-de-trelaze\/"},{"@type":"ListItem","position":3,"name":"La seconde manufacture rue Jean Jaur\u00e8s"}]},{"@type":"WebSite","@id":"https:\/\/manu-trelaze.com\/#website","url":"https:\/\/manu-trelaze.com\/","name":"Les Amis du Patrimoine Tr\u00e9laz\u00e9en","description":"Les Amis du Patrimoine Tr\u00e9laz\u00e9en","potentialAction":[{"@type":"SearchAction","target":{"@type":"EntryPoint","urlTemplate":"https:\/\/manu-trelaze.com\/?s={search_term_string}"},"query-input":"required name=search_term_string"}],"inLanguage":"fr-FR"}]}},"_links":{"self":[{"href":"https:\/\/manu-trelaze.com\/index.php\/wp-json\/wp\/v2\/pages\/213141"}],"collection":[{"href":"https:\/\/manu-trelaze.com\/index.php\/wp-json\/wp\/v2\/pages"}],"about":[{"href":"https:\/\/manu-trelaze.com\/index.php\/wp-json\/wp\/v2\/types\/page"}],"author":[{"embeddable":true,"href":"https:\/\/manu-trelaze.com\/index.php\/wp-json\/wp\/v2\/users\/1"}],"replies":[{"embeddable":true,"href":"https:\/\/manu-trelaze.com\/index.php\/wp-json\/wp\/v2\/comments?post=213141"}],"version-history":[{"count":2,"href":"https:\/\/manu-trelaze.com\/index.php\/wp-json\/wp\/v2\/pages\/213141\/revisions"}],"predecessor-version":[{"id":213475,"href":"https:\/\/manu-trelaze.com\/index.php\/wp-json\/wp\/v2\/pages\/213141\/revisions\/213475"}],"up":[{"embeddable":true,"href":"https:\/\/manu-trelaze.com\/index.php\/wp-json\/wp\/v2\/pages\/213138"}],"wp:attachment":[{"href":"https:\/\/manu-trelaze.com\/index.php\/wp-json\/wp\/v2\/media?parent=213141"}],"curies":[{"name":"wp","href":"https:\/\/api.w.org\/{rel}","templated":true}]}}