{"id":213143,"date":"2020-08-28T13:04:36","date_gmt":"2020-08-28T13:04:36","guid":{"rendered":"http:\/\/localhost:10069\/?page_id=213143"},"modified":"2020-09-14T10:44:34","modified_gmt":"2020-09-14T08:44:34","slug":"de-la-guerre-du-feu-aux-allumettes","status":"publish","type":"page","link":"https:\/\/manu-trelaze.com\/index.php\/historique-de-la-manufacture-de-trelaze\/de-la-guerre-du-feu-aux-allumettes\/","title":{"rendered":"De la guerre du feu aux allumettes"},"content":{"rendered":"\n<p>La ma\u00eetrise du feu a \u00e9t\u00e9 le vecteur principal de l\u2019\u00e9mergence de l\u2019homo sapiens sur cette terre. Gr\u00e2ce \u00e0 cette ma\u00eetrise difficile, d\u2019une grotte ou d\u2019un continent \u00e0 l\u2019autre, l\u2019homme a pu acc\u00e9der, de milliers d\u2019ann\u00e9es en milliers d\u2019ann\u00e9es, \u00e0 la croissance, la s\u00e9curit\u00e9, la sant\u00e9 et surtout \u00e0 la culture\u00a0; sans lumi\u00e8re pas de Lascaux.<br>Le briquet \u00e0 amadou a \u00e9t\u00e9 un progr\u00e8s important dans cette ma\u00eetrise du feu la rendant plus facilement transportable qu\u2019avec des foyers portatifs de braises. Mais c\u2019est l\u2019invention de l\u2019allumette et sa fabrication industrielle qui allait tout changer \u00e0 l\u2019\u00e9chelle plan\u00e9taire. Cette invention r\u00e9cente date de la fin du XIXe si\u00e8cle et l\u2019industrialisation de la fabrication de<br>l\u2019allumette se fera en plusieurs \u00e9tapes\u00a0:<\/p>\n\n\n\n<p><strong>L\u2019invention<\/strong><br>L&rsquo;allumette moderne a \u00e9t\u00e9 invent\u00e9e en 1805 par Jean-Joseph-Louis Chancel \u00e0 Paris. Le m\u00e9lange inflammable contenait du chlorate de potassium, du soufre, du sucre et du caoutchouc. Il s&rsquo;enflammait lorsqu&rsquo;il \u00e9tait plong\u00e9 dans un petit flacon d&rsquo;amiante rempli d&rsquo;acide sulfurique concentr\u00e9. Cette sorte d&rsquo;allumette, on\u00e9reuse et dangereuse, ne rencontra pas un grand succ\u00e8s <\/p>\n\n\n\n<p>La premi\u00e8re allumette inflammable par friction est l&rsquo;invention du chimiste anglais John Walker en 1826. Il reprit des travaux infructueux men\u00e9s par Robert Boyle, en 1680, sur l&rsquo;utilisation du phosphore et du soufre. Plusieurs inventeurs se succ\u00e8dent pour modifier la composition chimique et \u00e9viter les risques d\u2019explosion et de maladies provoqu\u00e9s, notamment, par le phosphore blanc tr\u00e8s nocif.<\/p>\n\n\n\n<p><strong>Le stade artisanal<\/strong><br>Un proc\u00e9d\u00e9 su\u00e9dois \u00ab\u00a0l\u2019allumette de s\u00fbret\u00e9\u00a0\u00bb permet \u00e0 de tr\u00e8s nombreux artisans ou petits industriels de se lancer dans la production d\u2019allumettes avec de nombreux accidents. A Tr\u00e9laz\u00e9 on a gard\u00e9 la m\u00e9moire d\u2019un mineur du hameau des \u00ab\u00a0Favereaux\u00a0\u00bb qui arrondissait ses fins de mois en produisant des allumettes. Mais ce sont surtout les fr\u00e8res Lebatteux qui s\u2019installant dans des murs de b\u00e2timents des ardoisi\u00e8res au lieu-dit de l\u2019Union, \u00e0 la Maraich\u00e8re, se lancent dans la premi\u00e8re exploitation de caract\u00e8re industriel.<\/p>\n\n\n\n<p><strong>Le monopole national<\/strong><br>En France, la taxe sur les allumettes mise en place par une loi de 1871, qui devait am\u00e9liorer les finances publiques nationales \u00e9prouv\u00e9es par la guerre franco-prussienne de 1870, s&rsquo;\u00e9tant av\u00e9r\u00e9e d&rsquo;un rendement trop faible, la fabrication et l&rsquo;importation des allumettes ont \u00e9t\u00e9 d\u00e9clar\u00e9es monopole de l&rsquo;\u00c9tat par la loi du 2 ao\u00fbt 1872. D&rsquo;un tissu artisanal, le secteur est donc rapidement pass\u00e9 \u00e0 une organisation industrielle unitaire, le monopole \u00e9tant afferm\u00e9 \u00e0 la Soci\u00e9t\u00e9 G\u00e9n\u00e9rale des Allumettes Chimiques. En 1935, il est pris en charge par le Service d&rsquo;exploitation industrielle des tabacs et des allumettes, qui devient en 1980 une soci\u00e9t\u00e9 anonyme, la SEITA, privatis\u00e9e en 1995, aujourd&rsquo;hui fusionn\u00e9e dans ALTADIS.<\/p>\n\n\n\n<p><br><br><\/p>\n\n\n\n<figure class=\"wp-block-gallery columns-0 is-cropped\"><ul class=\"blocks-gallery-grid\"><\/ul><\/figure>\n\n\n\n<p>La fabrication des allumettes en France a pendant plus d\u2019un si\u00e8cle \u00e9t\u00e9 r\u00e9alis\u00e9e dans une petite dizaine de manufactures. La derni\u00e8re usine fran\u00e7aise de Saintines dans l&rsquo;Oise a ferm\u00e9 en 1993, elle fabriquait environ 15 milliards d&rsquo;allumettes sur les 22 milliards consomm\u00e9es en France et utilisait alors 8400 m3 de bois de peuplier. Depuis la consommation chute de 2 \u00e0 4% par an, concurrenc\u00e9e par les allume-gaz et les briquets. Aujourd\u2019hui la fabrication des allumettes vendues en France se fait principalement en Espagne. Le diaporama ci-dessous reprend les grandes \u00e9tapes de l\u2019histoire de la Manu et de la fabrication des allumettes. On ira avec profit sur le site num\u00e9rique de la ville pour avoir les t\u00e9moignages des anciens ouvriers.<\/p>\n\n\n\n<p><a href=\"https:\/\/www.trelaze.fr\/musee-numerique\/\" target=\"_blank\" rel=\"noreferrer noopener\">Le Site du Mus\u00e9e num\u00e9rique<\/a><\/p>\n\n\n\n<div class=\"wp-block-file\"><a href=\"https:\/\/manu-trelaze.com\/wp-content\/uploads\/2020\/09\/ALLUMETTES_histoire-de-la-Manu.pdf\">ALLUMETTES_histoire-de-la-Manu<\/a><a href=\"https:\/\/manu-trelaze.com\/wp-content\/uploads\/2020\/09\/ALLUMETTES_histoire-de-la-Manu.pdf\" class=\"wp-block-file__button\" download>T\u00e9l\u00e9charger<\/a><\/div>\n\n\n\n<p><\/p>\n\n\n\n<p><\/p>\n\n\n\n<p class=\"has-medium-font-size\"><strong>LA FABRICATION DES ALLUMETTES<\/strong><\/p>\n\n\n\n<p><br>La fabrication des allumettes, longtemps effectu\u00e9e manuellement, s\u2019est progressivement automatis\u00e9e. Elle comprenait plusieurs s\u00e9ries d\u2019op\u00e9rations&nbsp;:<\/p>\n\n\n\n<p><br><strong>La fabrication des tiges<\/strong><br>Les troncs de peupliers sont achemin\u00e9s sur le chantier \u00e0 bois. Les billots \u00e9corc\u00e9s sont d\u00e9roul\u00e9s en minces feuilles de l\u2019\u00e9paisseur d\u2019une tige. Ces feuilles passent alors dans un hachoir qui taille les tiges \u00e0 la largeur et \u00e0 la longueur souhait\u00e9es. Pendant une trentaine de minutes, les tiges sont ensuite plac\u00e9es dans des s\u00e9choirs, avant d\u2019\u00eatre orient\u00e9es vers un \u00ab&nbsp;blutoir&nbsp;\u00bb qui lisse les tiges rugueuses.<br><\/p>\n\n\n\n<p><strong>La pr\u00e9paration de la pate<\/strong><br>La p\u00e2te constitue le bouton, t\u00eate inflammable de l\u2019allumette. Il s\u2019agit d\u2019un m\u00e9lange compos\u00e9 principalement de chlorate de potasse, combustible le plus actif, de colle g\u00e9latine, de verre en poudre et de souffre.<br><\/p>\n\n\n\n<p><strong>La confection de l\u2019allumette<\/strong><br>Les op\u00e9rations de pose et de s\u00e9chage du bouton sur les tiges sont r\u00e9alis\u00e9es par \u00abune machine continue \u00e0 chimiquer\u00bb. Les tiges sont plant\u00e9es debout sur un tapis m\u00e9tallique. Leur extr\u00e9mit\u00e9 est d\u2019abord tremp\u00e9e dans de la paraffine liquide pour assurer la transmission de la flamme au bois, puis apr\u00e8s refroidissement, plong\u00e9e quelques secondes dans la p\u00e2te. Apr\u00e8s s\u00e9chage, le bouton a durci et l\u2019allumette est termin\u00e9e.<\/p>\n\n\n\n<p><strong>La fabrication des bo\u00eetes<\/strong><br>Jusque dans les ann\u00e9es 1970, les bo\u00eetes d\u2019allumettes \u00e9taient en bois de peuplier, form\u00e9es d\u2019un \u00abtiroir\u00bb, le conteneur et d\u2019une \u00abcoulisse\u00bb, ext\u00e9rieur de la bo\u00eete supportant le frottoir. Apr\u00e8s leur pliage et leur \u00e9tiquetage, les bo\u00eetes sont remplies d\u2019allumettes lors de l\u2019embo\u00eetage. Les boites d\u2019allumettes sont agr\u00e9ment\u00e9es d\u2019images plus ou moins \u00e9labor\u00e9es qui en font parfois des pi\u00e8ces de collection.<\/p>\n\n\n\n<p><strong>Confection et pose du frottoir<\/strong><br>Fabriqu\u00e9e en laboratoire, la p\u00e2te pour frottoir ou \u00abgratin\u00bb est un soigneux m\u00e9lange de phosphore rouge, de charbon, de verre en poudre et de colle. Elle est appos\u00e9e sur un ou deux c\u00f4t\u00e9s de la bo\u00eete par une gratineuse pour constituer le frottoir. Pass\u00e9es ensuite dans un tunnel s\u00e9cheur, les bo\u00eetes sont pr\u00eates \u00e0 l\u2019exp\u00e9dition. Les diaporamas suivants reprennent avec photos ses diff\u00e9rentes \u00e9tapes diaporama allumettes<\/p>\n\n\n\n<p><strong>Les collections de bo\u00eetes d\u2019allumettes<\/strong><br>Les anciens salari\u00e9s ont parfois conserv\u00e9 des bo\u00eetes d\u2019allumettes produites au fil des ans par la Manu.<\/p>\n\n\n\n<p>Certaines boites sont exceptionnelles comme celles de grand format, dor\u00e9es \u00e0 l\u2019or fin, produites sous Giscard d\u2019Estaing pour \u00eatre offertes aux h\u00f4tes de marque de la France. La collection de Guy Thareau m\u00e9rite d\u2019\u00eatre regard\u00e9e telle qu\u2019elle est r\u00e9guli\u00e8rement pr\u00e9sent\u00e9e aux journ\u00e9es du patrimoine.<\/p>\n\n\n\n<p><br><\/p>\n\n\n\n<div class=\"wp-block-file\"><a href=\"https:\/\/manu-trelaze.com\/wp-content\/uploads\/2020\/09\/collection-boites-allumettes.pdf\">collection-boites-allumettes<\/a><a href=\"https:\/\/manu-trelaze.com\/wp-content\/uploads\/2020\/09\/collection-boites-allumettes.pdf\" class=\"wp-block-file__button\" download>T\u00e9l\u00e9charger<\/a><\/div>\n\n\n\n<p><\/p>\n","protected":false},"excerpt":{"rendered":"<p>La ma\u00eetrise du feu a \u00e9t\u00e9 le vecteur principal de l\u2019\u00e9mergence de l\u2019homo sapiens sur cette terre. Gr\u00e2ce \u00e0 cette ma\u00eetrise difficile, d\u2019une grotte ou d\u2019un continent \u00e0 l\u2019autre, l\u2019homme a pu acc\u00e9der, de milliers d\u2019ann\u00e9es en milliers d\u2019ann\u00e9es, \u00e0 la croissance, la s\u00e9curit\u00e9, la sant\u00e9 et surtout \u00e0 la culture\u00a0; sans lumi\u00e8re pas de [&hellip;]<\/p>\n","protected":false},"author":1,"featured_media":0,"parent":213138,"menu_order":0,"comment_status":"closed","ping_status":"closed","template":"","meta":{"_et_pb_use_builder":"off","_et_pb_old_content":"","_et_gb_content_width":""},"yoast_head":"<!-- This site is optimized with the Yoast SEO plugin v19.13 - https:\/\/yoast.com\/wordpress\/plugins\/seo\/ -->\n<title>De la guerre du feu aux allumettes - Les Amis du Patrimoine Tr\u00e9laz\u00e9en<\/title>\n<meta name=\"robots\" content=\"index, follow, max-snippet:-1, max-image-preview:large, max-video-preview:-1\" \/>\n<link rel=\"canonical\" href=\"https:\/\/manu-trelaze.com\/index.php\/historique-de-la-manufacture-de-trelaze\/de-la-guerre-du-feu-aux-allumettes\/\" \/>\n<meta property=\"og:locale\" content=\"fr_FR\" \/>\n<meta property=\"og:type\" content=\"article\" \/>\n<meta property=\"og:title\" content=\"De la guerre du feu aux allumettes - Les Amis du Patrimoine Tr\u00e9laz\u00e9en\" \/>\n<meta property=\"og:description\" content=\"La ma\u00eetrise du feu a \u00e9t\u00e9 le vecteur principal de l\u2019\u00e9mergence de l\u2019homo sapiens sur cette terre. Gr\u00e2ce \u00e0 cette ma\u00eetrise difficile, d\u2019une grotte ou d\u2019un continent \u00e0 l\u2019autre, l\u2019homme a pu acc\u00e9der, de milliers d\u2019ann\u00e9es en milliers d\u2019ann\u00e9es, \u00e0 la croissance, la s\u00e9curit\u00e9, la sant\u00e9 et surtout \u00e0 la culture\u00a0; sans lumi\u00e8re pas de [&hellip;]\" \/>\n<meta property=\"og:url\" content=\"https:\/\/manu-trelaze.com\/index.php\/historique-de-la-manufacture-de-trelaze\/de-la-guerre-du-feu-aux-allumettes\/\" \/>\n<meta property=\"og:site_name\" content=\"Les Amis du Patrimoine Tr\u00e9laz\u00e9en\" \/>\n<meta property=\"article:modified_time\" content=\"2020-09-14T08:44:34+00:00\" \/>\n<meta name=\"twitter:card\" content=\"summary_large_image\" \/>\n<meta name=\"twitter:label1\" content=\"Dur\u00e9e de lecture estim\u00e9e\" \/>\n\t<meta name=\"twitter:data1\" content=\"5 minutes\" \/>\n<script type=\"application\/ld+json\" class=\"yoast-schema-graph\">{\"@context\":\"https:\/\/schema.org\",\"@graph\":[{\"@type\":\"WebPage\",\"@id\":\"https:\/\/manu-trelaze.com\/index.php\/historique-de-la-manufacture-de-trelaze\/de-la-guerre-du-feu-aux-allumettes\/\",\"url\":\"https:\/\/manu-trelaze.com\/index.php\/historique-de-la-manufacture-de-trelaze\/de-la-guerre-du-feu-aux-allumettes\/\",\"name\":\"De la guerre du feu aux allumettes - Les Amis du Patrimoine Tr\u00e9laz\u00e9en\",\"isPartOf\":{\"@id\":\"https:\/\/manu-trelaze.com\/#website\"},\"datePublished\":\"2020-08-28T13:04:36+00:00\",\"dateModified\":\"2020-09-14T08:44:34+00:00\",\"breadcrumb\":{\"@id\":\"https:\/\/manu-trelaze.com\/index.php\/historique-de-la-manufacture-de-trelaze\/de-la-guerre-du-feu-aux-allumettes\/#breadcrumb\"},\"inLanguage\":\"fr-FR\",\"potentialAction\":[{\"@type\":\"ReadAction\",\"target\":[\"https:\/\/manu-trelaze.com\/index.php\/historique-de-la-manufacture-de-trelaze\/de-la-guerre-du-feu-aux-allumettes\/\"]}]},{\"@type\":\"BreadcrumbList\",\"@id\":\"https:\/\/manu-trelaze.com\/index.php\/historique-de-la-manufacture-de-trelaze\/de-la-guerre-du-feu-aux-allumettes\/#breadcrumb\",\"itemListElement\":[{\"@type\":\"ListItem\",\"position\":1,\"name\":\"Accueil\",\"item\":\"https:\/\/manu-trelaze.com\/\"},{\"@type\":\"ListItem\",\"position\":2,\"name\":\"Historique de la Manufacture de Tr\u00e9laz\u00e9\",\"item\":\"https:\/\/manu-trelaze.com\/index.php\/historique-de-la-manufacture-de-trelaze\/\"},{\"@type\":\"ListItem\",\"position\":3,\"name\":\"De la guerre du feu aux allumettes\"}]},{\"@type\":\"WebSite\",\"@id\":\"https:\/\/manu-trelaze.com\/#website\",\"url\":\"https:\/\/manu-trelaze.com\/\",\"name\":\"Les Amis du Patrimoine Tr\u00e9laz\u00e9en\",\"description\":\"Les Amis du Patrimoine Tr\u00e9laz\u00e9en\",\"potentialAction\":[{\"@type\":\"SearchAction\",\"target\":{\"@type\":\"EntryPoint\",\"urlTemplate\":\"https:\/\/manu-trelaze.com\/?s={search_term_string}\"},\"query-input\":\"required name=search_term_string\"}],\"inLanguage\":\"fr-FR\"}]}<\/script>\n<!-- \/ Yoast SEO plugin. -->","yoast_head_json":{"title":"De la guerre du feu aux allumettes - Les Amis du Patrimoine Tr\u00e9laz\u00e9en","robots":{"index":"index","follow":"follow","max-snippet":"max-snippet:-1","max-image-preview":"max-image-preview:large","max-video-preview":"max-video-preview:-1"},"canonical":"https:\/\/manu-trelaze.com\/index.php\/historique-de-la-manufacture-de-trelaze\/de-la-guerre-du-feu-aux-allumettes\/","og_locale":"fr_FR","og_type":"article","og_title":"De la guerre du feu aux allumettes - Les Amis du Patrimoine Tr\u00e9laz\u00e9en","og_description":"La ma\u00eetrise du feu a \u00e9t\u00e9 le vecteur principal de l\u2019\u00e9mergence de l\u2019homo sapiens sur cette terre. Gr\u00e2ce \u00e0 cette ma\u00eetrise difficile, d\u2019une grotte ou d\u2019un continent \u00e0 l\u2019autre, l\u2019homme a pu acc\u00e9der, de milliers d\u2019ann\u00e9es en milliers d\u2019ann\u00e9es, \u00e0 la croissance, la s\u00e9curit\u00e9, la sant\u00e9 et surtout \u00e0 la culture\u00a0; sans lumi\u00e8re pas de [&hellip;]","og_url":"https:\/\/manu-trelaze.com\/index.php\/historique-de-la-manufacture-de-trelaze\/de-la-guerre-du-feu-aux-allumettes\/","og_site_name":"Les Amis du Patrimoine Tr\u00e9laz\u00e9en","article_modified_time":"2020-09-14T08:44:34+00:00","twitter_card":"summary_large_image","twitter_misc":{"Dur\u00e9e de lecture estim\u00e9e":"5 minutes"},"schema":{"@context":"https:\/\/schema.org","@graph":[{"@type":"WebPage","@id":"https:\/\/manu-trelaze.com\/index.php\/historique-de-la-manufacture-de-trelaze\/de-la-guerre-du-feu-aux-allumettes\/","url":"https:\/\/manu-trelaze.com\/index.php\/historique-de-la-manufacture-de-trelaze\/de-la-guerre-du-feu-aux-allumettes\/","name":"De la guerre du feu aux allumettes - Les Amis du Patrimoine Tr\u00e9laz\u00e9en","isPartOf":{"@id":"https:\/\/manu-trelaze.com\/#website"},"datePublished":"2020-08-28T13:04:36+00:00","dateModified":"2020-09-14T08:44:34+00:00","breadcrumb":{"@id":"https:\/\/manu-trelaze.com\/index.php\/historique-de-la-manufacture-de-trelaze\/de-la-guerre-du-feu-aux-allumettes\/#breadcrumb"},"inLanguage":"fr-FR","potentialAction":[{"@type":"ReadAction","target":["https:\/\/manu-trelaze.com\/index.php\/historique-de-la-manufacture-de-trelaze\/de-la-guerre-du-feu-aux-allumettes\/"]}]},{"@type":"BreadcrumbList","@id":"https:\/\/manu-trelaze.com\/index.php\/historique-de-la-manufacture-de-trelaze\/de-la-guerre-du-feu-aux-allumettes\/#breadcrumb","itemListElement":[{"@type":"ListItem","position":1,"name":"Accueil","item":"https:\/\/manu-trelaze.com\/"},{"@type":"ListItem","position":2,"name":"Historique de la Manufacture de Tr\u00e9laz\u00e9","item":"https:\/\/manu-trelaze.com\/index.php\/historique-de-la-manufacture-de-trelaze\/"},{"@type":"ListItem","position":3,"name":"De la guerre du feu aux allumettes"}]},{"@type":"WebSite","@id":"https:\/\/manu-trelaze.com\/#website","url":"https:\/\/manu-trelaze.com\/","name":"Les Amis du Patrimoine Tr\u00e9laz\u00e9en","description":"Les Amis du Patrimoine Tr\u00e9laz\u00e9en","potentialAction":[{"@type":"SearchAction","target":{"@type":"EntryPoint","urlTemplate":"https:\/\/manu-trelaze.com\/?s={search_term_string}"},"query-input":"required name=search_term_string"}],"inLanguage":"fr-FR"}]}},"_links":{"self":[{"href":"https:\/\/manu-trelaze.com\/index.php\/wp-json\/wp\/v2\/pages\/213143"}],"collection":[{"href":"https:\/\/manu-trelaze.com\/index.php\/wp-json\/wp\/v2\/pages"}],"about":[{"href":"https:\/\/manu-trelaze.com\/index.php\/wp-json\/wp\/v2\/types\/page"}],"author":[{"embeddable":true,"href":"https:\/\/manu-trelaze.com\/index.php\/wp-json\/wp\/v2\/users\/1"}],"replies":[{"embeddable":true,"href":"https:\/\/manu-trelaze.com\/index.php\/wp-json\/wp\/v2\/comments?post=213143"}],"version-history":[{"count":3,"href":"https:\/\/manu-trelaze.com\/index.php\/wp-json\/wp\/v2\/pages\/213143\/revisions"}],"predecessor-version":[{"id":213530,"href":"https:\/\/manu-trelaze.com\/index.php\/wp-json\/wp\/v2\/pages\/213143\/revisions\/213530"}],"up":[{"embeddable":true,"href":"https:\/\/manu-trelaze.com\/index.php\/wp-json\/wp\/v2\/pages\/213138"}],"wp:attachment":[{"href":"https:\/\/manu-trelaze.com\/index.php\/wp-json\/wp\/v2\/media?parent=213143"}],"curies":[{"name":"wp","href":"https:\/\/api.w.org\/{rel}","templated":true}]}}