{"id":213149,"date":"2020-08-28T13:09:34","date_gmt":"2020-08-28T13:09:34","guid":{"rendered":"http:\/\/localhost:10069\/?page_id=213149"},"modified":"2020-09-14T10:46:28","modified_gmt":"2020-09-14T08:46:28","slug":"les-premieres-etudes-rue-jaures","status":"publish","type":"page","link":"https:\/\/manu-trelaze.com\/index.php\/le-projet-urbain\/les-premieres-etudes-rue-jaures\/","title":{"rendered":"Les premi\u00e8res \u00e9tudes (Rue Jaur\u00e8s)"},"content":{"rendered":"\n<p><strong>Un environnement urbain Tr\u00e9laz\u00e9en qui \u00e9volue<\/strong><br>Depuis la fermeture de la Manu en 1981 les quartiers proches des Allumettes ont profond\u00e9ment \u00e9volu\u00e9. En effet si la cit\u00e9 jardin des Telli\u00e8res limitrophe a peu chang\u00e9, d\u2019autres structures urbaines ont fait l\u2019objet de refontes importantes.<\/p>\n\n\n\n<p>La rue Pasteur a \u00e9t\u00e9 repens\u00e9e dans les ann\u00e9es 1990 sous la municipalit\u00e9 communiste de Jean Berthollet pour tenter de casser son caract\u00e8re lin\u00e9aire de faubourg d\u2019Angers.<\/p>\n\n\n\n<p>Le quartier des Plaines a fait l\u2019objet d\u2019une grande r\u00e9novation urbaine men\u00e9e par l\u2019\u00e9quipe socialiste de Marc Goua avec la cr\u00e9ation de l\u2019avenue Mendes France dans les ann\u00e9es 2010.<\/p>\n\n\n\n<p>L\u2019ancienne voie ferr\u00e9e est devenue un axe pi\u00e9ton et vert qui relie l\u2019une des entr\u00e9es de Tr\u00e9laz\u00e9 a la Manu et se poursuit jusqu\u2019aux Pont de C\u00e9. A la fronti\u00e8re strat\u00e9gique des trois communes d\u2019Angers, des Pont de C\u00e9 et bien s\u00fbr de Tr\u00e9laz\u00e9 le site de la Manu est pr\u00eat pour une reconversion.<\/p>\n\n\n\n<figure class=\"wp-block-image size-large\"><img src=\"https:\/\/manu-trelaze.com\/wp-content\/uploads\/2020\/09\/plan-de-situation-1024x779.jpg\" alt=\"\" class=\"wp-image-213250\"\/><\/figure>\n\n\n\n<p><strong>Une manufacture sauv\u00e9e de la destruction<\/strong><br>Pendant pr\u00e8s de 20 ans les b\u00e2timents de la Manufacture sont occup\u00e9s \u00e0 usage d\u2019entrep\u00f4ts, d\u2019activit\u00e9s artisanales ou artistiques. Le propri\u00e9taire des lieux n\u2019entretient pas son patrimoine qui devient progressivement une friche industrielle dont on d\u00e9truit les \u00e9l\u00e9ments les plus dangereux dont les deux grandes chemin\u00e9es et la citerne du ch\u00e2teau d\u2019eau. C\u2019est ensuite la destruction programm\u00e9e de l\u2019ensemble des halles qui provoque la mobilisation des associations qui parviennent de haute lutte \u00e0 en sauver la moiti\u00e9.<\/p>\n\n\n\n<p><br><\/p>\n\n\n\n<figure class=\"wp-block-gallery columns-2 is-cropped\"><ul class=\"blocks-gallery-grid\"><li class=\"blocks-gallery-item\"><figure><img src=\"https:\/\/manu-trelaze.com\/wp-content\/uploads\/2020\/09\/assemblage-ortho-Trelaze-NB-very-light.jpg\" alt=\"\" data-id=\"213251\" data-link=\"http:\/\/localhost:10069\/le-projet-urbain\/les-premieres-etudes-rue-jaures\/assemblage-ortho-trelaze-nb-very-light\/\" class=\"wp-image-213251\"\/><\/figure><\/li><li class=\"blocks-gallery-item\"><figure><img src=\"https:\/\/manu-trelaze.com\/wp-content\/uploads\/2020\/09\/Photo-a\u00e9rienne-du-site-en-2007-3.jpg\" alt=\"\" data-id=\"213252\" data-full-url=\"http:\/\/localhost:10069\/wp-content\/uploads\/2020\/08\/Photo-a\u00e9rienne-du-site-en-2007-3.jpg\" data-link=\"http:\/\/localhost:10069\/le-projet-urbain\/les-premieres-etudes-rue-jaures\/photo-aerienne-du-site-en-2007-3\/\" class=\"wp-image-213252\"\/><\/figure><\/li><\/ul><\/figure>\n\n\n\n<p><strong>Pour assurer la sauvegarde du site un protocole est sign\u00e9 entre la ville et le Toit Angevin.<\/strong><br><\/p>\n\n\n\n<div class=\"wp-block-file\"><a href=\"https:\/\/manu-trelaze.com\/wp-content\/uploads\/2020\/09\/Protocole-Allumettes-entre-Etat-et-TA.pdf\">Protocole-Allumettes-entre-Etat-et-TA<\/a><a href=\"https:\/\/manu-trelaze.com\/wp-content\/uploads\/2020\/09\/Protocole-Allumettes-entre-Etat-et-TA.pdf\" class=\"wp-block-file__button\" download>T\u00e9l\u00e9charger<\/a><\/div>\n\n\n\n<div class=\"wp-block-file\"><a href=\"https:\/\/manu-trelaze.com\/wp-content\/uploads\/2020\/09\/Protocole-Allumettes-entre-Etat-et-TA_lettre-du-pr\u00e9fet.pdf\">Protocole-Allumettes-entre-Etat-et-TA_lettre-du-pr\u00e9fet<\/a><a href=\"https:\/\/manu-trelaze.com\/wp-content\/uploads\/2020\/09\/Protocole-Allumettes-entre-Etat-et-TA_lettre-du-pr\u00e9fet.pdf\" class=\"wp-block-file__button\" download>T\u00e9l\u00e9charger<\/a><\/div>\n\n\n\n<p><strong>Les \u00e9tudes de la Fabrique Urbaine<\/strong><br>Apr\u00e8s avoir acquis le site en 2007 le Toit angevin lance un appel d\u2019offres pour rechercher un ma\u00eetre d\u2019\u0153uvre de conception. C\u2019est la Fabrique urbaine (Paris), associ\u00e9e \u00e0 Lalo Architecte, qui est choisie en 2012 suite \u00e0 une note d\u2019intentions \u00e9tablie par Forma6 en 2011. Il est propos\u00e9 un plan directeur rigoureux approuv\u00e9 par la collectivit\u00e9, les associations et la DRAC. Ce projet s\u2019articule autour de quelques<br>grands principes&nbsp;:<\/p>\n\n\n\n<ul><li>R\u00e9novation des b\u00e2timents non encore d\u00e9truits<\/li><li>V\u00e9g\u00e9talisation du site<\/li><li>Irrigation du site par des axes structurants<br>DOC Fabrique urbaine<br>Dans l\u2019intervalle, le Toit Angevin, bailleur social, devient la soci\u00e9t\u00e9 Podeliha qui va<br>faire de la r\u00e9novation de la Manu sa premi\u00e8re grande op\u00e9ration d\u2019am\u00e9nagement<br>urbain. Le permis d\u2019am\u00e9nager est d\u00e9pos\u00e9 en 2014.<\/li><\/ul>\n","protected":false},"excerpt":{"rendered":"<p>Un environnement urbain Tr\u00e9laz\u00e9en qui \u00e9volueDepuis la fermeture de la Manu en 1981 les quartiers proches des Allumettes ont profond\u00e9ment \u00e9volu\u00e9. En effet si la cit\u00e9 jardin des Telli\u00e8res limitrophe a peu chang\u00e9, d\u2019autres structures urbaines ont fait l\u2019objet de refontes importantes. La rue Pasteur a \u00e9t\u00e9 repens\u00e9e dans les ann\u00e9es 1990 sous la municipalit\u00e9 [&hellip;]<\/p>\n","protected":false},"author":1,"featured_media":0,"parent":213147,"menu_order":0,"comment_status":"closed","ping_status":"closed","template":"","meta":{"_et_pb_use_builder":"off","_et_pb_old_content":"","_et_gb_content_width":""},"yoast_head":"<!-- This site is optimized with the Yoast SEO plugin v19.13 - https:\/\/yoast.com\/wordpress\/plugins\/seo\/ -->\n<title>Les premi\u00e8res \u00e9tudes (Rue Jaur\u00e8s) - Les Amis du Patrimoine Tr\u00e9laz\u00e9en<\/title>\n<meta name=\"robots\" content=\"index, follow, max-snippet:-1, max-image-preview:large, max-video-preview:-1\" \/>\n<link rel=\"canonical\" href=\"https:\/\/manu-trelaze.com\/index.php\/le-projet-urbain\/les-premieres-etudes-rue-jaures\/\" \/>\n<meta property=\"og:locale\" content=\"fr_FR\" \/>\n<meta property=\"og:type\" content=\"article\" \/>\n<meta property=\"og:title\" content=\"Les premi\u00e8res \u00e9tudes (Rue Jaur\u00e8s) - Les Amis du Patrimoine Tr\u00e9laz\u00e9en\" \/>\n<meta property=\"og:description\" content=\"Un environnement urbain Tr\u00e9laz\u00e9en qui \u00e9volueDepuis la fermeture de la Manu en 1981 les quartiers proches des Allumettes ont profond\u00e9ment \u00e9volu\u00e9. En effet si la cit\u00e9 jardin des Telli\u00e8res limitrophe a peu chang\u00e9, d\u2019autres structures urbaines ont fait l\u2019objet de refontes importantes. La rue Pasteur a \u00e9t\u00e9 repens\u00e9e dans les ann\u00e9es 1990 sous la municipalit\u00e9 [&hellip;]\" \/>\n<meta property=\"og:url\" content=\"https:\/\/manu-trelaze.com\/index.php\/le-projet-urbain\/les-premieres-etudes-rue-jaures\/\" \/>\n<meta property=\"og:site_name\" content=\"Les Amis du Patrimoine Tr\u00e9laz\u00e9en\" \/>\n<meta property=\"article:modified_time\" content=\"2020-09-14T08:46:28+00:00\" \/>\n<meta property=\"og:image\" content=\"https:\/\/manu-trelaze.com\/wp-content\/uploads\/2020\/09\/plan-de-situation-1024x779.jpg\" \/>\n<meta name=\"twitter:card\" content=\"summary_large_image\" \/>\n<meta name=\"twitter:label1\" content=\"Dur\u00e9e de lecture estim\u00e9e\" \/>\n\t<meta name=\"twitter:data1\" content=\"2 minutes\" \/>\n<script type=\"application\/ld+json\" class=\"yoast-schema-graph\">{\"@context\":\"https:\/\/schema.org\",\"@graph\":[{\"@type\":\"WebPage\",\"@id\":\"https:\/\/manu-trelaze.com\/index.php\/le-projet-urbain\/les-premieres-etudes-rue-jaures\/\",\"url\":\"https:\/\/manu-trelaze.com\/index.php\/le-projet-urbain\/les-premieres-etudes-rue-jaures\/\",\"name\":\"Les premi\u00e8res \u00e9tudes (Rue Jaur\u00e8s) - Les Amis du Patrimoine Tr\u00e9laz\u00e9en\",\"isPartOf\":{\"@id\":\"https:\/\/manu-trelaze.com\/#website\"},\"datePublished\":\"2020-08-28T13:09:34+00:00\",\"dateModified\":\"2020-09-14T08:46:28+00:00\",\"breadcrumb\":{\"@id\":\"https:\/\/manu-trelaze.com\/index.php\/le-projet-urbain\/les-premieres-etudes-rue-jaures\/#breadcrumb\"},\"inLanguage\":\"fr-FR\",\"potentialAction\":[{\"@type\":\"ReadAction\",\"target\":[\"https:\/\/manu-trelaze.com\/index.php\/le-projet-urbain\/les-premieres-etudes-rue-jaures\/\"]}]},{\"@type\":\"BreadcrumbList\",\"@id\":\"https:\/\/manu-trelaze.com\/index.php\/le-projet-urbain\/les-premieres-etudes-rue-jaures\/#breadcrumb\",\"itemListElement\":[{\"@type\":\"ListItem\",\"position\":1,\"name\":\"Accueil\",\"item\":\"https:\/\/manu-trelaze.com\/\"},{\"@type\":\"ListItem\",\"position\":2,\"name\":\"Le projet urbain\",\"item\":\"https:\/\/manu-trelaze.com\/index.php\/le-projet-urbain\/\"},{\"@type\":\"ListItem\",\"position\":3,\"name\":\"Les premi\u00e8res \u00e9tudes (Rue Jaur\u00e8s)\"}]},{\"@type\":\"WebSite\",\"@id\":\"https:\/\/manu-trelaze.com\/#website\",\"url\":\"https:\/\/manu-trelaze.com\/\",\"name\":\"Les Amis du Patrimoine Tr\u00e9laz\u00e9en\",\"description\":\"Les Amis du Patrimoine Tr\u00e9laz\u00e9en\",\"potentialAction\":[{\"@type\":\"SearchAction\",\"target\":{\"@type\":\"EntryPoint\",\"urlTemplate\":\"https:\/\/manu-trelaze.com\/?s={search_term_string}\"},\"query-input\":\"required name=search_term_string\"}],\"inLanguage\":\"fr-FR\"}]}<\/script>\n<!-- \/ Yoast SEO plugin. -->","yoast_head_json":{"title":"Les premi\u00e8res \u00e9tudes (Rue Jaur\u00e8s) - Les Amis du Patrimoine Tr\u00e9laz\u00e9en","robots":{"index":"index","follow":"follow","max-snippet":"max-snippet:-1","max-image-preview":"max-image-preview:large","max-video-preview":"max-video-preview:-1"},"canonical":"https:\/\/manu-trelaze.com\/index.php\/le-projet-urbain\/les-premieres-etudes-rue-jaures\/","og_locale":"fr_FR","og_type":"article","og_title":"Les premi\u00e8res \u00e9tudes (Rue Jaur\u00e8s) - Les Amis du Patrimoine Tr\u00e9laz\u00e9en","og_description":"Un environnement urbain Tr\u00e9laz\u00e9en qui \u00e9volueDepuis la fermeture de la Manu en 1981 les quartiers proches des Allumettes ont profond\u00e9ment \u00e9volu\u00e9. En effet si la cit\u00e9 jardin des Telli\u00e8res limitrophe a peu chang\u00e9, d\u2019autres structures urbaines ont fait l\u2019objet de refontes importantes. La rue Pasteur a \u00e9t\u00e9 repens\u00e9e dans les ann\u00e9es 1990 sous la municipalit\u00e9 [&hellip;]","og_url":"https:\/\/manu-trelaze.com\/index.php\/le-projet-urbain\/les-premieres-etudes-rue-jaures\/","og_site_name":"Les Amis du Patrimoine Tr\u00e9laz\u00e9en","article_modified_time":"2020-09-14T08:46:28+00:00","og_image":[{"url":"https:\/\/manu-trelaze.com\/wp-content\/uploads\/2020\/09\/plan-de-situation-1024x779.jpg"}],"twitter_card":"summary_large_image","twitter_misc":{"Dur\u00e9e de lecture estim\u00e9e":"2 minutes"},"schema":{"@context":"https:\/\/schema.org","@graph":[{"@type":"WebPage","@id":"https:\/\/manu-trelaze.com\/index.php\/le-projet-urbain\/les-premieres-etudes-rue-jaures\/","url":"https:\/\/manu-trelaze.com\/index.php\/le-projet-urbain\/les-premieres-etudes-rue-jaures\/","name":"Les premi\u00e8res \u00e9tudes (Rue Jaur\u00e8s) - Les Amis du Patrimoine Tr\u00e9laz\u00e9en","isPartOf":{"@id":"https:\/\/manu-trelaze.com\/#website"},"datePublished":"2020-08-28T13:09:34+00:00","dateModified":"2020-09-14T08:46:28+00:00","breadcrumb":{"@id":"https:\/\/manu-trelaze.com\/index.php\/le-projet-urbain\/les-premieres-etudes-rue-jaures\/#breadcrumb"},"inLanguage":"fr-FR","potentialAction":[{"@type":"ReadAction","target":["https:\/\/manu-trelaze.com\/index.php\/le-projet-urbain\/les-premieres-etudes-rue-jaures\/"]}]},{"@type":"BreadcrumbList","@id":"https:\/\/manu-trelaze.com\/index.php\/le-projet-urbain\/les-premieres-etudes-rue-jaures\/#breadcrumb","itemListElement":[{"@type":"ListItem","position":1,"name":"Accueil","item":"https:\/\/manu-trelaze.com\/"},{"@type":"ListItem","position":2,"name":"Le projet urbain","item":"https:\/\/manu-trelaze.com\/index.php\/le-projet-urbain\/"},{"@type":"ListItem","position":3,"name":"Les premi\u00e8res \u00e9tudes (Rue Jaur\u00e8s)"}]},{"@type":"WebSite","@id":"https:\/\/manu-trelaze.com\/#website","url":"https:\/\/manu-trelaze.com\/","name":"Les Amis du Patrimoine Tr\u00e9laz\u00e9en","description":"Les Amis du Patrimoine Tr\u00e9laz\u00e9en","potentialAction":[{"@type":"SearchAction","target":{"@type":"EntryPoint","urlTemplate":"https:\/\/manu-trelaze.com\/?s={search_term_string}"},"query-input":"required name=search_term_string"}],"inLanguage":"fr-FR"}]}},"_links":{"self":[{"href":"https:\/\/manu-trelaze.com\/index.php\/wp-json\/wp\/v2\/pages\/213149"}],"collection":[{"href":"https:\/\/manu-trelaze.com\/index.php\/wp-json\/wp\/v2\/pages"}],"about":[{"href":"https:\/\/manu-trelaze.com\/index.php\/wp-json\/wp\/v2\/types\/page"}],"author":[{"embeddable":true,"href":"https:\/\/manu-trelaze.com\/index.php\/wp-json\/wp\/v2\/users\/1"}],"replies":[{"embeddable":true,"href":"https:\/\/manu-trelaze.com\/index.php\/wp-json\/wp\/v2\/comments?post=213149"}],"version-history":[{"count":2,"href":"https:\/\/manu-trelaze.com\/index.php\/wp-json\/wp\/v2\/pages\/213149\/revisions"}],"predecessor-version":[{"id":213533,"href":"https:\/\/manu-trelaze.com\/index.php\/wp-json\/wp\/v2\/pages\/213149\/revisions\/213533"}],"up":[{"embeddable":true,"href":"https:\/\/manu-trelaze.com\/index.php\/wp-json\/wp\/v2\/pages\/213147"}],"wp:attachment":[{"href":"https:\/\/manu-trelaze.com\/index.php\/wp-json\/wp\/v2\/media?parent=213149"}],"curies":[{"name":"wp","href":"https:\/\/api.w.org\/{rel}","templated":true}]}}