{"id":213157,"date":"2020-08-28T13:13:03","date_gmt":"2020-08-28T13:13:03","guid":{"rendered":"http:\/\/localhost:10069\/?page_id=213157"},"modified":"2023-10-09T21:56:21","modified_gmt":"2023-10-09T19:56:21","slug":"vie-de-quartier","status":"publish","type":"page","link":"https:\/\/manu-trelaze.com\/index.php\/vie-de-quartier\/","title":{"rendered":"Vie de quartiers"},"content":{"rendered":"\n<p>Ce nouveau quartier va accueillir pr\u00e8s de 1000 personnes et salari\u00e9s. Il fallait \u00e0 ce<br>\u00ab&nbsp;village&nbsp;\u00bb un certain nombre d\u2019\u00e9quipements pour favoriser la vie sociale et culturelle.<\/p>\n","protected":false},"excerpt":{"rendered":"<p>Ce nouveau quartier va accueillir pr\u00e8s de 1000 personnes et salari\u00e9s. Il fallait \u00e0 ce\u00ab&nbsp;village&nbsp;\u00bb un certain nombre d\u2019\u00e9quipements pour favoriser la vie sociale et culturelle.<\/p>\n","protected":false},"author":1,"featured_media":0,"parent":0,"menu_order":0,"comment_status":"closed","ping_status":"closed","template":"","meta":{"_et_pb_use_builder":"off","_et_pb_old_content":"","_et_gb_content_width":""},"yoast_head":"<!-- This site is optimized with the Yoast SEO plugin v19.13 - https:\/\/yoast.com\/wordpress\/plugins\/seo\/ -->\n<title>Vie de quartiers - Les Amis du Patrimoine Tr\u00e9laz\u00e9en<\/title>\n<meta name=\"robots\" content=\"index, follow, max-snippet:-1, max-image-preview:large, max-video-preview:-1\" \/>\n<link rel=\"canonical\" href=\"https:\/\/manu-trelaze.com\/index.php\/vie-de-quartier\/\" \/>\n<meta property=\"og:locale\" content=\"fr_FR\" \/>\n<meta property=\"og:type\" content=\"article\" \/>\n<meta property=\"og:title\" content=\"Vie de quartiers - Les Amis du Patrimoine Tr\u00e9laz\u00e9en\" \/>\n<meta property=\"og:description\" content=\"Ce nouveau quartier va accueillir pr\u00e8s de 1000 personnes et salari\u00e9s. Il fallait \u00e0 ce\u00ab&nbsp;village&nbsp;\u00bb un certain nombre d\u2019\u00e9quipements pour favoriser la vie sociale et culturelle.\" \/>\n<meta property=\"og:url\" content=\"https:\/\/manu-trelaze.com\/index.php\/vie-de-quartier\/\" \/>\n<meta property=\"og:site_name\" content=\"Les Amis du Patrimoine Tr\u00e9laz\u00e9en\" \/>\n<meta property=\"article:modified_time\" content=\"2023-10-09T19:56:21+00:00\" \/>\n<meta name=\"twitter:card\" content=\"summary_large_image\" \/>\n<script type=\"application\/ld+json\" class=\"yoast-schema-graph\">{\"@context\":\"https:\/\/schema.org\",\"@graph\":[{\"@type\":\"WebPage\",\"@id\":\"https:\/\/manu-trelaze.com\/index.php\/vie-de-quartier\/\",\"url\":\"https:\/\/manu-trelaze.com\/index.php\/vie-de-quartier\/\",\"name\":\"Vie de quartiers - Les Amis du Patrimoine Tr\u00e9laz\u00e9en\",\"isPartOf\":{\"@id\":\"https:\/\/manu-trelaze.com\/#website\"},\"datePublished\":\"2020-08-28T13:13:03+00:00\",\"dateModified\":\"2023-10-09T19:56:21+00:00\",\"breadcrumb\":{\"@id\":\"https:\/\/manu-trelaze.com\/index.php\/vie-de-quartier\/#breadcrumb\"},\"inLanguage\":\"fr-FR\",\"potentialAction\":[{\"@type\":\"ReadAction\",\"target\":[\"https:\/\/manu-trelaze.com\/index.php\/vie-de-quartier\/\"]}]},{\"@type\":\"BreadcrumbList\",\"@id\":\"https:\/\/manu-trelaze.com\/index.php\/vie-de-quartier\/#breadcrumb\",\"itemListElement\":[{\"@type\":\"ListItem\",\"position\":1,\"name\":\"Accueil\",\"item\":\"https:\/\/manu-trelaze.com\/\"},{\"@type\":\"ListItem\",\"position\":2,\"name\":\"Vie de quartiers\"}]},{\"@type\":\"WebSite\",\"@id\":\"https:\/\/manu-trelaze.com\/#website\",\"url\":\"https:\/\/manu-trelaze.com\/\",\"name\":\"Les Amis du Patrimoine Tr\u00e9laz\u00e9en\",\"description\":\"Les Amis du Patrimoine Tr\u00e9laz\u00e9en\",\"potentialAction\":[{\"@type\":\"SearchAction\",\"target\":{\"@type\":\"EntryPoint\",\"urlTemplate\":\"https:\/\/manu-trelaze.com\/?s={search_term_string}\"},\"query-input\":\"required name=search_term_string\"}],\"inLanguage\":\"fr-FR\"}]}<\/script>\n<!-- \/ Yoast SEO plugin. -->","yoast_head_json":{"title":"Vie de quartiers - Les Amis du Patrimoine Tr\u00e9laz\u00e9en","robots":{"index":"index","follow":"follow","max-snippet":"max-snippet:-1","max-image-preview":"max-image-preview:large","max-video-preview":"max-video-preview:-1"},"canonical":"https:\/\/manu-trelaze.com\/index.php\/vie-de-quartier\/","og_locale":"fr_FR","og_type":"article","og_title":"Vie de quartiers - Les Amis du Patrimoine Tr\u00e9laz\u00e9en","og_description":"Ce nouveau quartier va accueillir pr\u00e8s de 1000 personnes et salari\u00e9s. Il fallait \u00e0 ce\u00ab&nbsp;village&nbsp;\u00bb un certain nombre d\u2019\u00e9quipements pour favoriser la vie sociale et culturelle.","og_url":"https:\/\/manu-trelaze.com\/index.php\/vie-de-quartier\/","og_site_name":"Les Amis du Patrimoine Tr\u00e9laz\u00e9en","article_modified_time":"2023-10-09T19:56:21+00:00","twitter_card":"summary_large_image","schema":{"@context":"https:\/\/schema.org","@graph":[{"@type":"WebPage","@id":"https:\/\/manu-trelaze.com\/index.php\/vie-de-quartier\/","url":"https:\/\/manu-trelaze.com\/index.php\/vie-de-quartier\/","name":"Vie de quartiers - Les Amis du Patrimoine Tr\u00e9laz\u00e9en","isPartOf":{"@id":"https:\/\/manu-trelaze.com\/#website"},"datePublished":"2020-08-28T13:13:03+00:00","dateModified":"2023-10-09T19:56:21+00:00","breadcrumb":{"@id":"https:\/\/manu-trelaze.com\/index.php\/vie-de-quartier\/#breadcrumb"},"inLanguage":"fr-FR","potentialAction":[{"@type":"ReadAction","target":["https:\/\/manu-trelaze.com\/index.php\/vie-de-quartier\/"]}]},{"@type":"BreadcrumbList","@id":"https:\/\/manu-trelaze.com\/index.php\/vie-de-quartier\/#breadcrumb","itemListElement":[{"@type":"ListItem","position":1,"name":"Accueil","item":"https:\/\/manu-trelaze.com\/"},{"@type":"ListItem","position":2,"name":"Vie de quartiers"}]},{"@type":"WebSite","@id":"https:\/\/manu-trelaze.com\/#website","url":"https:\/\/manu-trelaze.com\/","name":"Les Amis du Patrimoine Tr\u00e9laz\u00e9en","description":"Les Amis du Patrimoine Tr\u00e9laz\u00e9en","potentialAction":[{"@type":"SearchAction","target":{"@type":"EntryPoint","urlTemplate":"https:\/\/manu-trelaze.com\/?s={search_term_string}"},"query-input":"required name=search_term_string"}],"inLanguage":"fr-FR"}]}},"_links":{"self":[{"href":"https:\/\/manu-trelaze.com\/index.php\/wp-json\/wp\/v2\/pages\/213157"}],"collection":[{"href":"https:\/\/manu-trelaze.com\/index.php\/wp-json\/wp\/v2\/pages"}],"about":[{"href":"https:\/\/manu-trelaze.com\/index.php\/wp-json\/wp\/v2\/types\/page"}],"author":[{"embeddable":true,"href":"https:\/\/manu-trelaze.com\/index.php\/wp-json\/wp\/v2\/users\/1"}],"replies":[{"embeddable":true,"href":"https:\/\/manu-trelaze.com\/index.php\/wp-json\/wp\/v2\/comments?post=213157"}],"version-history":[{"count":1,"href":"https:\/\/manu-trelaze.com\/index.php\/wp-json\/wp\/v2\/pages\/213157\/revisions"}],"predecessor-version":[{"id":213736,"href":"https:\/\/manu-trelaze.com\/index.php\/wp-json\/wp\/v2\/pages\/213157\/revisions\/213736"}],"wp:attachment":[{"href":"https:\/\/manu-trelaze.com\/index.php\/wp-json\/wp\/v2\/media?parent=213157"}],"curies":[{"name":"wp","href":"https:\/\/api.w.org\/{rel}","templated":true}]}}