{"id":213165,"date":"2020-08-28T13:15:58","date_gmt":"2020-08-28T13:15:58","guid":{"rendered":"http:\/\/localhost:10069\/?page_id=213165"},"modified":"2020-09-14T10:47:25","modified_gmt":"2020-09-14T08:47:25","slug":"genese-des-projets","status":"publish","type":"page","link":"https:\/\/manu-trelaze.com\/index.php\/nos-projets-artistique\/genese-des-projets\/","title":{"rendered":"Gen\u00e8se des projets"},"content":{"rendered":"\n<p>La manufacture des allumettes d\u00e8s sa fermeture a accueilli des artistes en r\u00e9sidences et ce sont eux qui se sont impliqu\u00e9s les premiers dans la sauvegarde du patrimoine architectural du site. Dans la foul\u00e9e la CLCV et la Sauvegarde de l\u2019Anjou ont \u00e0 leur tour milit\u00e9 pour que la chemin\u00e9e et la structure du ch\u00e2teau d\u2019eau soient le support d\u2019\u0153uvres artistiques. Cela s\u2019est traduit par plusieurs propositions r\u00e9alis\u00e9es par le studio Ad Hoc puis par madame Falzon, artiste. Son projet est retenu en 2013 par la CLCV. Ce projet a \u00e9t\u00e9 abandonn\u00e9 parce que la structure imagin\u00e9e par l\u2019artiste offrait une trop grande prise au vent et au bruit.<\/p>\n\n\n\n<figure class=\"wp-block-gallery columns-3 is-cropped\"><ul class=\"blocks-gallery-grid\"><li class=\"blocks-gallery-item\"><figure><img src=\"https:\/\/manu-trelaze.com\/wp-content\/uploads\/2020\/09\/Chnateau-deau-1.png\" alt=\"\" data-id=\"213288\" data-link=\"http:\/\/localhost:10069\/nos-projets-artistique\/genese-des-projets\/chnateau-deau-1\/\" class=\"wp-image-213288\"\/><\/figure><\/li><li class=\"blocks-gallery-item\"><figure><img src=\"https:\/\/manu-trelaze.com\/wp-content\/uploads\/2020\/09\/chateau-eau_1729-1-768x1024.jpg\" alt=\"\" data-id=\"213289\" data-link=\"http:\/\/localhost:10069\/nos-projets-artistique\/genese-des-projets\/chateau-eau_1729-1\/\" class=\"wp-image-213289\"\/><\/figure><\/li><li class=\"blocks-gallery-item\"><figure><img src=\"https:\/\/manu-trelaze.com\/wp-content\/uploads\/2020\/09\/chateau-deau-1-888x1024.jpg\" alt=\"\" data-id=\"213290\" data-full-url=\"https:\/\/manu-trelaze.com\/wp-content\/uploads\/2020\/09\/chateau-deau-1-scaled.jpg\" data-link=\"http:\/\/localhost:10069\/nos-projets-artistique\/genese-des-projets\/chateau-deau-1\/\" class=\"wp-image-213290\"\/><\/figure><\/li><\/ul><\/figure>\n\n\n\n<div class=\"wp-block-file\"><a href=\"https:\/\/manu-trelaze.com\/wp-content\/uploads\/2020\/09\/STUDIO-ADHOC_Pr\u00e9sentation-du-2012-06-04-1.pdf\">STUDIO-ADHOC_Pr\u00e9sentation-du-2012-06-04-1<\/a><a href=\"https:\/\/manu-trelaze.com\/wp-content\/uploads\/2020\/09\/STUDIO-ADHOC_Pr\u00e9sentation-du-2012-06-04-1.pdf\" class=\"wp-block-file__button\" download>Download<\/a><\/div>\n\n\n\n<p><\/p>\n\n\n\n<p><strong>Les commanditaires<\/strong><\/p>\n\n\n\n<p>En 2016, \u00e0 l\u2019initiative d\u2019Yves Bourrigault une douzaine de b\u00e9n\u00e9voles issus de plusieurs associations ou de la soci\u00e9t\u00e9 civile se constituent en groupement de commanditaires avec le soutien du CAUE de Maine et Loire. Le groupement prend l\u2019attache du m\u00e9diateur culturel \u00ab&nbsp;Entre deux&nbsp;\u00bb puis de l\u2019association \u00ab&nbsp;Eternal Network&nbsp;\u00bb et rentre dans une d\u00e9marche pour enclencher un projet artistique qui pourrait avoir le soutien de la Fondation de France.<\/p>\n\n\n\n<p>Le groupement de commanditaires choisit en 2017 l\u2019artiste Raphael Zarka pour imaginer ce premier projet artistique. Le choix de l\u2019artiste se fait en accord avec la Fondation de France et la DRAC des Pays de Loire. En 2018 Raphael Zarka apr\u00e8s avoir \u00e9chang\u00e9 avec les commanditaires propose \u00ab&nbsp;la doublure&nbsp;\u00bb, projet visant \u00e0 refaire vivre de mani\u00e8re dynamique la chemin\u00e9e de brique du site. Fin 2018 les commanditaires se fondent dans l\u2019association des Amis des Allumettes.<\/p>\n\n\n\n<p><br><\/p>\n\n\n\n<figure class=\"wp-block-gallery columns-2 is-cropped\"><ul class=\"blocks-gallery-grid\"><li class=\"blocks-gallery-item\"><figure><img src=\"https:\/\/manu-trelaze.com\/wp-content\/uploads\/2020\/09\/commandiares-1-1-1024x768.jpg\" alt=\"\" data-id=\"213283\" data-link=\"http:\/\/localhost:10069\/nos-projets-artistique\/genese-des-projets\/commandiares-1-1\/\" class=\"wp-image-213283\"\/><\/figure><\/li><li class=\"blocks-gallery-item\"><figure><img src=\"https:\/\/manu-trelaze.com\/wp-content\/uploads\/2020\/09\/Commanditaie-2-1-1024x768.jpg\" alt=\"\" data-id=\"213284\" data-full-url=\"https:\/\/manu-trelaze.com\/wp-content\/uploads\/2020\/09\/Commanditaie-2-1-scaled.jpg\" data-link=\"http:\/\/localhost:10069\/nos-projets-artistique\/genese-des-projets\/commanditaie-2-1\/\" class=\"wp-image-213284\"\/><\/figure><\/li><\/ul><\/figure>\n","protected":false},"excerpt":{"rendered":"<p>La manufacture des allumettes d\u00e8s sa fermeture a accueilli des artistes en r\u00e9sidences et ce sont eux qui se sont impliqu\u00e9s les premiers dans la sauvegarde du patrimoine architectural du site. Dans la foul\u00e9e la CLCV et la Sauvegarde de l\u2019Anjou ont \u00e0 leur tour milit\u00e9 pour que la chemin\u00e9e et la structure du ch\u00e2teau [&hellip;]<\/p>\n","protected":false},"author":1,"featured_media":0,"parent":213163,"menu_order":0,"comment_status":"closed","ping_status":"closed","template":"","meta":{"_et_pb_use_builder":"off","_et_pb_old_content":"","_et_gb_content_width":""},"yoast_head":"<!-- This site is optimized with the Yoast SEO plugin v19.13 - https:\/\/yoast.com\/wordpress\/plugins\/seo\/ -->\n<title>Gen\u00e8se des projets - Les Amis du Patrimoine Tr\u00e9laz\u00e9en<\/title>\n<meta name=\"robots\" content=\"index, follow, max-snippet:-1, max-image-preview:large, max-video-preview:-1\" \/>\n<link rel=\"canonical\" href=\"https:\/\/manu-trelaze.com\/index.php\/nos-projets-artistique\/genese-des-projets\/\" \/>\n<meta property=\"og:locale\" content=\"fr_FR\" \/>\n<meta property=\"og:type\" content=\"article\" \/>\n<meta property=\"og:title\" content=\"Gen\u00e8se des projets - Les Amis du Patrimoine Tr\u00e9laz\u00e9en\" \/>\n<meta property=\"og:description\" content=\"La manufacture des allumettes d\u00e8s sa fermeture a accueilli des artistes en r\u00e9sidences et ce sont eux qui se sont impliqu\u00e9s les premiers dans la sauvegarde du patrimoine architectural du site. Dans la foul\u00e9e la CLCV et la Sauvegarde de l\u2019Anjou ont \u00e0 leur tour milit\u00e9 pour que la chemin\u00e9e et la structure du ch\u00e2teau [&hellip;]\" \/>\n<meta property=\"og:url\" content=\"https:\/\/manu-trelaze.com\/index.php\/nos-projets-artistique\/genese-des-projets\/\" \/>\n<meta property=\"og:site_name\" content=\"Les Amis du Patrimoine Tr\u00e9laz\u00e9en\" \/>\n<meta property=\"article:modified_time\" content=\"2020-09-14T08:47:25+00:00\" \/>\n<meta property=\"og:image\" content=\"https:\/\/manu-trelaze.com\/wp-content\/uploads\/2020\/09\/Chnateau-deau-1.png\" \/>\n<meta name=\"twitter:card\" content=\"summary_large_image\" \/>\n<meta name=\"twitter:label1\" content=\"Dur\u00e9e de lecture estim\u00e9e\" \/>\n\t<meta name=\"twitter:data1\" content=\"1 minute\" \/>\n<script type=\"application\/ld+json\" class=\"yoast-schema-graph\">{\"@context\":\"https:\/\/schema.org\",\"@graph\":[{\"@type\":\"WebPage\",\"@id\":\"https:\/\/manu-trelaze.com\/index.php\/nos-projets-artistique\/genese-des-projets\/\",\"url\":\"https:\/\/manu-trelaze.com\/index.php\/nos-projets-artistique\/genese-des-projets\/\",\"name\":\"Gen\u00e8se des projets - Les Amis du Patrimoine Tr\u00e9laz\u00e9en\",\"isPartOf\":{\"@id\":\"https:\/\/manu-trelaze.com\/#website\"},\"datePublished\":\"2020-08-28T13:15:58+00:00\",\"dateModified\":\"2020-09-14T08:47:25+00:00\",\"breadcrumb\":{\"@id\":\"https:\/\/manu-trelaze.com\/index.php\/nos-projets-artistique\/genese-des-projets\/#breadcrumb\"},\"inLanguage\":\"fr-FR\",\"potentialAction\":[{\"@type\":\"ReadAction\",\"target\":[\"https:\/\/manu-trelaze.com\/index.php\/nos-projets-artistique\/genese-des-projets\/\"]}]},{\"@type\":\"BreadcrumbList\",\"@id\":\"https:\/\/manu-trelaze.com\/index.php\/nos-projets-artistique\/genese-des-projets\/#breadcrumb\",\"itemListElement\":[{\"@type\":\"ListItem\",\"position\":1,\"name\":\"Accueil\",\"item\":\"https:\/\/manu-trelaze.com\/\"},{\"@type\":\"ListItem\",\"position\":2,\"name\":\"Nos projets artistique\",\"item\":\"https:\/\/manu-trelaze.com\/index.php\/nos-projets-artistique\/\"},{\"@type\":\"ListItem\",\"position\":3,\"name\":\"Gen\u00e8se des projets\"}]},{\"@type\":\"WebSite\",\"@id\":\"https:\/\/manu-trelaze.com\/#website\",\"url\":\"https:\/\/manu-trelaze.com\/\",\"name\":\"Les Amis du Patrimoine Tr\u00e9laz\u00e9en\",\"description\":\"Les Amis du Patrimoine Tr\u00e9laz\u00e9en\",\"potentialAction\":[{\"@type\":\"SearchAction\",\"target\":{\"@type\":\"EntryPoint\",\"urlTemplate\":\"https:\/\/manu-trelaze.com\/?s={search_term_string}\"},\"query-input\":\"required name=search_term_string\"}],\"inLanguage\":\"fr-FR\"}]}<\/script>\n<!-- \/ Yoast SEO plugin. -->","yoast_head_json":{"title":"Gen\u00e8se des projets - Les Amis du Patrimoine Tr\u00e9laz\u00e9en","robots":{"index":"index","follow":"follow","max-snippet":"max-snippet:-1","max-image-preview":"max-image-preview:large","max-video-preview":"max-video-preview:-1"},"canonical":"https:\/\/manu-trelaze.com\/index.php\/nos-projets-artistique\/genese-des-projets\/","og_locale":"fr_FR","og_type":"article","og_title":"Gen\u00e8se des projets - Les Amis du Patrimoine Tr\u00e9laz\u00e9en","og_description":"La manufacture des allumettes d\u00e8s sa fermeture a accueilli des artistes en r\u00e9sidences et ce sont eux qui se sont impliqu\u00e9s les premiers dans la sauvegarde du patrimoine architectural du site. Dans la foul\u00e9e la CLCV et la Sauvegarde de l\u2019Anjou ont \u00e0 leur tour milit\u00e9 pour que la chemin\u00e9e et la structure du ch\u00e2teau [&hellip;]","og_url":"https:\/\/manu-trelaze.com\/index.php\/nos-projets-artistique\/genese-des-projets\/","og_site_name":"Les Amis du Patrimoine Tr\u00e9laz\u00e9en","article_modified_time":"2020-09-14T08:47:25+00:00","og_image":[{"url":"https:\/\/manu-trelaze.com\/wp-content\/uploads\/2020\/09\/Chnateau-deau-1.png"}],"twitter_card":"summary_large_image","twitter_misc":{"Dur\u00e9e de lecture estim\u00e9e":"1 minute"},"schema":{"@context":"https:\/\/schema.org","@graph":[{"@type":"WebPage","@id":"https:\/\/manu-trelaze.com\/index.php\/nos-projets-artistique\/genese-des-projets\/","url":"https:\/\/manu-trelaze.com\/index.php\/nos-projets-artistique\/genese-des-projets\/","name":"Gen\u00e8se des projets - Les Amis du Patrimoine Tr\u00e9laz\u00e9en","isPartOf":{"@id":"https:\/\/manu-trelaze.com\/#website"},"datePublished":"2020-08-28T13:15:58+00:00","dateModified":"2020-09-14T08:47:25+00:00","breadcrumb":{"@id":"https:\/\/manu-trelaze.com\/index.php\/nos-projets-artistique\/genese-des-projets\/#breadcrumb"},"inLanguage":"fr-FR","potentialAction":[{"@type":"ReadAction","target":["https:\/\/manu-trelaze.com\/index.php\/nos-projets-artistique\/genese-des-projets\/"]}]},{"@type":"BreadcrumbList","@id":"https:\/\/manu-trelaze.com\/index.php\/nos-projets-artistique\/genese-des-projets\/#breadcrumb","itemListElement":[{"@type":"ListItem","position":1,"name":"Accueil","item":"https:\/\/manu-trelaze.com\/"},{"@type":"ListItem","position":2,"name":"Nos projets artistique","item":"https:\/\/manu-trelaze.com\/index.php\/nos-projets-artistique\/"},{"@type":"ListItem","position":3,"name":"Gen\u00e8se des projets"}]},{"@type":"WebSite","@id":"https:\/\/manu-trelaze.com\/#website","url":"https:\/\/manu-trelaze.com\/","name":"Les Amis du Patrimoine Tr\u00e9laz\u00e9en","description":"Les Amis du Patrimoine Tr\u00e9laz\u00e9en","potentialAction":[{"@type":"SearchAction","target":{"@type":"EntryPoint","urlTemplate":"https:\/\/manu-trelaze.com\/?s={search_term_string}"},"query-input":"required name=search_term_string"}],"inLanguage":"fr-FR"}]}},"_links":{"self":[{"href":"https:\/\/manu-trelaze.com\/index.php\/wp-json\/wp\/v2\/pages\/213165"}],"collection":[{"href":"https:\/\/manu-trelaze.com\/index.php\/wp-json\/wp\/v2\/pages"}],"about":[{"href":"https:\/\/manu-trelaze.com\/index.php\/wp-json\/wp\/v2\/types\/page"}],"author":[{"embeddable":true,"href":"https:\/\/manu-trelaze.com\/index.php\/wp-json\/wp\/v2\/users\/1"}],"replies":[{"embeddable":true,"href":"https:\/\/manu-trelaze.com\/index.php\/wp-json\/wp\/v2\/comments?post=213165"}],"version-history":[{"count":2,"href":"https:\/\/manu-trelaze.com\/index.php\/wp-json\/wp\/v2\/pages\/213165\/revisions"}],"predecessor-version":[{"id":213534,"href":"https:\/\/manu-trelaze.com\/index.php\/wp-json\/wp\/v2\/pages\/213165\/revisions\/213534"}],"up":[{"embeddable":true,"href":"https:\/\/manu-trelaze.com\/index.php\/wp-json\/wp\/v2\/pages\/213163"}],"wp:attachment":[{"href":"https:\/\/manu-trelaze.com\/index.php\/wp-json\/wp\/v2\/media?parent=213165"}],"curies":[{"name":"wp","href":"https:\/\/api.w.org\/{rel}","templated":true}]}}