{"id":213171,"date":"2020-08-28T13:17:54","date_gmt":"2020-08-28T13:17:54","guid":{"rendered":"http:\/\/localhost:10069\/?page_id=213171"},"modified":"2020-09-29T15:17:02","modified_gmt":"2020-09-29T13:17:02","slug":"nos-partenaires-financiers-et-institutionnels","status":"publish","type":"page","link":"https:\/\/manu-trelaze.com\/index.php\/nos-projets-artistique\/nos-partenaires-financiers-et-institutionnels\/","title":{"rendered":"Nos partenaires financiers et institutionnels"},"content":{"rendered":"\n<p>Pour nos projets artistiques nous avons ou nous esp\u00e9rons le soutien de nombreux partenaires. Le budget pr\u00e9visionnel de l\u2019\u0153uvre monumentale de la \u00ab&nbsp;doublure&nbsp;\u00bb est en effet cons\u00e9quent.<br><\/p>\n\n\n\n<p class=\"has-medium-font-size\"><strong>Les partenaires publics&nbsp;:<\/strong><\/p>\n\n\n\n<ul><li>L\u2019Etat<br>Depuis l\u2019origine la DRAC (Direction R\u00e9gionale des Pays de la Loire) soutient la reconversion de la manufacture avec l\u2019appui notamment de Claire Nedelec. La Drac soutient \u00e9galement le projet Zarka et a initi\u00e9 un dossier et une audition aupr\u00e8s de la Commission Nationale de la Commande Publique. Celle ci a donn\u00e9 un avis favorable pour une subvention cons\u00e9quente d\u00e9but juin 2019 \u00e0 hauteur de 170&nbsp;000 euros.<br><\/li><\/ul>\n\n\n\n<figure class=\"wp-block-image size-medium\"><img loading=\"lazy\" width=\"300\" height=\"228\" src=\"https:\/\/manu-trelaze.com\/wp-content\/uploads\/2020\/09\/MIN_Culture_RVB-300x228.jpg\" alt=\"\" class=\"wp-image-213503\"\/><\/figure>\n\n\n\n<p><\/p>\n\n\n\n<ul><li>La ville de Tr\u00e9laz\u00e9<br>La ville de Tr\u00e9laz\u00e9 est tr\u00e8s active pour la reconversion du site. Le Conseil Municipal a vot\u00e9 le principe d\u2019une subvention pour le projet Zarka. A hauteur de 50&nbsp;000<br>euros.<\/li><\/ul>\n\n\n\n<figure class=\"wp-block-image size-large\"><img src=\"https:\/\/manu-trelaze.com\/wp-content\/uploads\/2020\/09\/unnamed.jpg\" alt=\"\" class=\"wp-image-213309\"\/><\/figure>\n\n\n\n<ul><li>Angers Loire M\u00e9tropole<br>ALM a re\u00e7u une d\u00e9l\u00e9gation du Conseil d\u2019administration de l\u2019association des Amis des Allumettes suite<br>\u00e0 l\u2019envoi d\u2019une demande de subvention pour projet Zarka. Nous avons eu une r\u00e9ponse positive d\u2019ALM d\u00e9but 2020 \u00e0 hauteur de 50&nbsp;000 euros.<br><\/li><\/ul>\n\n\n\n<figure class=\"wp-block-image size-large\"><img loading=\"lazy\" width=\"318\" height=\"159\" src=\"https:\/\/manu-trelaze.com\/wp-content\/uploads\/2020\/09\/telechargement.png\" alt=\"\" class=\"wp-image-213508\" srcset=\"https:\/\/manu-trelaze.com\/wp-content\/uploads\/2020\/09\/telechargement.png 318w, https:\/\/manu-trelaze.com\/wp-content\/uploads\/2020\/09\/telechargement-300x150.png 300w\" sizes=\"(max-width: 318px) 100vw, 318px\" \/><\/figure>\n\n\n\n<p><\/p>\n\n\n\n<ul><li>La R\u00e9gion<br>La R\u00e9gion est int\u00e9ress\u00e9e par les projets artistiques de l\u2019association et \u00e9tudie le dossier de demande de subvention de 25&nbsp;000 euros<br><\/li><\/ul>\n\n\n\n<figure class=\"wp-block-image size-large\"><img loading=\"lazy\" width=\"421\" height=\"120\" src=\"https:\/\/manu-trelaze.com\/wp-content\/uploads\/2020\/09\/telechargement-1.png\" alt=\"\" class=\"wp-image-213504\" srcset=\"https:\/\/manu-trelaze.com\/wp-content\/uploads\/2020\/09\/telechargement-1.png 421w, https:\/\/manu-trelaze.com\/wp-content\/uploads\/2020\/09\/telechargement-1-300x86.png 300w\" sizes=\"(max-width: 421px) 100vw, 421px\" \/><\/figure>\n\n\n\n<p><\/p>\n\n\n\n<ul><li>Le D\u00e9partement<br>Le Conseil D\u00e9partement de Maine et Loire tr\u00e8s int\u00e9ress\u00e9 par les projets artistiques de l\u2019association a accord\u00e9 une subvention de 25&nbsp;000 euros.<br><\/li><\/ul>\n\n\n\n<figure class=\"wp-block-image size-large\"><img src=\"https:\/\/manu-trelaze.com\/wp-content\/uploads\/2020\/09\/unnamed.png\" alt=\"\" class=\"wp-image-213310\"\/><\/figure>\n\n\n\n<ul><li>La Fondation de France<br>La Fondation de France soutient depuis l\u2019origine le projet des commanditaires et a accord\u00e9 une subvention significative de 170&nbsp;000 euros.<br><\/li><\/ul>\n\n\n\n<figure class=\"wp-block-image size-large\"><img loading=\"lazy\" width=\"225\" height=\"225\" src=\"https:\/\/manu-trelaze.com\/wp-content\/uploads\/2020\/09\/telechargement-2.png\" alt=\"\" class=\"wp-image-213505\" srcset=\"https:\/\/manu-trelaze.com\/wp-content\/uploads\/2020\/09\/telechargement-2.png 225w, https:\/\/manu-trelaze.com\/wp-content\/uploads\/2020\/09\/telechargement-2-150x150.png 150w\" sizes=\"(max-width: 225px) 100vw, 225px\" \/><\/figure>\n\n\n\n<p><\/p>\n\n\n\n<p class=\"has-medium-font-size\"><strong>Les partenaires priv\u00e9s&nbsp;:<\/strong><\/p>\n\n\n\n<ul><li>Podeliha<br>Podeliha est \u00e0 la fois le propri\u00e9taire du site, mais aussi l\u2019am\u00e9nageur et le promoteur des premi\u00e8res op\u00e9rations de logements. Podeliha est donc particuli\u00e8rement moteur sur ce site et le partenaire de concertation des associations et de la ville. Pour le projet Zarka, Podeliha a accept\u00e9 de devenir le ma\u00eetre d\u2019ouvrage de l\u2019\u0153uvre. L\u2019am\u00e9nageur r\u00e9fl\u00e9chit \u00e9galement avec nous au devenir de la structure du ch\u00e2teau d\u2019eau.<br><\/li><\/ul>\n\n\n\n<figure class=\"wp-block-image size-large\"><img loading=\"lazy\" width=\"200\" height=\"150\" src=\"https:\/\/manu-trelaze.com\/wp-content\/uploads\/2020\/09\/telechargement-3.png\" alt=\"\" class=\"wp-image-213506\"\/><\/figure>\n\n\n\n<p><\/p>\n\n\n\n<ul><li>M\u00e9c\u00e8nes et Loire<br>Fondation d\u2019entreprises priv\u00e9es b\u00e9n\u00e9voles du D\u00e9partement et pr\u00e9sid\u00e9 par Didier Bessard , M\u00e9c\u00e8nes et Loire accorde chaque ann\u00e9e des subventions \u00e0 une quinzaine de projets artistiques. En 2019 c\u2019est le projet des Amis de Allumettes qui a re\u00e7u la plus grosse subvention de M\u00e9c\u00e8nes et Loire d\u2019un montant de 20&nbsp;000 euros. <\/li><\/ul>\n\n\n\n<figure class=\"wp-block-image size-large\"><img src=\"https:\/\/manu-trelaze.com\/wp-content\/uploads\/2020\/09\/unnamed-1-2.png\" alt=\"\" class=\"wp-image-213308\"\/><\/figure>\n\n\n\n<ul><li>Les briqueteries<br>Les Amis des Allumettes sont rentr\u00e9s en contact avec les briqueteries de la r\u00e9gion dans l\u2019espoir d\u2019avoir leur soutien pour le projet Zarka qui n\u00e9cessitera plus de 90&nbsp;000 briques<\/li><li>Les autres m\u00e9c\u00e8nes<br>L\u2019association a sollicit\u00e9 une vingtaine de grandes entreprise r\u00e9gionales ou nationales pour boucler le financement du projet&nbsp;; A ce jour nous n\u2019avons pas eu de r\u00e9ponses encore positives.<\/li><li>Les particuliers<br>Les membres de l\u2019association, les citoyens de Tr\u00e9laz\u00e9 sont des partenaires importants qui seront sollicit\u00e9 en tant venu pour la finalisation des projets artistiques.<\/li><\/ul>\n\n\n\n<p class=\"has-medium-font-size\"><strong>Les partenaires techniques&nbsp;:<\/strong><\/p>\n\n\n\n<ul><li>Entre deux<br>M\u00e9diateur culturel bas\u00e9 \u00e0 Nantes repr\u00e9sent\u00e9 par Jacques Rivet qui assure la relation avec l\u2019artiste.<\/li><li>Eternal network<br>M\u00e9diateur culturel bas\u00e9 \u00e0 Tours, qui est l\u2019interlocuteur de la Fondation de France.<br><\/li><\/ul>\n\n\n\n<figure class=\"wp-block-image size-large\"><img loading=\"lazy\" width=\"225\" height=\"225\" src=\"https:\/\/manu-trelaze.com\/wp-content\/uploads\/2020\/09\/telechargement-4.png\" alt=\"\" class=\"wp-image-213507\" srcset=\"https:\/\/manu-trelaze.com\/wp-content\/uploads\/2020\/09\/telechargement-4.png 225w, https:\/\/manu-trelaze.com\/wp-content\/uploads\/2020\/09\/telechargement-4-150x150.png 150w\" sizes=\"(max-width: 225px) 100vw, 225px\" \/><\/figure>\n\n\n\n<p><\/p>\n\n\n\n<ul><li>Phytolab<br>Maitre d\u2019\u0153uvre de Podeliha est en charge des espaces publics qui mettront en valeur, au sol, les projets artistiques.<\/li><\/ul>\n","protected":false},"excerpt":{"rendered":"<p>Pour nos projets artistiques nous avons ou nous esp\u00e9rons le soutien de nombreux partenaires. Le budget pr\u00e9visionnel de l\u2019\u0153uvre monumentale de la \u00ab&nbsp;doublure&nbsp;\u00bb est en effet cons\u00e9quent. Les partenaires publics&nbsp;: L\u2019EtatDepuis l\u2019origine la DRAC (Direction R\u00e9gionale des Pays de la Loire) soutient la reconversion de la manufacture avec l\u2019appui notamment de Claire Nedelec. La Drac [&hellip;]<\/p>\n","protected":false},"author":1,"featured_media":0,"parent":213163,"menu_order":0,"comment_status":"closed","ping_status":"closed","template":"","meta":{"_et_pb_use_builder":"off","_et_pb_old_content":"<!-- wp:paragraph -->\n<p>Pour nos projets artistiques nous avons ou nous esp\u00e9rons le soutien de nombreux partenaires. Le budget pr\u00e9visionnel de l\u2019\u0153uvre monumentale de la \u00ab&nbsp;doublure&nbsp;\u00bb est en effet cons\u00e9quent.<br><\/p>\n<!-- \/wp:paragraph -->\n\n<!-- wp:paragraph {\"fontSize\":\"medium\"} -->\n<p class=\"has-medium-font-size\"><strong>Les partenaires publics&nbsp;:<\/strong><\/p>\n<!-- \/wp:paragraph -->\n\n<!-- wp:list -->\n<ul><li>L\u2019Etat<br>Depuis l\u2019origine la DRAC (Direction R\u00e9gionale des Pays de la Loire) soutient la reconversion de la manufacture avec l\u2019appui notamment de Claire Nedelec. La Drac soutient \u00e9galement le projet Zarka et a initi\u00e9 un dossier et une audition aupr\u00e8s de la Commission Nationale de la Commande Publique. Celle ci a donn\u00e9 un avis favorable pour une subvention cons\u00e9quente d\u00e9but juin 2019 \u00e0 hauteur de 170&nbsp;000 euros.<br><\/li><\/ul>\n<!-- \/wp:list -->\n\n<!-- wp:image {\"id\":213503,\"sizeSlug\":\"large\"} -->\n<figure class=\"wp-block-image size-large\"><img src=\"https:\/\/manu-trelaze.com\/wp-content\/uploads\/2020\/09\/MIN_Culture_RVB-1024x779.jpg\" alt=\"\" class=\"wp-image-213503\"\/><\/figure>\n<!-- \/wp:image -->\n\n<!-- wp:paragraph -->\n<p><\/p>\n<!-- \/wp:paragraph -->\n\n<!-- wp:list -->\n<ul><li>La ville de Tr\u00e9laz\u00e9<br>La ville de Tr\u00e9laz\u00e9 est tr\u00e8s active pour la reconversion du site. Le Conseil Municipal a vot\u00e9 le principe d\u2019une subvention pour le projet Zarka. A hauteur de 50&nbsp;000<br>euros.<\/li><\/ul>\n<!-- \/wp:list -->\n\n<!-- wp:image {\"id\":213309,\"sizeSlug\":\"large\"} -->\n<figure class=\"wp-block-image size-large\"><img src=\"https:\/\/manu-trelaze.com\/wp-content\/uploads\/2020\/09\/unnamed.jpg\" alt=\"\" class=\"wp-image-213309\"\/><\/figure>\n<!-- \/wp:image -->\n\n<!-- wp:list -->\n<ul><li>Angers Loire M\u00e9tropole<br>ALM a re\u00e7u une d\u00e9l\u00e9gation du Conseil d\u2019administration de l\u2019association des Amis des Allumettes suite<br>\u00e0 l\u2019envoi d\u2019une demande de subvention pour projet Zarka. Nous avons eu une r\u00e9ponse positive d\u2019ALM d\u00e9but 2020 \u00e0 hauteur de 50&nbsp;000 euros.<br><\/li><\/ul>\n<!-- \/wp:list -->\n\n<!-- wp:image {\"id\":213508,\"sizeSlug\":\"large\"} -->\n<figure class=\"wp-block-image size-large\"><img src=\"https:\/\/manu-trelaze.com\/wp-content\/uploads\/2020\/09\/telechargement.png\" alt=\"\" class=\"wp-image-213508\"\/><\/figure>\n<!-- \/wp:image -->\n\n<!-- wp:paragraph -->\n<p><\/p>\n<!-- \/wp:paragraph -->\n\n<!-- wp:list -->\n<ul><li>La R\u00e9gion<br>La R\u00e9gion est int\u00e9ress\u00e9e par les projets artistiques de l\u2019association et \u00e9tudie le dossier de demande de subvention de 25&nbsp;000 euros<br><\/li><\/ul>\n<!-- \/wp:list -->\n\n<!-- wp:image {\"id\":213504,\"sizeSlug\":\"large\"} -->\n<figure class=\"wp-block-image size-large\"><img src=\"https:\/\/manu-trelaze.com\/wp-content\/uploads\/2020\/09\/telechargement-1.png\" alt=\"\" class=\"wp-image-213504\"\/><\/figure>\n<!-- \/wp:image -->\n\n<!-- wp:paragraph -->\n<p><\/p>\n<!-- \/wp:paragraph -->\n\n<!-- wp:list -->\n<ul><li>Le D\u00e9partement<br>Le Conseil D\u00e9partement de Maine et Loire tr\u00e8s int\u00e9ress\u00e9 par les projets artistiques de l\u2019association a accord\u00e9 une subvention de 25&nbsp;000 euros.<br><\/li><\/ul>\n<!-- \/wp:list -->\n\n<!-- wp:image {\"id\":213310,\"sizeSlug\":\"large\"} -->\n<figure class=\"wp-block-image size-large\"><img src=\"https:\/\/manu-trelaze.com\/wp-content\/uploads\/2020\/09\/unnamed.png\" alt=\"\" class=\"wp-image-213310\"\/><\/figure>\n<!-- \/wp:image -->\n\n<!-- wp:list -->\n<ul><li>La Fondation de France<br>La Fondation de France soutient depuis l\u2019origine le projet des commanditaires et a accord\u00e9 une subvention significative de 170&nbsp;000 euros.<br><\/li><\/ul>\n<!-- \/wp:list -->\n\n<!-- wp:image {\"id\":213505,\"sizeSlug\":\"large\"} -->\n<figure class=\"wp-block-image size-large\"><img src=\"https:\/\/manu-trelaze.com\/wp-content\/uploads\/2020\/09\/telechargement-2.png\" alt=\"\" class=\"wp-image-213505\"\/><\/figure>\n<!-- \/wp:image -->\n\n<!-- wp:paragraph -->\n<p><\/p>\n<!-- \/wp:paragraph -->\n\n<!-- wp:paragraph {\"fontSize\":\"medium\"} -->\n<p class=\"has-medium-font-size\"><strong>Les partenaires priv\u00e9s&nbsp;:<\/strong><\/p>\n<!-- \/wp:paragraph -->\n\n<!-- wp:list -->\n<ul><li>Podeliha<br>Podeliha est \u00e0 la fois le propri\u00e9taire du site, mais aussi l\u2019am\u00e9nageur et le promoteur des premi\u00e8res op\u00e9rations de logements. Podeliha est donc particuli\u00e8rement moteur sur ce site et le partenaire de concertation des associations et de la ville. Pour le projet Zarka, Podeliha a accept\u00e9 de devenir le ma\u00eetre d\u2019ouvrage de l\u2019\u0153uvre. L\u2019am\u00e9nageur r\u00e9fl\u00e9chit \u00e9galement avec nous au devenir de la structure du ch\u00e2teau d\u2019eau.<br><\/li><\/ul>\n<!-- \/wp:list -->\n\n<!-- wp:image {\"id\":213506,\"sizeSlug\":\"large\"} -->\n<figure class=\"wp-block-image size-large\"><img src=\"https:\/\/manu-trelaze.com\/wp-content\/uploads\/2020\/09\/telechargement-3.png\" alt=\"\" class=\"wp-image-213506\"\/><\/figure>\n<!-- \/wp:image -->\n\n<!-- wp:paragraph -->\n<p><\/p>\n<!-- \/wp:paragraph -->\n\n<!-- wp:list -->\n<ul><li>M\u00e9c\u00e8nes et Loire<br>Fondation d\u2019entreprises priv\u00e9es b\u00e9n\u00e9voles du D\u00e9partement et pr\u00e9sid\u00e9 par Didier Bessard , M\u00e9c\u00e8nes et Loire accorde chaque ann\u00e9e des subventions \u00e0 une quinzaine de projets artistiques. En 2019 c\u2019est le projet des Amis de Allumettes qui a re\u00e7u la plus grosse subvention de M\u00e9c\u00e8nes et Loire d\u2019un montant de 20&nbsp;000 euros. <\/li><\/ul>\n<!-- \/wp:list -->\n\n<!-- wp:image {\"id\":213308,\"sizeSlug\":\"large\"} -->\n<figure class=\"wp-block-image size-large\"><img src=\"https:\/\/manu-trelaze.com\/wp-content\/uploads\/2020\/09\/unnamed-1-2.png\" alt=\"\" class=\"wp-image-213308\"\/><\/figure>\n<!-- \/wp:image -->\n\n<!-- wp:list -->\n<ul><li>Les briqueteries<br>Les Amis des Allumettes sont rentr\u00e9s en contact avec les briqueteries de la r\u00e9gion dans l\u2019espoir d\u2019avoir leur soutien pour le projet Zarka qui n\u00e9cessitera plus de 90\u00a0000 briques<\/li><li>Les autres m\u00e9c\u00e8nes<br>L\u2019association a sollicit\u00e9 une vingtaine de grandes entreprise r\u00e9gionales ou nationales pour boucler le financement du projet\u00a0; A ce jour nous n\u2019avons pas eu de r\u00e9ponses encore positives.<\/li><li>Les particuliers<br>Les membres de l\u2019association, les citoyens de Tr\u00e9laz\u00e9 sont des partenaires importants qui seront sollicit\u00e9 en tant venu pour la finalisation des projets artistiques.<\/li><\/ul>\n<!-- \/wp:list -->\n\n<!-- wp:paragraph {\"fontSize\":\"medium\"} -->\n<p class=\"has-medium-font-size\"><strong>Les partenaires techniques&nbsp;:<\/strong><\/p>\n<!-- \/wp:paragraph -->\n\n<!-- wp:list -->\n<ul><li>Entre deux<br>M\u00e9diateur culturel bas\u00e9 \u00e0 Nantes repr\u00e9sent\u00e9 par Jacques Rivet qui assure la relation avec l\u2019artiste.<\/li><li>Eternal network<br>M\u00e9diateur culturel bas\u00e9 \u00e0 Tours, qui est l\u2019interlocuteur de la Fondation de France.<br><\/li><\/ul>\n<!-- \/wp:list -->\n\n<!-- wp:image {\"id\":213507,\"sizeSlug\":\"large\"} -->\n<figure class=\"wp-block-image size-large\"><img src=\"https:\/\/manu-trelaze.com\/wp-content\/uploads\/2020\/09\/telechargement-4.png\" alt=\"\" class=\"wp-image-213507\"\/><\/figure>\n<!-- \/wp:image -->\n\n<!-- wp:paragraph -->\n<p><\/p>\n<!-- \/wp:paragraph -->\n\n<!-- wp:list -->\n<ul><li>Phytolab<br>Maitre d\u2019\u0153uvre de Podeliha est en charge des espaces publics qui mettront en valeur, au sol, les projets artistiques.<\/li><\/ul>\n<!-- \/wp:list -->","_et_gb_content_width":""},"yoast_head":"<!-- This site is optimized with the Yoast SEO plugin v19.13 - https:\/\/yoast.com\/wordpress\/plugins\/seo\/ -->\n<title>Nos partenaires financiers et institutionnels - Les Amis du Patrimoine Tr\u00e9laz\u00e9en<\/title>\n<meta name=\"robots\" content=\"index, follow, max-snippet:-1, max-image-preview:large, max-video-preview:-1\" \/>\n<link rel=\"canonical\" href=\"https:\/\/manu-trelaze.com\/index.php\/nos-projets-artistique\/nos-partenaires-financiers-et-institutionnels\/\" \/>\n<meta property=\"og:locale\" content=\"fr_FR\" \/>\n<meta property=\"og:type\" content=\"article\" \/>\n<meta property=\"og:title\" content=\"Nos partenaires financiers et institutionnels - Les Amis du Patrimoine Tr\u00e9laz\u00e9en\" \/>\n<meta property=\"og:description\" content=\"Pour nos projets artistiques nous avons ou nous esp\u00e9rons le soutien de nombreux partenaires. Le budget pr\u00e9visionnel de l\u2019\u0153uvre monumentale de la \u00ab&nbsp;doublure&nbsp;\u00bb est en effet cons\u00e9quent. Les partenaires publics&nbsp;: L\u2019EtatDepuis l\u2019origine la DRAC (Direction R\u00e9gionale des Pays de la Loire) soutient la reconversion de la manufacture avec l\u2019appui notamment de Claire Nedelec. La Drac [&hellip;]\" \/>\n<meta property=\"og:url\" content=\"https:\/\/manu-trelaze.com\/index.php\/nos-projets-artistique\/nos-partenaires-financiers-et-institutionnels\/\" \/>\n<meta property=\"og:site_name\" content=\"Les Amis du Patrimoine Tr\u00e9laz\u00e9en\" \/>\n<meta property=\"article:modified_time\" content=\"2020-09-29T13:17:02+00:00\" \/>\n<meta property=\"og:image\" content=\"https:\/\/manu-trelaze.com\/wp-content\/uploads\/2020\/09\/MIN_Culture_RVB-300x228.jpg\" \/>\n<meta name=\"twitter:card\" content=\"summary_large_image\" \/>\n<meta name=\"twitter:label1\" content=\"Dur\u00e9e de lecture estim\u00e9e\" \/>\n\t<meta name=\"twitter:data1\" content=\"3 minutes\" \/>\n<script type=\"application\/ld+json\" class=\"yoast-schema-graph\">{\"@context\":\"https:\/\/schema.org\",\"@graph\":[{\"@type\":\"WebPage\",\"@id\":\"https:\/\/manu-trelaze.com\/index.php\/nos-projets-artistique\/nos-partenaires-financiers-et-institutionnels\/\",\"url\":\"https:\/\/manu-trelaze.com\/index.php\/nos-projets-artistique\/nos-partenaires-financiers-et-institutionnels\/\",\"name\":\"Nos partenaires financiers et institutionnels - Les Amis du Patrimoine Tr\u00e9laz\u00e9en\",\"isPartOf\":{\"@id\":\"https:\/\/manu-trelaze.com\/#website\"},\"datePublished\":\"2020-08-28T13:17:54+00:00\",\"dateModified\":\"2020-09-29T13:17:02+00:00\",\"breadcrumb\":{\"@id\":\"https:\/\/manu-trelaze.com\/index.php\/nos-projets-artistique\/nos-partenaires-financiers-et-institutionnels\/#breadcrumb\"},\"inLanguage\":\"fr-FR\",\"potentialAction\":[{\"@type\":\"ReadAction\",\"target\":[\"https:\/\/manu-trelaze.com\/index.php\/nos-projets-artistique\/nos-partenaires-financiers-et-institutionnels\/\"]}]},{\"@type\":\"BreadcrumbList\",\"@id\":\"https:\/\/manu-trelaze.com\/index.php\/nos-projets-artistique\/nos-partenaires-financiers-et-institutionnels\/#breadcrumb\",\"itemListElement\":[{\"@type\":\"ListItem\",\"position\":1,\"name\":\"Accueil\",\"item\":\"https:\/\/manu-trelaze.com\/\"},{\"@type\":\"ListItem\",\"position\":2,\"name\":\"Nos projets artistique\",\"item\":\"https:\/\/manu-trelaze.com\/index.php\/nos-projets-artistique\/\"},{\"@type\":\"ListItem\",\"position\":3,\"name\":\"Nos partenaires financiers et institutionnels\"}]},{\"@type\":\"WebSite\",\"@id\":\"https:\/\/manu-trelaze.com\/#website\",\"url\":\"https:\/\/manu-trelaze.com\/\",\"name\":\"Les Amis du Patrimoine Tr\u00e9laz\u00e9en\",\"description\":\"Les Amis du Patrimoine Tr\u00e9laz\u00e9en\",\"potentialAction\":[{\"@type\":\"SearchAction\",\"target\":{\"@type\":\"EntryPoint\",\"urlTemplate\":\"https:\/\/manu-trelaze.com\/?s={search_term_string}\"},\"query-input\":\"required name=search_term_string\"}],\"inLanguage\":\"fr-FR\"}]}<\/script>\n<!-- \/ Yoast SEO plugin. -->","yoast_head_json":{"title":"Nos partenaires financiers et institutionnels - Les Amis du Patrimoine Tr\u00e9laz\u00e9en","robots":{"index":"index","follow":"follow","max-snippet":"max-snippet:-1","max-image-preview":"max-image-preview:large","max-video-preview":"max-video-preview:-1"},"canonical":"https:\/\/manu-trelaze.com\/index.php\/nos-projets-artistique\/nos-partenaires-financiers-et-institutionnels\/","og_locale":"fr_FR","og_type":"article","og_title":"Nos partenaires financiers et institutionnels - Les Amis du Patrimoine Tr\u00e9laz\u00e9en","og_description":"Pour nos projets artistiques nous avons ou nous esp\u00e9rons le soutien de nombreux partenaires. Le budget pr\u00e9visionnel de l\u2019\u0153uvre monumentale de la \u00ab&nbsp;doublure&nbsp;\u00bb est en effet cons\u00e9quent. Les partenaires publics&nbsp;: L\u2019EtatDepuis l\u2019origine la DRAC (Direction R\u00e9gionale des Pays de la Loire) soutient la reconversion de la manufacture avec l\u2019appui notamment de Claire Nedelec. La Drac [&hellip;]","og_url":"https:\/\/manu-trelaze.com\/index.php\/nos-projets-artistique\/nos-partenaires-financiers-et-institutionnels\/","og_site_name":"Les Amis du Patrimoine Tr\u00e9laz\u00e9en","article_modified_time":"2020-09-29T13:17:02+00:00","og_image":[{"url":"https:\/\/manu-trelaze.com\/wp-content\/uploads\/2020\/09\/MIN_Culture_RVB-300x228.jpg"}],"twitter_card":"summary_large_image","twitter_misc":{"Dur\u00e9e de lecture estim\u00e9e":"3 minutes"},"schema":{"@context":"https:\/\/schema.org","@graph":[{"@type":"WebPage","@id":"https:\/\/manu-trelaze.com\/index.php\/nos-projets-artistique\/nos-partenaires-financiers-et-institutionnels\/","url":"https:\/\/manu-trelaze.com\/index.php\/nos-projets-artistique\/nos-partenaires-financiers-et-institutionnels\/","name":"Nos partenaires financiers et institutionnels - Les Amis du Patrimoine Tr\u00e9laz\u00e9en","isPartOf":{"@id":"https:\/\/manu-trelaze.com\/#website"},"datePublished":"2020-08-28T13:17:54+00:00","dateModified":"2020-09-29T13:17:02+00:00","breadcrumb":{"@id":"https:\/\/manu-trelaze.com\/index.php\/nos-projets-artistique\/nos-partenaires-financiers-et-institutionnels\/#breadcrumb"},"inLanguage":"fr-FR","potentialAction":[{"@type":"ReadAction","target":["https:\/\/manu-trelaze.com\/index.php\/nos-projets-artistique\/nos-partenaires-financiers-et-institutionnels\/"]}]},{"@type":"BreadcrumbList","@id":"https:\/\/manu-trelaze.com\/index.php\/nos-projets-artistique\/nos-partenaires-financiers-et-institutionnels\/#breadcrumb","itemListElement":[{"@type":"ListItem","position":1,"name":"Accueil","item":"https:\/\/manu-trelaze.com\/"},{"@type":"ListItem","position":2,"name":"Nos projets artistique","item":"https:\/\/manu-trelaze.com\/index.php\/nos-projets-artistique\/"},{"@type":"ListItem","position":3,"name":"Nos partenaires financiers et institutionnels"}]},{"@type":"WebSite","@id":"https:\/\/manu-trelaze.com\/#website","url":"https:\/\/manu-trelaze.com\/","name":"Les Amis du Patrimoine Tr\u00e9laz\u00e9en","description":"Les Amis du Patrimoine Tr\u00e9laz\u00e9en","potentialAction":[{"@type":"SearchAction","target":{"@type":"EntryPoint","urlTemplate":"https:\/\/manu-trelaze.com\/?s={search_term_string}"},"query-input":"required name=search_term_string"}],"inLanguage":"fr-FR"}]}},"_links":{"self":[{"href":"https:\/\/manu-trelaze.com\/index.php\/wp-json\/wp\/v2\/pages\/213171"}],"collection":[{"href":"https:\/\/manu-trelaze.com\/index.php\/wp-json\/wp\/v2\/pages"}],"about":[{"href":"https:\/\/manu-trelaze.com\/index.php\/wp-json\/wp\/v2\/types\/page"}],"author":[{"embeddable":true,"href":"https:\/\/manu-trelaze.com\/index.php\/wp-json\/wp\/v2\/users\/1"}],"replies":[{"embeddable":true,"href":"https:\/\/manu-trelaze.com\/index.php\/wp-json\/wp\/v2\/comments?post=213171"}],"version-history":[{"count":6,"href":"https:\/\/manu-trelaze.com\/index.php\/wp-json\/wp\/v2\/pages\/213171\/revisions"}],"predecessor-version":[{"id":213572,"href":"https:\/\/manu-trelaze.com\/index.php\/wp-json\/wp\/v2\/pages\/213171\/revisions\/213572"}],"up":[{"embeddable":true,"href":"https:\/\/manu-trelaze.com\/index.php\/wp-json\/wp\/v2\/pages\/213163"}],"wp:attachment":[{"href":"https:\/\/manu-trelaze.com\/index.php\/wp-json\/wp\/v2\/media?parent=213171"}],"curies":[{"name":"wp","href":"https:\/\/api.w.org\/{rel}","templated":true}]}}