{"id":213176,"date":"2020-08-28T13:19:49","date_gmt":"2020-08-28T13:19:49","guid":{"rendered":"http:\/\/localhost:10069\/?page_id=213175"},"modified":"2023-10-09T21:49:06","modified_gmt":"2023-10-09T19:49:06","slug":"les-amis-des-allumettes","status":"publish","type":"page","link":"https:\/\/manu-trelaze.com\/index.php\/lassociation\/les-amis-des-allumettes\/","title":{"rendered":"Les Amis du Patrimoine Tr\u00e9laz\u00e9en"},"content":{"rendered":"\n<p>L\u2019objet de notre association est de repr\u00e9senter les habitants et les associations fondatrices aupr\u00e8s de l\u2019am\u00e9nageur, des institutions et de la Ville. Il s\u2019agit de faire A sa cr\u00e9ation en 2019 l\u2019objet de l\u2019association des Allumettes est de repr\u00e9senter les habitants et les associations fondatrices aupr\u00e8s de l\u2019am\u00e9nageur, des institutions et de la Ville. Il s\u2019agit de faire savoir notre int\u00e9r\u00eat pour\u00a0: le projet d\u2019am\u00e9nagement, la pr\u00e9servation du patrimoine de la Manu, la cr\u00e9ation de la salle de m\u00e9moire, la mise en \u0153uvre de nos projets artistiques et la qualit\u00e9 environnementale du projet. L\u2019association des amis des Allumettes est pr\u00e9sid\u00e9e par Pascal REYSSET et \u00e0 son si\u00e8ge social au centre Ginette Leroux \u00e0 Tr\u00e9laz\u00e9.<br>L\u2019association a \u00e9t\u00e9 retenue d\u2019utilit\u00e9 publique le 3 septembre 2020 Le 14 mars 2022 les Amis des Allumettes sont devenus les \u00ab\u00a0Amis du Patrimoine Tr\u00e9laz\u00e9en\u00a0\u00bb<br>pour pouvoir s\u2019int\u00e9resser \u00e9galement au patrimoine minier (Chevalements, machineries, cit\u00e9s mini\u00e8res) en compl\u00e9ment du Mus\u00e9e de l\u2019ardoise, au patrimoine religieux et vernaculaire de la ville de Tr\u00e9laz\u00e9.<\/p>\n","protected":false},"excerpt":{"rendered":"<p>L\u2019objet de notre association est de repr\u00e9senter les habitants et les associations fondatrices aupr\u00e8s de l\u2019am\u00e9nageur, des institutions et de la Ville. Il s\u2019agit de faire A sa cr\u00e9ation en 2019 l\u2019objet de l\u2019association des Allumettes est de repr\u00e9senter les habitants et les associations fondatrices aupr\u00e8s de l\u2019am\u00e9nageur, des institutions et de la Ville. Il [&hellip;]<\/p>\n","protected":false},"author":1,"featured_media":0,"parent":213173,"menu_order":0,"comment_status":"closed","ping_status":"closed","template":"","meta":{"_et_pb_use_builder":"off","_et_pb_old_content":"","_et_gb_content_width":""},"yoast_head":"<!-- This site is optimized with the Yoast SEO plugin v19.13 - https:\/\/yoast.com\/wordpress\/plugins\/seo\/ -->\n<title>Les Amis du Patrimoine Tr\u00e9laz\u00e9en - Les Amis du Patrimoine Tr\u00e9laz\u00e9en<\/title>\n<meta name=\"robots\" content=\"index, follow, max-snippet:-1, max-image-preview:large, max-video-preview:-1\" \/>\n<link rel=\"canonical\" href=\"https:\/\/manu-trelaze.com\/index.php\/lassociation\/les-amis-des-allumettes\/\" \/>\n<meta property=\"og:locale\" content=\"fr_FR\" \/>\n<meta property=\"og:type\" content=\"article\" \/>\n<meta property=\"og:title\" content=\"Les Amis du Patrimoine Tr\u00e9laz\u00e9en - Les Amis du Patrimoine Tr\u00e9laz\u00e9en\" \/>\n<meta property=\"og:description\" content=\"L\u2019objet de notre association est de repr\u00e9senter les habitants et les associations fondatrices aupr\u00e8s de l\u2019am\u00e9nageur, des institutions et de la Ville. Il s\u2019agit de faire A sa cr\u00e9ation en 2019 l\u2019objet de l\u2019association des Allumettes est de repr\u00e9senter les habitants et les associations fondatrices aupr\u00e8s de l\u2019am\u00e9nageur, des institutions et de la Ville. Il [&hellip;]\" \/>\n<meta property=\"og:url\" content=\"https:\/\/manu-trelaze.com\/index.php\/lassociation\/les-amis-des-allumettes\/\" \/>\n<meta property=\"og:site_name\" content=\"Les Amis du Patrimoine Tr\u00e9laz\u00e9en\" \/>\n<meta property=\"article:modified_time\" content=\"2023-10-09T19:49:06+00:00\" \/>\n<meta name=\"twitter:card\" content=\"summary_large_image\" \/>\n<meta name=\"twitter:label1\" content=\"Dur\u00e9e de lecture estim\u00e9e\" \/>\n\t<meta name=\"twitter:data1\" content=\"1 minute\" \/>\n<script type=\"application\/ld+json\" class=\"yoast-schema-graph\">{\"@context\":\"https:\/\/schema.org\",\"@graph\":[{\"@type\":\"WebPage\",\"@id\":\"https:\/\/manu-trelaze.com\/index.php\/lassociation\/les-amis-des-allumettes\/\",\"url\":\"https:\/\/manu-trelaze.com\/index.php\/lassociation\/les-amis-des-allumettes\/\",\"name\":\"Les Amis du Patrimoine Tr\u00e9laz\u00e9en - Les Amis du Patrimoine Tr\u00e9laz\u00e9en\",\"isPartOf\":{\"@id\":\"https:\/\/manu-trelaze.com\/#website\"},\"datePublished\":\"2020-08-28T13:19:49+00:00\",\"dateModified\":\"2023-10-09T19:49:06+00:00\",\"breadcrumb\":{\"@id\":\"https:\/\/manu-trelaze.com\/index.php\/lassociation\/les-amis-des-allumettes\/#breadcrumb\"},\"inLanguage\":\"fr-FR\",\"potentialAction\":[{\"@type\":\"ReadAction\",\"target\":[\"https:\/\/manu-trelaze.com\/index.php\/lassociation\/les-amis-des-allumettes\/\"]}]},{\"@type\":\"BreadcrumbList\",\"@id\":\"https:\/\/manu-trelaze.com\/index.php\/lassociation\/les-amis-des-allumettes\/#breadcrumb\",\"itemListElement\":[{\"@type\":\"ListItem\",\"position\":1,\"name\":\"Accueil\",\"item\":\"https:\/\/manu-trelaze.com\/\"},{\"@type\":\"ListItem\",\"position\":2,\"name\":\"L&rsquo;association\",\"item\":\"https:\/\/manu-trelaze.com\/index.php\/lassociation\/\"},{\"@type\":\"ListItem\",\"position\":3,\"name\":\"Les Amis du Patrimoine Tr\u00e9laz\u00e9en\"}]},{\"@type\":\"WebSite\",\"@id\":\"https:\/\/manu-trelaze.com\/#website\",\"url\":\"https:\/\/manu-trelaze.com\/\",\"name\":\"Les Amis du Patrimoine Tr\u00e9laz\u00e9en\",\"description\":\"Les Amis du Patrimoine Tr\u00e9laz\u00e9en\",\"potentialAction\":[{\"@type\":\"SearchAction\",\"target\":{\"@type\":\"EntryPoint\",\"urlTemplate\":\"https:\/\/manu-trelaze.com\/?s={search_term_string}\"},\"query-input\":\"required name=search_term_string\"}],\"inLanguage\":\"fr-FR\"}]}<\/script>\n<!-- \/ Yoast SEO plugin. -->","yoast_head_json":{"title":"Les Amis du Patrimoine Tr\u00e9laz\u00e9en - Les Amis du Patrimoine Tr\u00e9laz\u00e9en","robots":{"index":"index","follow":"follow","max-snippet":"max-snippet:-1","max-image-preview":"max-image-preview:large","max-video-preview":"max-video-preview:-1"},"canonical":"https:\/\/manu-trelaze.com\/index.php\/lassociation\/les-amis-des-allumettes\/","og_locale":"fr_FR","og_type":"article","og_title":"Les Amis du Patrimoine Tr\u00e9laz\u00e9en - Les Amis du Patrimoine Tr\u00e9laz\u00e9en","og_description":"L\u2019objet de notre association est de repr\u00e9senter les habitants et les associations fondatrices aupr\u00e8s de l\u2019am\u00e9nageur, des institutions et de la Ville. Il s\u2019agit de faire A sa cr\u00e9ation en 2019 l\u2019objet de l\u2019association des Allumettes est de repr\u00e9senter les habitants et les associations fondatrices aupr\u00e8s de l\u2019am\u00e9nageur, des institutions et de la Ville. Il [&hellip;]","og_url":"https:\/\/manu-trelaze.com\/index.php\/lassociation\/les-amis-des-allumettes\/","og_site_name":"Les Amis du Patrimoine Tr\u00e9laz\u00e9en","article_modified_time":"2023-10-09T19:49:06+00:00","twitter_card":"summary_large_image","twitter_misc":{"Dur\u00e9e de lecture estim\u00e9e":"1 minute"},"schema":{"@context":"https:\/\/schema.org","@graph":[{"@type":"WebPage","@id":"https:\/\/manu-trelaze.com\/index.php\/lassociation\/les-amis-des-allumettes\/","url":"https:\/\/manu-trelaze.com\/index.php\/lassociation\/les-amis-des-allumettes\/","name":"Les Amis du Patrimoine Tr\u00e9laz\u00e9en - Les Amis du Patrimoine Tr\u00e9laz\u00e9en","isPartOf":{"@id":"https:\/\/manu-trelaze.com\/#website"},"datePublished":"2020-08-28T13:19:49+00:00","dateModified":"2023-10-09T19:49:06+00:00","breadcrumb":{"@id":"https:\/\/manu-trelaze.com\/index.php\/lassociation\/les-amis-des-allumettes\/#breadcrumb"},"inLanguage":"fr-FR","potentialAction":[{"@type":"ReadAction","target":["https:\/\/manu-trelaze.com\/index.php\/lassociation\/les-amis-des-allumettes\/"]}]},{"@type":"BreadcrumbList","@id":"https:\/\/manu-trelaze.com\/index.php\/lassociation\/les-amis-des-allumettes\/#breadcrumb","itemListElement":[{"@type":"ListItem","position":1,"name":"Accueil","item":"https:\/\/manu-trelaze.com\/"},{"@type":"ListItem","position":2,"name":"L&rsquo;association","item":"https:\/\/manu-trelaze.com\/index.php\/lassociation\/"},{"@type":"ListItem","position":3,"name":"Les Amis du Patrimoine Tr\u00e9laz\u00e9en"}]},{"@type":"WebSite","@id":"https:\/\/manu-trelaze.com\/#website","url":"https:\/\/manu-trelaze.com\/","name":"Les Amis du Patrimoine Tr\u00e9laz\u00e9en","description":"Les Amis du Patrimoine Tr\u00e9laz\u00e9en","potentialAction":[{"@type":"SearchAction","target":{"@type":"EntryPoint","urlTemplate":"https:\/\/manu-trelaze.com\/?s={search_term_string}"},"query-input":"required name=search_term_string"}],"inLanguage":"fr-FR"}]}},"_links":{"self":[{"href":"https:\/\/manu-trelaze.com\/index.php\/wp-json\/wp\/v2\/pages\/213176"}],"collection":[{"href":"https:\/\/manu-trelaze.com\/index.php\/wp-json\/wp\/v2\/pages"}],"about":[{"href":"https:\/\/manu-trelaze.com\/index.php\/wp-json\/wp\/v2\/types\/page"}],"author":[{"embeddable":true,"href":"https:\/\/manu-trelaze.com\/index.php\/wp-json\/wp\/v2\/users\/1"}],"replies":[{"embeddable":true,"href":"https:\/\/manu-trelaze.com\/index.php\/wp-json\/wp\/v2\/comments?post=213176"}],"version-history":[{"count":1,"href":"https:\/\/manu-trelaze.com\/index.php\/wp-json\/wp\/v2\/pages\/213176\/revisions"}],"predecessor-version":[{"id":213728,"href":"https:\/\/manu-trelaze.com\/index.php\/wp-json\/wp\/v2\/pages\/213176\/revisions\/213728"}],"up":[{"embeddable":true,"href":"https:\/\/manu-trelaze.com\/index.php\/wp-json\/wp\/v2\/pages\/213173"}],"wp:attachment":[{"href":"https:\/\/manu-trelaze.com\/index.php\/wp-json\/wp\/v2\/media?parent=213176"}],"curies":[{"name":"wp","href":"https:\/\/api.w.org\/{rel}","templated":true}]}}