{"id":213177,"date":"2020-08-28T13:20:20","date_gmt":"2020-08-28T13:20:20","guid":{"rendered":"http:\/\/localhost:10069\/?page_id=213177"},"modified":"2020-09-08T08:27:09","modified_gmt":"2020-09-08T06:27:09","slug":"les-associations-membres-et-fondatrices","status":"publish","type":"page","link":"https:\/\/manu-trelaze.com\/index.php\/lassociation\/les-associations-membres-et-fondatrices\/","title":{"rendered":"Les associations membres et fondatrices"},"content":{"rendered":"\n<p><strong>CLCV de Tr\u00e9laz\u00e9<\/strong><br>La CLCV (Consommation, logement et cadre de vie) est une association nationale qui d\u00e9fend exclusivement les int\u00e9r\u00eats sp\u00e9cifiques des consommateurs et des usagers. Cr\u00e9\u00e9e en 1952, voulue et maintenue ind\u00e9pendante de toute influence politique, syndicale, professionnelle ou religieuse, la CLCV intervient, aux niveaux national et local, sur tout ce qui concerne la d\u00e9fense des consommateurs (agr\u00e9ment en 1975), la repr\u00e9sentation des locataires, l\u2019\u00e9ducation populaire (agr\u00e9ment en 1983), la d\u00e9fense de l\u2019environnement et la repr\u00e9sentation des usagers du syst\u00e8me de sant\u00e9 dans les instances hospitali\u00e8res ou de sant\u00e9 publique (2006).&nbsp; La section Tr\u00e9laz\u00e9enne de la CLCV est pr\u00e9sid\u00e9e par Gilles RUFFIN. Elle milite depuis longtemps pour la pr\u00e9servation du site des Allumettes.<\/p>\n\n\n\n<p><strong>Le groupement des commanditaires<\/strong><br>Parfois, la cr\u00e9ation artistique permet de reconsid\u00e9rer une situation probl\u00e9matique et de la r\u00e9inventer. Dans le cadre de son programme Culture, la Fondation de France s\u2019int\u00e9resse \u00e0 cette conqu\u00eate de l\u2019art et de la culture par des publics qui en sont \u00e9loign\u00e9s. Depuis plus de 25 ans, le programme \u00ab&nbsp;Nouveaux commanditaires&nbsp;\u00bb permet \u00e0 des citoyens confront\u00e9s \u00e0 des enjeux de soci\u00e9t\u00e9 ou de d\u00e9veloppement d\u2019un territoire de faire appel \u00e0 l\u2019art. Le groupement des Nouveaux commanditaires s\u2019est constitu\u00e9 \u00e0 Tr\u00e9laz\u00e9 avec l\u2019objectif de la cr\u00e9ation d\u2019une \u0153uvre plastique favorisant la m\u00e9moire et la mise en valeur du site de la Manufacture. Un m\u00e9diateur culturel accompagne le groupe citoyen commanditaire pour formaliser sa commande d\u2019\u0153uvre aupr\u00e8s de l\u2019artiste. Le groupe des Nouveaux commanditaires \u00e0 Tr\u00e9laz\u00e9 est anim\u00e9 par Yves BOURRIGAULT.<\/p>\n\n\n\n<p><strong>La Sauvegarde de l\u2019Anjou<\/strong><br>En 1965 est cr\u00e9\u00e9e \u00ab&nbsp;La Sauvegarde du vieil Angers&nbsp;\u00bb dont le but \u00e9tait la protection des sites, monuments et vieilles demeures de la ville d\u2019Angers. Progressivement l\u2019action de cette association s\u2019\u00e9tend au d\u00e9partement du Maine-et-Loire et, en 1973, devient \u00ab&nbsp;La Sauvegarde de l\u2019Anjou&nbsp;\u00bb avec le m\u00eame domaine de comp\u00e9tence que primitivement. En 1978 est d\u00e9cid\u00e9 de prendre en charge la d\u00e9fense de l\u2019environnement au sens large du terme et c\u2019est la m\u00eame ann\u00e9e que \u00ab&nbsp;La Sauvegarde de l\u2019Anjou&nbsp;\u00bb est agr\u00e9\u00e9e par les pouvoirs publics. Depuis lors, son action s\u2019exerce dans deux domaines : la protection des sites et monuments et la protection de l\u2019environnement. Actuellement,&nbsp;dix-huit associations adh\u00e8rent \u00e0 \u00ab&nbsp;La Sauvegarde de l\u2019Anjou&nbsp;\u00bb&nbsp;(dont ADDULT sur Tr\u00e9laz\u00e9) qui dispose, ainsi, d\u2019un r\u00e9seau de comp\u00e9tences et d\u2019informations indispensable pour mener une action coordonn\u00e9e au niveau d\u00e9partemental. La Sauvegarde de l\u2019Anjou est pr\u00e9sid\u00e9e par Yves LEPAGE et membre de la FNE<br><\/p>\n\n\n\n<p><a href=\"http:\/\/La Sauvegarde de l\u2019Anjou\" target=\"_blank\" rel=\"noreferrer noopener\">Voir le site web<\/a><\/p>\n\n\n\n<p><\/p>\n\n\n\n<p><strong>L\u2019Association Angevine des Amis de l\u2019Architecture (A3A)<\/strong><br>Fond\u00e9e en juin 2014 pour aider et compl\u00e9ter l\u2019action du CAUE de Maine-et-Loire L\u2019Association Angevine des Amis de l\u2019Architecture (A3A) a pour objet de faire conna\u00eetre et promouvoir les op\u00e9rations architecturales et urbaines de qualit\u00e9 dans le d\u00e9partement. Elle propose des conf\u00e9rences r\u00e9guli\u00e8res, des visites d\u2019op\u00e9ration et des voyages d\u2019\u00e9tude. Elle \u00e9dite des ouvrages (en 2018 Georges PAPPAS&nbsp;: 3 architectures en Anjou -, en 2019 \u00ab&nbsp;Espaces et handicaps, expertises d\u2019usage&nbsp;\u00bb). A3A est le correspondant de la DRAC pour les Journ\u00e9es nationales de l\u2019architecture et est partie prenante du r\u00e9seau r\u00e9gional Plan 5. L\u2019Association Angevine des Amis de l\u2019Architecture est pr\u00e9sid\u00e9e par Sylvie SOURISSEAU et repr\u00e9sent\u00e9 sur Tr\u00e9laz\u00e9 par Bruno Letellier.<br><\/p>\n\n\n\n<p><strong>L\u2019association des Anciens des Allumettes<\/strong><br>L\u2019activit\u00e9 industrielle de la Manufacture des Allumettes de Tr\u00e9laz\u00e9 a totalement cess\u00e9 en 1981. Cette activit\u00e9 a pendant plus de cinquante ans constitu\u00e9s une entreprise o\u00f9 la solidarit\u00e9 ouvri\u00e8re s\u2019est largement exprim\u00e9e. Depuis, les \u00ab&nbsp;anciens des Allumettes&nbsp;\u00bb se sont associ\u00e9s pour garder la m\u00e9moire de ce travail. Ils organisent chaque ann\u00e9e une rencontre ou s\u2019\u00e9changent les souvenirs de la Manu. L\u2019association des anciens des Allumettes est anim\u00e9e par Guy THAREAU.<br><\/p>\n\n\n\n<p><strong>L\u2019association des artistes r\u00e9sidents de la Manufacture<\/strong><br>Plusieurs artistes travaillent et vivent depuis des sur le site de la Manufacture. Ils ont largement contribu\u00e9 \u00e0 ce que le projet d\u2019am\u00e9nagement int\u00e8gre la sauvegarde de ce patrimoine industriel du XXe si\u00e8cle et au maintien d\u2019une activit\u00e9 artistique en ce lieu. L\u2019association des artistes r\u00e9sidents est anim\u00e9e par Jean-Jacques PIGEON, Jean Michel LETELLIER et Philippe CONTRE auteur du logo des Amis des Allumettes..<\/p>\n","protected":false},"excerpt":{"rendered":"<p>CLCV de Tr\u00e9laz\u00e9La CLCV (Consommation, logement et cadre de vie) est une association nationale qui d\u00e9fend exclusivement les int\u00e9r\u00eats sp\u00e9cifiques des consommateurs et des usagers. Cr\u00e9\u00e9e en 1952, voulue et maintenue ind\u00e9pendante de toute influence politique, syndicale, professionnelle ou religieuse, la CLCV intervient, aux niveaux national et local, sur tout ce qui concerne la d\u00e9fense [&hellip;]<\/p>\n","protected":false},"author":1,"featured_media":0,"parent":213173,"menu_order":0,"comment_status":"closed","ping_status":"closed","template":"","meta":{"_et_pb_use_builder":"off","_et_pb_old_content":"","_et_gb_content_width":""},"yoast_head":"<!-- This site is optimized with the Yoast SEO plugin v19.13 - https:\/\/yoast.com\/wordpress\/plugins\/seo\/ -->\n<title>Les associations membres et fondatrices - Les Amis du Patrimoine Tr\u00e9laz\u00e9en<\/title>\n<meta name=\"robots\" content=\"index, follow, max-snippet:-1, max-image-preview:large, max-video-preview:-1\" \/>\n<link rel=\"canonical\" href=\"https:\/\/manu-trelaze.com\/index.php\/lassociation\/les-associations-membres-et-fondatrices\/\" \/>\n<meta property=\"og:locale\" content=\"fr_FR\" \/>\n<meta property=\"og:type\" content=\"article\" \/>\n<meta property=\"og:title\" content=\"Les associations membres et fondatrices - Les Amis du Patrimoine Tr\u00e9laz\u00e9en\" \/>\n<meta property=\"og:description\" content=\"CLCV de Tr\u00e9laz\u00e9La CLCV (Consommation, logement et cadre de vie) est une association nationale qui d\u00e9fend exclusivement les int\u00e9r\u00eats sp\u00e9cifiques des consommateurs et des usagers. Cr\u00e9\u00e9e en 1952, voulue et maintenue ind\u00e9pendante de toute influence politique, syndicale, professionnelle ou religieuse, la CLCV intervient, aux niveaux national et local, sur tout ce qui concerne la d\u00e9fense [&hellip;]\" \/>\n<meta property=\"og:url\" content=\"https:\/\/manu-trelaze.com\/index.php\/lassociation\/les-associations-membres-et-fondatrices\/\" \/>\n<meta property=\"og:site_name\" content=\"Les Amis du Patrimoine Tr\u00e9laz\u00e9en\" \/>\n<meta property=\"article:modified_time\" content=\"2020-09-08T06:27:09+00:00\" \/>\n<meta name=\"twitter:card\" content=\"summary_large_image\" \/>\n<meta name=\"twitter:label1\" content=\"Dur\u00e9e de lecture estim\u00e9e\" \/>\n\t<meta name=\"twitter:data1\" content=\"4 minutes\" \/>\n<script type=\"application\/ld+json\" class=\"yoast-schema-graph\">{\"@context\":\"https:\/\/schema.org\",\"@graph\":[{\"@type\":\"WebPage\",\"@id\":\"https:\/\/manu-trelaze.com\/index.php\/lassociation\/les-associations-membres-et-fondatrices\/\",\"url\":\"https:\/\/manu-trelaze.com\/index.php\/lassociation\/les-associations-membres-et-fondatrices\/\",\"name\":\"Les associations membres et fondatrices - Les Amis du Patrimoine Tr\u00e9laz\u00e9en\",\"isPartOf\":{\"@id\":\"https:\/\/manu-trelaze.com\/#website\"},\"datePublished\":\"2020-08-28T13:20:20+00:00\",\"dateModified\":\"2020-09-08T06:27:09+00:00\",\"breadcrumb\":{\"@id\":\"https:\/\/manu-trelaze.com\/index.php\/lassociation\/les-associations-membres-et-fondatrices\/#breadcrumb\"},\"inLanguage\":\"fr-FR\",\"potentialAction\":[{\"@type\":\"ReadAction\",\"target\":[\"https:\/\/manu-trelaze.com\/index.php\/lassociation\/les-associations-membres-et-fondatrices\/\"]}]},{\"@type\":\"BreadcrumbList\",\"@id\":\"https:\/\/manu-trelaze.com\/index.php\/lassociation\/les-associations-membres-et-fondatrices\/#breadcrumb\",\"itemListElement\":[{\"@type\":\"ListItem\",\"position\":1,\"name\":\"Accueil\",\"item\":\"https:\/\/manu-trelaze.com\/\"},{\"@type\":\"ListItem\",\"position\":2,\"name\":\"L&rsquo;association\",\"item\":\"https:\/\/manu-trelaze.com\/index.php\/lassociation\/\"},{\"@type\":\"ListItem\",\"position\":3,\"name\":\"Les associations membres et fondatrices\"}]},{\"@type\":\"WebSite\",\"@id\":\"https:\/\/manu-trelaze.com\/#website\",\"url\":\"https:\/\/manu-trelaze.com\/\",\"name\":\"Les Amis du Patrimoine Tr\u00e9laz\u00e9en\",\"description\":\"Les Amis du Patrimoine Tr\u00e9laz\u00e9en\",\"potentialAction\":[{\"@type\":\"SearchAction\",\"target\":{\"@type\":\"EntryPoint\",\"urlTemplate\":\"https:\/\/manu-trelaze.com\/?s={search_term_string}\"},\"query-input\":\"required name=search_term_string\"}],\"inLanguage\":\"fr-FR\"}]}<\/script>\n<!-- \/ Yoast SEO plugin. -->","yoast_head_json":{"title":"Les associations membres et fondatrices - Les Amis du Patrimoine Tr\u00e9laz\u00e9en","robots":{"index":"index","follow":"follow","max-snippet":"max-snippet:-1","max-image-preview":"max-image-preview:large","max-video-preview":"max-video-preview:-1"},"canonical":"https:\/\/manu-trelaze.com\/index.php\/lassociation\/les-associations-membres-et-fondatrices\/","og_locale":"fr_FR","og_type":"article","og_title":"Les associations membres et fondatrices - Les Amis du Patrimoine Tr\u00e9laz\u00e9en","og_description":"CLCV de Tr\u00e9laz\u00e9La CLCV (Consommation, logement et cadre de vie) est une association nationale qui d\u00e9fend exclusivement les int\u00e9r\u00eats sp\u00e9cifiques des consommateurs et des usagers. Cr\u00e9\u00e9e en 1952, voulue et maintenue ind\u00e9pendante de toute influence politique, syndicale, professionnelle ou religieuse, la CLCV intervient, aux niveaux national et local, sur tout ce qui concerne la d\u00e9fense [&hellip;]","og_url":"https:\/\/manu-trelaze.com\/index.php\/lassociation\/les-associations-membres-et-fondatrices\/","og_site_name":"Les Amis du Patrimoine Tr\u00e9laz\u00e9en","article_modified_time":"2020-09-08T06:27:09+00:00","twitter_card":"summary_large_image","twitter_misc":{"Dur\u00e9e de lecture estim\u00e9e":"4 minutes"},"schema":{"@context":"https:\/\/schema.org","@graph":[{"@type":"WebPage","@id":"https:\/\/manu-trelaze.com\/index.php\/lassociation\/les-associations-membres-et-fondatrices\/","url":"https:\/\/manu-trelaze.com\/index.php\/lassociation\/les-associations-membres-et-fondatrices\/","name":"Les associations membres et fondatrices - Les Amis du Patrimoine Tr\u00e9laz\u00e9en","isPartOf":{"@id":"https:\/\/manu-trelaze.com\/#website"},"datePublished":"2020-08-28T13:20:20+00:00","dateModified":"2020-09-08T06:27:09+00:00","breadcrumb":{"@id":"https:\/\/manu-trelaze.com\/index.php\/lassociation\/les-associations-membres-et-fondatrices\/#breadcrumb"},"inLanguage":"fr-FR","potentialAction":[{"@type":"ReadAction","target":["https:\/\/manu-trelaze.com\/index.php\/lassociation\/les-associations-membres-et-fondatrices\/"]}]},{"@type":"BreadcrumbList","@id":"https:\/\/manu-trelaze.com\/index.php\/lassociation\/les-associations-membres-et-fondatrices\/#breadcrumb","itemListElement":[{"@type":"ListItem","position":1,"name":"Accueil","item":"https:\/\/manu-trelaze.com\/"},{"@type":"ListItem","position":2,"name":"L&rsquo;association","item":"https:\/\/manu-trelaze.com\/index.php\/lassociation\/"},{"@type":"ListItem","position":3,"name":"Les associations membres et fondatrices"}]},{"@type":"WebSite","@id":"https:\/\/manu-trelaze.com\/#website","url":"https:\/\/manu-trelaze.com\/","name":"Les Amis du Patrimoine Tr\u00e9laz\u00e9en","description":"Les Amis du Patrimoine Tr\u00e9laz\u00e9en","potentialAction":[{"@type":"SearchAction","target":{"@type":"EntryPoint","urlTemplate":"https:\/\/manu-trelaze.com\/?s={search_term_string}"},"query-input":"required name=search_term_string"}],"inLanguage":"fr-FR"}]}},"_links":{"self":[{"href":"https:\/\/manu-trelaze.com\/index.php\/wp-json\/wp\/v2\/pages\/213177"}],"collection":[{"href":"https:\/\/manu-trelaze.com\/index.php\/wp-json\/wp\/v2\/pages"}],"about":[{"href":"https:\/\/manu-trelaze.com\/index.php\/wp-json\/wp\/v2\/types\/page"}],"author":[{"embeddable":true,"href":"https:\/\/manu-trelaze.com\/index.php\/wp-json\/wp\/v2\/users\/1"}],"replies":[{"embeddable":true,"href":"https:\/\/manu-trelaze.com\/index.php\/wp-json\/wp\/v2\/comments?post=213177"}],"version-history":[{"count":1,"href":"https:\/\/manu-trelaze.com\/index.php\/wp-json\/wp\/v2\/pages\/213177\/revisions"}],"predecessor-version":[{"id":213502,"href":"https:\/\/manu-trelaze.com\/index.php\/wp-json\/wp\/v2\/pages\/213177\/revisions\/213502"}],"up":[{"embeddable":true,"href":"https:\/\/manu-trelaze.com\/index.php\/wp-json\/wp\/v2\/pages\/213173"}],"wp:attachment":[{"href":"https:\/\/manu-trelaze.com\/index.php\/wp-json\/wp\/v2\/media?parent=213177"}],"curies":[{"name":"wp","href":"https:\/\/api.w.org\/{rel}","templated":true}]}}