{"id":213185,"date":"2020-08-28T13:22:07","date_gmt":"2020-08-28T13:22:07","guid":{"rendered":"http:\/\/localhost:10069\/?page_id=213185"},"modified":"2020-09-08T01:30:36","modified_gmt":"2020-09-07T23:30:36","slug":"communication","status":"publish","type":"page","link":"https:\/\/manu-trelaze.com\/index.php\/lassociation\/communication\/","title":{"rendered":"Communication"},"content":{"rendered":"\n<div class=\"wp-block-file\"><a href=\"https:\/\/manu-trelaze.com\/wp-content\/uploads\/2020\/09\/Lettre-1.pdf\">Lettre-1<\/a><a href=\"https:\/\/manu-trelaze.com\/wp-content\/uploads\/2020\/09\/Lettre-1.pdf\" class=\"wp-block-file__button\" download>T\u00e9l\u00e9charger<\/a><\/div>\n\n\n\n<div class=\"wp-block-file\"><a href=\"https:\/\/manu-trelaze.com\/wp-content\/uploads\/2020\/09\/Lettre-d-2.pdf\">Lettre-d-2<\/a><a href=\"https:\/\/manu-trelaze.com\/wp-content\/uploads\/2020\/09\/Lettre-d-2.pdf\" class=\"wp-block-file__button\" download>T\u00e9l\u00e9charger<\/a><\/div>\n\n\n\n<figure class=\"wp-block-gallery columns-2 is-cropped\"><ul class=\"blocks-gallery-grid\"><li class=\"blocks-gallery-item\"><figure><img src=\"https:\/\/manu-trelaze.com\/wp-content\/uploads\/2020\/09\/Article-allumettes-724x1024.jpg\" alt=\"\" data-id=\"213229\" data-link=\"http:\/\/localhost:10069\/lassociation\/communication\/article-allumettes\/\" class=\"wp-image-213229\"\/><\/figure><\/li><li class=\"blocks-gallery-item\"><figure><img src=\"https:\/\/manu-trelaze.com\/wp-content\/uploads\/2020\/09\/Article-PR.jpg\" alt=\"\" data-id=\"213230\" data-full-url=\"https:\/\/manu-trelaze.com\/wp-content\/uploads\/2020\/09\/Article-PR.jpg\" data-link=\"http:\/\/localhost:10069\/lassociation\/communication\/article-pr\/\" class=\"wp-image-213230\"\/><\/figure><\/li><\/ul><\/figure>\n","protected":false},"excerpt":{"rendered":"","protected":false},"author":1,"featured_media":0,"parent":213173,"menu_order":0,"comment_status":"closed","ping_status":"closed","template":"","meta":{"_et_pb_use_builder":"off","_et_pb_old_content":"","_et_gb_content_width":""},"yoast_head":"<!-- This site is optimized with the Yoast SEO plugin v19.13 - https:\/\/yoast.com\/wordpress\/plugins\/seo\/ -->\n<title>Communication - Les Amis du Patrimoine Tr\u00e9laz\u00e9en<\/title>\n<meta name=\"robots\" content=\"index, follow, max-snippet:-1, max-image-preview:large, max-video-preview:-1\" \/>\n<link rel=\"canonical\" href=\"https:\/\/manu-trelaze.com\/index.php\/lassociation\/communication\/\" \/>\n<meta property=\"og:locale\" content=\"fr_FR\" \/>\n<meta property=\"og:type\" content=\"article\" \/>\n<meta property=\"og:title\" content=\"Communication - Les Amis du Patrimoine Tr\u00e9laz\u00e9en\" \/>\n<meta property=\"og:url\" content=\"https:\/\/manu-trelaze.com\/index.php\/lassociation\/communication\/\" \/>\n<meta property=\"og:site_name\" content=\"Les Amis du Patrimoine Tr\u00e9laz\u00e9en\" \/>\n<meta property=\"article:modified_time\" content=\"2020-09-07T23:30:36+00:00\" \/>\n<meta property=\"og:image\" content=\"https:\/\/manu-trelaze.com\/wp-content\/uploads\/2020\/09\/Article-allumettes-724x1024.jpg\" \/>\n<meta name=\"twitter:card\" content=\"summary_large_image\" \/>\n<script type=\"application\/ld+json\" class=\"yoast-schema-graph\">{\"@context\":\"https:\/\/schema.org\",\"@graph\":[{\"@type\":\"WebPage\",\"@id\":\"https:\/\/manu-trelaze.com\/index.php\/lassociation\/communication\/\",\"url\":\"https:\/\/manu-trelaze.com\/index.php\/lassociation\/communication\/\",\"name\":\"Communication - Les Amis du Patrimoine Tr\u00e9laz\u00e9en\",\"isPartOf\":{\"@id\":\"https:\/\/manu-trelaze.com\/#website\"},\"datePublished\":\"2020-08-28T13:22:07+00:00\",\"dateModified\":\"2020-09-07T23:30:36+00:00\",\"breadcrumb\":{\"@id\":\"https:\/\/manu-trelaze.com\/index.php\/lassociation\/communication\/#breadcrumb\"},\"inLanguage\":\"fr-FR\",\"potentialAction\":[{\"@type\":\"ReadAction\",\"target\":[\"https:\/\/manu-trelaze.com\/index.php\/lassociation\/communication\/\"]}]},{\"@type\":\"BreadcrumbList\",\"@id\":\"https:\/\/manu-trelaze.com\/index.php\/lassociation\/communication\/#breadcrumb\",\"itemListElement\":[{\"@type\":\"ListItem\",\"position\":1,\"name\":\"Accueil\",\"item\":\"https:\/\/manu-trelaze.com\/\"},{\"@type\":\"ListItem\",\"position\":2,\"name\":\"L&rsquo;association\",\"item\":\"https:\/\/manu-trelaze.com\/index.php\/lassociation\/\"},{\"@type\":\"ListItem\",\"position\":3,\"name\":\"Communication\"}]},{\"@type\":\"WebSite\",\"@id\":\"https:\/\/manu-trelaze.com\/#website\",\"url\":\"https:\/\/manu-trelaze.com\/\",\"name\":\"Les Amis du Patrimoine Tr\u00e9laz\u00e9en\",\"description\":\"Les Amis du Patrimoine Tr\u00e9laz\u00e9en\",\"potentialAction\":[{\"@type\":\"SearchAction\",\"target\":{\"@type\":\"EntryPoint\",\"urlTemplate\":\"https:\/\/manu-trelaze.com\/?s={search_term_string}\"},\"query-input\":\"required name=search_term_string\"}],\"inLanguage\":\"fr-FR\"}]}<\/script>\n<!-- \/ Yoast SEO plugin. -->","yoast_head_json":{"title":"Communication - Les Amis du Patrimoine Tr\u00e9laz\u00e9en","robots":{"index":"index","follow":"follow","max-snippet":"max-snippet:-1","max-image-preview":"max-image-preview:large","max-video-preview":"max-video-preview:-1"},"canonical":"https:\/\/manu-trelaze.com\/index.php\/lassociation\/communication\/","og_locale":"fr_FR","og_type":"article","og_title":"Communication - Les Amis du Patrimoine Tr\u00e9laz\u00e9en","og_url":"https:\/\/manu-trelaze.com\/index.php\/lassociation\/communication\/","og_site_name":"Les Amis du Patrimoine Tr\u00e9laz\u00e9en","article_modified_time":"2020-09-07T23:30:36+00:00","og_image":[{"url":"https:\/\/manu-trelaze.com\/wp-content\/uploads\/2020\/09\/Article-allumettes-724x1024.jpg"}],"twitter_card":"summary_large_image","schema":{"@context":"https:\/\/schema.org","@graph":[{"@type":"WebPage","@id":"https:\/\/manu-trelaze.com\/index.php\/lassociation\/communication\/","url":"https:\/\/manu-trelaze.com\/index.php\/lassociation\/communication\/","name":"Communication - Les Amis du Patrimoine Tr\u00e9laz\u00e9en","isPartOf":{"@id":"https:\/\/manu-trelaze.com\/#website"},"datePublished":"2020-08-28T13:22:07+00:00","dateModified":"2020-09-07T23:30:36+00:00","breadcrumb":{"@id":"https:\/\/manu-trelaze.com\/index.php\/lassociation\/communication\/#breadcrumb"},"inLanguage":"fr-FR","potentialAction":[{"@type":"ReadAction","target":["https:\/\/manu-trelaze.com\/index.php\/lassociation\/communication\/"]}]},{"@type":"BreadcrumbList","@id":"https:\/\/manu-trelaze.com\/index.php\/lassociation\/communication\/#breadcrumb","itemListElement":[{"@type":"ListItem","position":1,"name":"Accueil","item":"https:\/\/manu-trelaze.com\/"},{"@type":"ListItem","position":2,"name":"L&rsquo;association","item":"https:\/\/manu-trelaze.com\/index.php\/lassociation\/"},{"@type":"ListItem","position":3,"name":"Communication"}]},{"@type":"WebSite","@id":"https:\/\/manu-trelaze.com\/#website","url":"https:\/\/manu-trelaze.com\/","name":"Les Amis du Patrimoine Tr\u00e9laz\u00e9en","description":"Les Amis du Patrimoine Tr\u00e9laz\u00e9en","potentialAction":[{"@type":"SearchAction","target":{"@type":"EntryPoint","urlTemplate":"https:\/\/manu-trelaze.com\/?s={search_term_string}"},"query-input":"required name=search_term_string"}],"inLanguage":"fr-FR"}]}},"_links":{"self":[{"href":"https:\/\/manu-trelaze.com\/index.php\/wp-json\/wp\/v2\/pages\/213185"}],"collection":[{"href":"https:\/\/manu-trelaze.com\/index.php\/wp-json\/wp\/v2\/pages"}],"about":[{"href":"https:\/\/manu-trelaze.com\/index.php\/wp-json\/wp\/v2\/types\/page"}],"author":[{"embeddable":true,"href":"https:\/\/manu-trelaze.com\/index.php\/wp-json\/wp\/v2\/users\/1"}],"replies":[{"embeddable":true,"href":"https:\/\/manu-trelaze.com\/index.php\/wp-json\/wp\/v2\/comments?post=213185"}],"version-history":[{"count":1,"href":"https:\/\/manu-trelaze.com\/index.php\/wp-json\/wp\/v2\/pages\/213185\/revisions"}],"predecessor-version":[{"id":213477,"href":"https:\/\/manu-trelaze.com\/index.php\/wp-json\/wp\/v2\/pages\/213185\/revisions\/213477"}],"up":[{"embeddable":true,"href":"https:\/\/manu-trelaze.com\/index.php\/wp-json\/wp\/v2\/pages\/213173"}],"wp:attachment":[{"href":"https:\/\/manu-trelaze.com\/index.php\/wp-json\/wp\/v2\/media?parent=213185"}],"curies":[{"name":"wp","href":"https:\/\/api.w.org\/{rel}","templated":true}]}}