{"id":213191,"date":"2020-08-28T13:26:55","date_gmt":"2020-08-28T13:26:55","guid":{"rendered":"http:\/\/localhost:10069\/?page_id=213191"},"modified":"2020-09-15T07:31:30","modified_gmt":"2020-09-15T05:31:30","slug":"de-la-friche-a-lintervention-des-associations-et-de-la-drac","status":"publish","type":"page","link":"https:\/\/manu-trelaze.com\/index.php\/historique-de-la-manufacture-de-trelaze\/de-la-friche-a-lintervention-des-associations-et-de-la-drac\/","title":{"rendered":"De la friche \u00e0 l&rsquo;intervention des associations et de la DRAC"},"content":{"rendered":"\n<p>De la fin de l\u2019exploitation de la Manu \u00e0 la friche industrielle avant son renouveau en un nouveau quartier. En 1981 la Seita d\u00e9cide de mettre fin \u00e0 l\u2019activit\u00e9. Pour les deux cent salari\u00e9s c\u2019est une catastrophe et pour Tr\u00e9laz\u00e9 aussi \u00e0 l\u2019heure ou l\u2019activit\u00e9 des ardoisi\u00e8res est en plein d\u00e9clin. Le po\u00e8me ci-dessous, \u00ab&nbsp;adieu Manu&nbsp;\u00bb \u00e9crit par madame Massicot montre l\u2019attachement et le d\u00e9sarroi de toute une g\u00e9n\u00e9ration pour la Manu. Le mus\u00e9e num\u00e9rique de Tr\u00e9laz\u00e9 (lien vers le site) rassemble de nombreuses archives et surtout des t\u00e9moignages \u00e9mouvants de la vie ouvri\u00e8re qu\u2019il faut absolument voir et \u00e9couter.<br><\/p>\n\n\n\n<div class=\"wp-block-file\"><a href=\"https:\/\/manu-trelaze.com\/wp-content\/uploads\/2020\/09\/RETRANSCRIPTION-DU-POEME-1.pdf\">RETRANSCRIPTION-DU-POEME-1<\/a><a href=\"https:\/\/manu-trelaze.com\/wp-content\/uploads\/2020\/09\/RETRANSCRIPTION-DU-POEME-1.pdf\" class=\"wp-block-file__button\" download>T\u00e9l\u00e9charger<\/a><\/div>\n\n\n\n<p>Le site est alors vendu \u00e0 la ville qui le rec\u00e8de \u00e0 un investisseur qui se contente de d\u00e9couper l\u2019ensemble et de le louer \u00e0 des entreprises peu valorisantes puis \u00e0 quelques artistes.. Le site d\u00e9cline et devient peu \u00e0 peu une friche industrielle rachet\u00e9 par le Toit Angevin qui deviendra Podeliha. Des premi\u00e8res destructions de b\u00e2timents alertent la DRAC et les associations\u00a0: c\u2019est le d\u00e9but d\u2019une reconqu\u00eate urbaine. La premi\u00e8re association \u00e0 militer pour la sauvegarde de la Manu est la \u00ab\u00a0R\u00eaverie des allumettes\u00a0\u00bb autour des artistes pr\u00e9sents sur le site. C\u2019est ensuite la CLCV de Tr\u00e9laz\u00e9 qui s\u2019implique fortement bient\u00f4t second\u00e9e par la Sauvegarde de l\u2019Anjou. Plus tard viendront le Groupement des commanditaires, puis \u00ab\u00a0A3A\u00a0\u00bb et les \u00ab\u00a0anciens des allumettes\u00a0\u00bb. Ce sont ces associations qui d\u00e9cident de coordonner leurs efforts au sein des \u00ab\u00a0Amis des Allumettes\u00a0\u00bb<br><br><\/p>\n\n\n\n<figure class=\"wp-block-image size-large\"><img src=\"https:\/\/manu-trelaze.com\/wp-content\/uploads\/2020\/09\/Photo-a\u00e9rienne-du-site-en-2007-1.jpg\" alt=\"\" class=\"wp-image-213199\"\/><\/figure>\n","protected":false},"excerpt":{"rendered":"<p>De la fin de l\u2019exploitation de la Manu \u00e0 la friche industrielle avant son renouveau en un nouveau quartier. En 1981 la Seita d\u00e9cide de mettre fin \u00e0 l\u2019activit\u00e9. Pour les deux cent salari\u00e9s c\u2019est une catastrophe et pour Tr\u00e9laz\u00e9 aussi \u00e0 l\u2019heure ou l\u2019activit\u00e9 des ardoisi\u00e8res est en plein d\u00e9clin. Le po\u00e8me ci-dessous, \u00ab&nbsp;adieu [&hellip;]<\/p>\n","protected":false},"author":1,"featured_media":0,"parent":213138,"menu_order":0,"comment_status":"closed","ping_status":"closed","template":"","meta":{"_et_pb_use_builder":"off","_et_pb_old_content":"","_et_gb_content_width":""},"yoast_head":"<!-- This site is optimized with the Yoast SEO plugin v19.13 - https:\/\/yoast.com\/wordpress\/plugins\/seo\/ -->\n<title>De la friche \u00e0 l&#039;intervention des associations et de la DRAC - Les Amis du Patrimoine Tr\u00e9laz\u00e9en<\/title>\n<meta name=\"robots\" content=\"index, follow, max-snippet:-1, max-image-preview:large, max-video-preview:-1\" \/>\n<link rel=\"canonical\" href=\"https:\/\/manu-trelaze.com\/index.php\/historique-de-la-manufacture-de-trelaze\/de-la-friche-a-lintervention-des-associations-et-de-la-drac\/\" \/>\n<meta property=\"og:locale\" content=\"fr_FR\" \/>\n<meta property=\"og:type\" content=\"article\" \/>\n<meta property=\"og:title\" content=\"De la friche \u00e0 l&#039;intervention des associations et de la DRAC - Les Amis du Patrimoine Tr\u00e9laz\u00e9en\" \/>\n<meta property=\"og:description\" content=\"De la fin de l\u2019exploitation de la Manu \u00e0 la friche industrielle avant son renouveau en un nouveau quartier. En 1981 la Seita d\u00e9cide de mettre fin \u00e0 l\u2019activit\u00e9. Pour les deux cent salari\u00e9s c\u2019est une catastrophe et pour Tr\u00e9laz\u00e9 aussi \u00e0 l\u2019heure ou l\u2019activit\u00e9 des ardoisi\u00e8res est en plein d\u00e9clin. Le po\u00e8me ci-dessous, \u00ab&nbsp;adieu [&hellip;]\" \/>\n<meta property=\"og:url\" content=\"https:\/\/manu-trelaze.com\/index.php\/historique-de-la-manufacture-de-trelaze\/de-la-friche-a-lintervention-des-associations-et-de-la-drac\/\" \/>\n<meta property=\"og:site_name\" content=\"Les Amis du Patrimoine Tr\u00e9laz\u00e9en\" \/>\n<meta property=\"article:modified_time\" content=\"2020-09-15T05:31:30+00:00\" \/>\n<meta name=\"twitter:card\" content=\"summary_large_image\" \/>\n<meta name=\"twitter:label1\" content=\"Dur\u00e9e de lecture estim\u00e9e\" \/>\n\t<meta name=\"twitter:data1\" content=\"1 minute\" \/>\n<script type=\"application\/ld+json\" class=\"yoast-schema-graph\">{\"@context\":\"https:\/\/schema.org\",\"@graph\":[{\"@type\":\"WebPage\",\"@id\":\"https:\/\/manu-trelaze.com\/index.php\/historique-de-la-manufacture-de-trelaze\/de-la-friche-a-lintervention-des-associations-et-de-la-drac\/\",\"url\":\"https:\/\/manu-trelaze.com\/index.php\/historique-de-la-manufacture-de-trelaze\/de-la-friche-a-lintervention-des-associations-et-de-la-drac\/\",\"name\":\"De la friche \u00e0 l'intervention des associations et de la DRAC - Les Amis du Patrimoine Tr\u00e9laz\u00e9en\",\"isPartOf\":{\"@id\":\"https:\/\/manu-trelaze.com\/#website\"},\"datePublished\":\"2020-08-28T13:26:55+00:00\",\"dateModified\":\"2020-09-15T05:31:30+00:00\",\"breadcrumb\":{\"@id\":\"https:\/\/manu-trelaze.com\/index.php\/historique-de-la-manufacture-de-trelaze\/de-la-friche-a-lintervention-des-associations-et-de-la-drac\/#breadcrumb\"},\"inLanguage\":\"fr-FR\",\"potentialAction\":[{\"@type\":\"ReadAction\",\"target\":[\"https:\/\/manu-trelaze.com\/index.php\/historique-de-la-manufacture-de-trelaze\/de-la-friche-a-lintervention-des-associations-et-de-la-drac\/\"]}]},{\"@type\":\"BreadcrumbList\",\"@id\":\"https:\/\/manu-trelaze.com\/index.php\/historique-de-la-manufacture-de-trelaze\/de-la-friche-a-lintervention-des-associations-et-de-la-drac\/#breadcrumb\",\"itemListElement\":[{\"@type\":\"ListItem\",\"position\":1,\"name\":\"Accueil\",\"item\":\"https:\/\/manu-trelaze.com\/\"},{\"@type\":\"ListItem\",\"position\":2,\"name\":\"Historique de la Manufacture de Tr\u00e9laz\u00e9\",\"item\":\"https:\/\/manu-trelaze.com\/index.php\/historique-de-la-manufacture-de-trelaze\/\"},{\"@type\":\"ListItem\",\"position\":3,\"name\":\"De la friche \u00e0 l&rsquo;intervention des associations et de la DRAC\"}]},{\"@type\":\"WebSite\",\"@id\":\"https:\/\/manu-trelaze.com\/#website\",\"url\":\"https:\/\/manu-trelaze.com\/\",\"name\":\"Les Amis du Patrimoine Tr\u00e9laz\u00e9en\",\"description\":\"Les Amis du Patrimoine Tr\u00e9laz\u00e9en\",\"potentialAction\":[{\"@type\":\"SearchAction\",\"target\":{\"@type\":\"EntryPoint\",\"urlTemplate\":\"https:\/\/manu-trelaze.com\/?s={search_term_string}\"},\"query-input\":\"required name=search_term_string\"}],\"inLanguage\":\"fr-FR\"}]}<\/script>\n<!-- \/ Yoast SEO plugin. -->","yoast_head_json":{"title":"De la friche \u00e0 l'intervention des associations et de la DRAC - Les Amis du Patrimoine Tr\u00e9laz\u00e9en","robots":{"index":"index","follow":"follow","max-snippet":"max-snippet:-1","max-image-preview":"max-image-preview:large","max-video-preview":"max-video-preview:-1"},"canonical":"https:\/\/manu-trelaze.com\/index.php\/historique-de-la-manufacture-de-trelaze\/de-la-friche-a-lintervention-des-associations-et-de-la-drac\/","og_locale":"fr_FR","og_type":"article","og_title":"De la friche \u00e0 l'intervention des associations et de la DRAC - Les Amis du Patrimoine Tr\u00e9laz\u00e9en","og_description":"De la fin de l\u2019exploitation de la Manu \u00e0 la friche industrielle avant son renouveau en un nouveau quartier. En 1981 la Seita d\u00e9cide de mettre fin \u00e0 l\u2019activit\u00e9. Pour les deux cent salari\u00e9s c\u2019est une catastrophe et pour Tr\u00e9laz\u00e9 aussi \u00e0 l\u2019heure ou l\u2019activit\u00e9 des ardoisi\u00e8res est en plein d\u00e9clin. Le po\u00e8me ci-dessous, \u00ab&nbsp;adieu [&hellip;]","og_url":"https:\/\/manu-trelaze.com\/index.php\/historique-de-la-manufacture-de-trelaze\/de-la-friche-a-lintervention-des-associations-et-de-la-drac\/","og_site_name":"Les Amis du Patrimoine Tr\u00e9laz\u00e9en","article_modified_time":"2020-09-15T05:31:30+00:00","twitter_card":"summary_large_image","twitter_misc":{"Dur\u00e9e de lecture estim\u00e9e":"1 minute"},"schema":{"@context":"https:\/\/schema.org","@graph":[{"@type":"WebPage","@id":"https:\/\/manu-trelaze.com\/index.php\/historique-de-la-manufacture-de-trelaze\/de-la-friche-a-lintervention-des-associations-et-de-la-drac\/","url":"https:\/\/manu-trelaze.com\/index.php\/historique-de-la-manufacture-de-trelaze\/de-la-friche-a-lintervention-des-associations-et-de-la-drac\/","name":"De la friche \u00e0 l'intervention des associations et de la DRAC - Les Amis du Patrimoine Tr\u00e9laz\u00e9en","isPartOf":{"@id":"https:\/\/manu-trelaze.com\/#website"},"datePublished":"2020-08-28T13:26:55+00:00","dateModified":"2020-09-15T05:31:30+00:00","breadcrumb":{"@id":"https:\/\/manu-trelaze.com\/index.php\/historique-de-la-manufacture-de-trelaze\/de-la-friche-a-lintervention-des-associations-et-de-la-drac\/#breadcrumb"},"inLanguage":"fr-FR","potentialAction":[{"@type":"ReadAction","target":["https:\/\/manu-trelaze.com\/index.php\/historique-de-la-manufacture-de-trelaze\/de-la-friche-a-lintervention-des-associations-et-de-la-drac\/"]}]},{"@type":"BreadcrumbList","@id":"https:\/\/manu-trelaze.com\/index.php\/historique-de-la-manufacture-de-trelaze\/de-la-friche-a-lintervention-des-associations-et-de-la-drac\/#breadcrumb","itemListElement":[{"@type":"ListItem","position":1,"name":"Accueil","item":"https:\/\/manu-trelaze.com\/"},{"@type":"ListItem","position":2,"name":"Historique de la Manufacture de Tr\u00e9laz\u00e9","item":"https:\/\/manu-trelaze.com\/index.php\/historique-de-la-manufacture-de-trelaze\/"},{"@type":"ListItem","position":3,"name":"De la friche \u00e0 l&rsquo;intervention des associations et de la DRAC"}]},{"@type":"WebSite","@id":"https:\/\/manu-trelaze.com\/#website","url":"https:\/\/manu-trelaze.com\/","name":"Les Amis du Patrimoine Tr\u00e9laz\u00e9en","description":"Les Amis du Patrimoine Tr\u00e9laz\u00e9en","potentialAction":[{"@type":"SearchAction","target":{"@type":"EntryPoint","urlTemplate":"https:\/\/manu-trelaze.com\/?s={search_term_string}"},"query-input":"required name=search_term_string"}],"inLanguage":"fr-FR"}]}},"_links":{"self":[{"href":"https:\/\/manu-trelaze.com\/index.php\/wp-json\/wp\/v2\/pages\/213191"}],"collection":[{"href":"https:\/\/manu-trelaze.com\/index.php\/wp-json\/wp\/v2\/pages"}],"about":[{"href":"https:\/\/manu-trelaze.com\/index.php\/wp-json\/wp\/v2\/types\/page"}],"author":[{"embeddable":true,"href":"https:\/\/manu-trelaze.com\/index.php\/wp-json\/wp\/v2\/users\/1"}],"replies":[{"embeddable":true,"href":"https:\/\/manu-trelaze.com\/index.php\/wp-json\/wp\/v2\/comments?post=213191"}],"version-history":[{"count":6,"href":"https:\/\/manu-trelaze.com\/index.php\/wp-json\/wp\/v2\/pages\/213191\/revisions"}],"predecessor-version":[{"id":213560,"href":"https:\/\/manu-trelaze.com\/index.php\/wp-json\/wp\/v2\/pages\/213191\/revisions\/213560"}],"up":[{"embeddable":true,"href":"https:\/\/manu-trelaze.com\/index.php\/wp-json\/wp\/v2\/pages\/213138"}],"wp:attachment":[{"href":"https:\/\/manu-trelaze.com\/index.php\/wp-json\/wp\/v2\/media?parent=213191"}],"curies":[{"name":"wp","href":"https:\/\/api.w.org\/{rel}","templated":true}]}}