{"id":213580,"date":"2020-10-20T11:57:59","date_gmt":"2020-10-20T09:57:59","guid":{"rendered":"https:\/\/manu-trelaze.com\/?page_id=213580"},"modified":"2020-10-20T11:58:10","modified_gmt":"2020-10-20T09:58:10","slug":"mentions-legales","status":"publish","type":"page","link":"https:\/\/manu-trelaze.com\/index.php\/mentions-legales\/","title":{"rendered":"Mentions L\u00e9gales"},"content":{"rendered":"\n<h4>\u00c9diteur<\/h4>\n\n\n\n<p>L\u2019\u00e9dition du site www.manu-trelaze.com est assur\u00e9e par l&rsquo;ASSOCIATION DES AMIS DES ALLUMETTES, Association d\u00e9clar\u00e9e immatricul\u00e9e sous le num\u00e9ro de SIRET 88327220500013, dont le si\u00e8ge social est situ\u00e9 au 54 AV DE LA REPUBLIQUE 49800 TRELAZE.<\/p>\n\n\n\n<p>Directeur de la Publication : Pascal Reysset<br><a href=\"mailto:preysset@expertise-urbaine.com\">preysset@expertise-urbaine.com<\/a><\/p>\n\n\n\n<h4>Conception-r\u00e9alisation<\/h4>\n\n\n\n<p>MONSIEUR PIERRE APPELL<br>SIRET :&nbsp; 83146170200019<br>11 rue George Sand &#8211;<br>49100 &#8211; Angers<\/p>\n\n\n\n<p>N\u00b0 de t\u00e9l\u00e9phone: 06.51.05.45.29<br>Adresse mail: contact@pierreappell.com<\/p>\n\n\n\n<h4>H\u00e9bergeur<\/h4>\n\n\n\n<p>Le site internet www.manu-trelaze.com est h\u00e9berg\u00e9 par online.net, Soci\u00e9t\u00e9 par Actions Simplifi\u00e9e au capital de 214 410,50 Euros immatricul\u00e9e sous le num\u00e9ro de SIREN 433 115 904 RCS Paris dont le si\u00e8ge social est situ\u00e9 au 8 rue de la Ville l\u2019Ev\u00eaque, 75008 Paris, France<\/p>\n\n\n\n<p>VAT number:\u00a0FR 35 433115904 \/ H\u00e9bergeur :\u00a0ONLINE SAS BP 438 75366 PARIS CEDEX 08 FRANCE<\/p>\n","protected":false},"excerpt":{"rendered":"<p>\u00c9diteur L\u2019\u00e9dition du site www.manu-trelaze.com est assur\u00e9e par l&rsquo;ASSOCIATION DES AMIS DES ALLUMETTES, Association d\u00e9clar\u00e9e immatricul\u00e9e sous le num\u00e9ro de SIRET 88327220500013, dont le si\u00e8ge social est situ\u00e9 au 54 AV DE LA REPUBLIQUE 49800 TRELAZE. Directeur de la Publication : Pascal Reyssetpreysset@expertise-urbaine.com Conception-r\u00e9alisation MONSIEUR PIERRE APPELLSIRET :&nbsp; 8314617020001911 rue George Sand &#8211;49100 &#8211; Angers [&hellip;]<\/p>\n","protected":false},"author":1,"featured_media":0,"parent":0,"menu_order":0,"comment_status":"closed","ping_status":"closed","template":"","meta":{"_et_pb_use_builder":"off","_et_pb_old_content":"","_et_gb_content_width":""},"yoast_head":"<!-- This site is optimized with the Yoast SEO plugin v19.13 - https:\/\/yoast.com\/wordpress\/plugins\/seo\/ -->\n<title>Mentions L\u00e9gales - Les Amis du Patrimoine Tr\u00e9laz\u00e9en<\/title>\n<meta name=\"robots\" content=\"index, follow, max-snippet:-1, max-image-preview:large, max-video-preview:-1\" \/>\n<link rel=\"canonical\" href=\"https:\/\/manu-trelaze.com\/index.php\/mentions-legales\/\" \/>\n<meta property=\"og:locale\" content=\"fr_FR\" \/>\n<meta property=\"og:type\" content=\"article\" \/>\n<meta property=\"og:title\" content=\"Mentions L\u00e9gales - Les Amis du Patrimoine Tr\u00e9laz\u00e9en\" \/>\n<meta property=\"og:description\" content=\"\u00c9diteur L\u2019\u00e9dition du site www.manu-trelaze.com est assur\u00e9e par l&rsquo;ASSOCIATION DES AMIS DES ALLUMETTES, Association d\u00e9clar\u00e9e immatricul\u00e9e sous le num\u00e9ro de SIRET 88327220500013, dont le si\u00e8ge social est situ\u00e9 au 54 AV DE LA REPUBLIQUE 49800 TRELAZE. Directeur de la Publication : Pascal Reyssetpreysset@expertise-urbaine.com Conception-r\u00e9alisation MONSIEUR PIERRE APPELLSIRET :&nbsp; 8314617020001911 rue George Sand &#8211;49100 &#8211; Angers [&hellip;]\" \/>\n<meta property=\"og:url\" content=\"https:\/\/manu-trelaze.com\/index.php\/mentions-legales\/\" \/>\n<meta property=\"og:site_name\" content=\"Les Amis du Patrimoine Tr\u00e9laz\u00e9en\" \/>\n<meta property=\"article:modified_time\" content=\"2020-10-20T09:58:10+00:00\" \/>\n<meta name=\"twitter:card\" content=\"summary_large_image\" \/>\n<meta name=\"twitter:label1\" content=\"Dur\u00e9e de lecture estim\u00e9e\" \/>\n\t<meta name=\"twitter:data1\" content=\"1 minute\" \/>\n<script type=\"application\/ld+json\" class=\"yoast-schema-graph\">{\"@context\":\"https:\/\/schema.org\",\"@graph\":[{\"@type\":\"WebPage\",\"@id\":\"https:\/\/manu-trelaze.com\/index.php\/mentions-legales\/\",\"url\":\"https:\/\/manu-trelaze.com\/index.php\/mentions-legales\/\",\"name\":\"Mentions L\u00e9gales - Les Amis du Patrimoine Tr\u00e9laz\u00e9en\",\"isPartOf\":{\"@id\":\"https:\/\/manu-trelaze.com\/#website\"},\"datePublished\":\"2020-10-20T09:57:59+00:00\",\"dateModified\":\"2020-10-20T09:58:10+00:00\",\"breadcrumb\":{\"@id\":\"https:\/\/manu-trelaze.com\/index.php\/mentions-legales\/#breadcrumb\"},\"inLanguage\":\"fr-FR\",\"potentialAction\":[{\"@type\":\"ReadAction\",\"target\":[\"https:\/\/manu-trelaze.com\/index.php\/mentions-legales\/\"]}]},{\"@type\":\"BreadcrumbList\",\"@id\":\"https:\/\/manu-trelaze.com\/index.php\/mentions-legales\/#breadcrumb\",\"itemListElement\":[{\"@type\":\"ListItem\",\"position\":1,\"name\":\"Accueil\",\"item\":\"https:\/\/manu-trelaze.com\/\"},{\"@type\":\"ListItem\",\"position\":2,\"name\":\"Mentions L\u00e9gales\"}]},{\"@type\":\"WebSite\",\"@id\":\"https:\/\/manu-trelaze.com\/#website\",\"url\":\"https:\/\/manu-trelaze.com\/\",\"name\":\"Les Amis du Patrimoine Tr\u00e9laz\u00e9en\",\"description\":\"Les Amis du Patrimoine Tr\u00e9laz\u00e9en\",\"potentialAction\":[{\"@type\":\"SearchAction\",\"target\":{\"@type\":\"EntryPoint\",\"urlTemplate\":\"https:\/\/manu-trelaze.com\/?s={search_term_string}\"},\"query-input\":\"required name=search_term_string\"}],\"inLanguage\":\"fr-FR\"}]}<\/script>\n<!-- \/ Yoast SEO plugin. -->","yoast_head_json":{"title":"Mentions L\u00e9gales - Les Amis du Patrimoine Tr\u00e9laz\u00e9en","robots":{"index":"index","follow":"follow","max-snippet":"max-snippet:-1","max-image-preview":"max-image-preview:large","max-video-preview":"max-video-preview:-1"},"canonical":"https:\/\/manu-trelaze.com\/index.php\/mentions-legales\/","og_locale":"fr_FR","og_type":"article","og_title":"Mentions L\u00e9gales - Les Amis du Patrimoine Tr\u00e9laz\u00e9en","og_description":"\u00c9diteur L\u2019\u00e9dition du site www.manu-trelaze.com est assur\u00e9e par l&rsquo;ASSOCIATION DES AMIS DES ALLUMETTES, Association d\u00e9clar\u00e9e immatricul\u00e9e sous le num\u00e9ro de SIRET 88327220500013, dont le si\u00e8ge social est situ\u00e9 au 54 AV DE LA REPUBLIQUE 49800 TRELAZE. Directeur de la Publication : Pascal Reyssetpreysset@expertise-urbaine.com Conception-r\u00e9alisation MONSIEUR PIERRE APPELLSIRET :&nbsp; 8314617020001911 rue George Sand &#8211;49100 &#8211; Angers [&hellip;]","og_url":"https:\/\/manu-trelaze.com\/index.php\/mentions-legales\/","og_site_name":"Les Amis du Patrimoine Tr\u00e9laz\u00e9en","article_modified_time":"2020-10-20T09:58:10+00:00","twitter_card":"summary_large_image","twitter_misc":{"Dur\u00e9e de lecture estim\u00e9e":"1 minute"},"schema":{"@context":"https:\/\/schema.org","@graph":[{"@type":"WebPage","@id":"https:\/\/manu-trelaze.com\/index.php\/mentions-legales\/","url":"https:\/\/manu-trelaze.com\/index.php\/mentions-legales\/","name":"Mentions L\u00e9gales - Les Amis du Patrimoine Tr\u00e9laz\u00e9en","isPartOf":{"@id":"https:\/\/manu-trelaze.com\/#website"},"datePublished":"2020-10-20T09:57:59+00:00","dateModified":"2020-10-20T09:58:10+00:00","breadcrumb":{"@id":"https:\/\/manu-trelaze.com\/index.php\/mentions-legales\/#breadcrumb"},"inLanguage":"fr-FR","potentialAction":[{"@type":"ReadAction","target":["https:\/\/manu-trelaze.com\/index.php\/mentions-legales\/"]}]},{"@type":"BreadcrumbList","@id":"https:\/\/manu-trelaze.com\/index.php\/mentions-legales\/#breadcrumb","itemListElement":[{"@type":"ListItem","position":1,"name":"Accueil","item":"https:\/\/manu-trelaze.com\/"},{"@type":"ListItem","position":2,"name":"Mentions L\u00e9gales"}]},{"@type":"WebSite","@id":"https:\/\/manu-trelaze.com\/#website","url":"https:\/\/manu-trelaze.com\/","name":"Les Amis du Patrimoine Tr\u00e9laz\u00e9en","description":"Les Amis du Patrimoine Tr\u00e9laz\u00e9en","potentialAction":[{"@type":"SearchAction","target":{"@type":"EntryPoint","urlTemplate":"https:\/\/manu-trelaze.com\/?s={search_term_string}"},"query-input":"required name=search_term_string"}],"inLanguage":"fr-FR"}]}},"_links":{"self":[{"href":"https:\/\/manu-trelaze.com\/index.php\/wp-json\/wp\/v2\/pages\/213580"}],"collection":[{"href":"https:\/\/manu-trelaze.com\/index.php\/wp-json\/wp\/v2\/pages"}],"about":[{"href":"https:\/\/manu-trelaze.com\/index.php\/wp-json\/wp\/v2\/types\/page"}],"author":[{"embeddable":true,"href":"https:\/\/manu-trelaze.com\/index.php\/wp-json\/wp\/v2\/users\/1"}],"replies":[{"embeddable":true,"href":"https:\/\/manu-trelaze.com\/index.php\/wp-json\/wp\/v2\/comments?post=213580"}],"version-history":[{"count":1,"href":"https:\/\/manu-trelaze.com\/index.php\/wp-json\/wp\/v2\/pages\/213580\/revisions"}],"predecessor-version":[{"id":213582,"href":"https:\/\/manu-trelaze.com\/index.php\/wp-json\/wp\/v2\/pages\/213580\/revisions\/213582"}],"wp:attachment":[{"href":"https:\/\/manu-trelaze.com\/index.php\/wp-json\/wp\/v2\/media?parent=213580"}],"curies":[{"name":"wp","href":"https:\/\/api.w.org\/{rel}","templated":true}]}}