{"id":213659,"date":"2023-09-16T06:42:41","date_gmt":"2023-09-16T04:42:41","guid":{"rendered":"https:\/\/manu-trelaze.com\/?page_id=213659"},"modified":"2023-10-09T21:58:27","modified_gmt":"2023-10-09T19:58:27","slug":"le-patrimoine-religieux","status":"publish","type":"page","link":"https:\/\/manu-trelaze.com\/index.php\/le-patrimoine-religieux\/","title":{"rendered":"Le Patrimoine Religieux"},"content":{"rendered":"\n<p>1 La chapelle Saint-L\u00e9zin\u00a0<br>L\u2019\u00e9difice actuel a \u00e9t\u00e9 \u00e9lev\u00e9 en 1830 et pr\u00e9sente un fronton triangulaire de style n\u00e9o-classique. Ce n\u2019est pourtant pas la premi\u00e8re chapelle d\u00e9di\u00e9e au patron des ardoisiers comme en t\u00e9moignent des documents mentionnant une chapelle d\u00e8s le XV e \u00a0si\u00e8cle. R\u00e9cemment restaur\u00e9e, la municipalit\u00e9 en a fait l\u2019acquisition pour un euro symbolique en 2003. Elle est aujourd\u2019hui propri\u00e9t\u00e9 du Mus\u00e9e de l\u2019ardoise.<\/p>\n\n\n\n<figure class=\"wp-block-gallery has-nested-images columns-default is-cropped\">\n<figure class=\"wp-block-image size-large\"><img loading=\"lazy\" width=\"2560\" height=\"1920\" data-id=\"213677\"  src=\"https:\/\/manu-trelaze.com\/wp-content\/uploads\/2023\/09\/manu-trelaze-photo-1-scaled.jpeg\" alt=\"\" class=\"wp-image-213677\" srcset=\"https:\/\/manu-trelaze.com\/wp-content\/uploads\/2023\/09\/manu-trelaze-photo-1-scaled.jpeg 2560w, https:\/\/manu-trelaze.com\/wp-content\/uploads\/2023\/09\/manu-trelaze-photo-1-1280x960.jpeg 1280w, https:\/\/manu-trelaze.com\/wp-content\/uploads\/2023\/09\/manu-trelaze-photo-1-980x735.jpeg 980w, https:\/\/manu-trelaze.com\/wp-content\/uploads\/2023\/09\/manu-trelaze-photo-1-480x360.jpeg 480w\" sizes=\"(min-width: 0px) and (max-width: 480px) 480px, (min-width: 481px) and (max-width: 980px) 980px, (min-width: 981px) and (max-width: 1280px) 1280px, (min-width: 1281px) 2560px, 100vw\" \/><\/figure>\n\n\n\n<figure class=\"wp-block-image size-large\"><img loading=\"lazy\" width=\"938\" height=\"621\" data-id=\"213664\"  src=\"https:\/\/manu-trelaze.com\/wp-content\/uploads\/2023\/09\/manu-trelaze-photo-2.jpeg\" alt=\"\" class=\"wp-image-213664\" srcset=\"https:\/\/manu-trelaze.com\/wp-content\/uploads\/2023\/09\/manu-trelaze-photo-2.jpeg 938w, https:\/\/manu-trelaze.com\/wp-content\/uploads\/2023\/09\/manu-trelaze-photo-2-480x318.jpeg 480w\" sizes=\"(min-width: 0px) and (max-width: 480px) 480px, (min-width: 481px) 938px, 100vw\" \/><\/figure>\n\n\n\n<figure class=\"wp-block-image size-large\"><img loading=\"lazy\" width=\"1754\" height=\"1169\" data-id=\"213667\"  src=\"https:\/\/manu-trelaze.com\/wp-content\/uploads\/2023\/09\/manu-trelaze-photo-4.jpg\" alt=\"\" class=\"wp-image-213667\" srcset=\"https:\/\/manu-trelaze.com\/wp-content\/uploads\/2023\/09\/manu-trelaze-photo-4.jpg 1754w, https:\/\/manu-trelaze.com\/wp-content\/uploads\/2023\/09\/manu-trelaze-photo-4-1280x853.jpg 1280w, https:\/\/manu-trelaze.com\/wp-content\/uploads\/2023\/09\/manu-trelaze-photo-4-980x653.jpg 980w, https:\/\/manu-trelaze.com\/wp-content\/uploads\/2023\/09\/manu-trelaze-photo-4-480x320.jpg 480w\" sizes=\"(min-width: 0px) and (max-width: 480px) 480px, (min-width: 481px) and (max-width: 980px) 980px, (min-width: 981px) and (max-width: 1280px) 1280px, (min-width: 1281px) 1754px, 100vw\" \/><\/figure>\n<\/figure>\n\n\n\n<p><br>2 L\u2019\u00e9glise Saint-Pierre\u00a0<br>Erig\u00e9e dans le bourg de Tr\u00e9laz\u00e9 sur les d\u00e9combres de l\u2019ancienne \u00e9glise, l\u2019\u00e9glise Saint-Pierre est construite entre 1840 et 1843. En forme de croix latine avec une nef et deux chapelles constituant les bras de la croix, elle est caract\u00e9ristique des \u00e9difices n\u00e9o-classiques de la vall\u00e9e de la Loire. R\u00e9guli\u00e8rement entretenue au XX e \u00a0si\u00e8cle, l\u2019\u00e9glise a b\u00e9n\u00e9fici\u00e9 en 2000 d\u2019une importante restructuration int\u00e9rieure. L\u2019installation de l\u2019orgue historique de la coll\u00e9giale Saint-Martin d\u2019Angers a particip\u00e9 \u00e0 l\u2019embellissement de l\u2019\u00e9difice.<\/p>\n\n\n\n<figure class=\"wp-block-gallery has-nested-images columns-default is-cropped\">\n<figure class=\"wp-block-image size-large\"><img loading=\"lazy\" width=\"1920\" height=\"2560\" data-id=\"213678\"  src=\"https:\/\/manu-trelaze.com\/wp-content\/uploads\/2023\/09\/manu-trelaze-photo-12-scaled.jpg\" alt=\"\" class=\"wp-image-213678\" srcset=\"https:\/\/manu-trelaze.com\/wp-content\/uploads\/2023\/09\/manu-trelaze-photo-12-scaled.jpg 1920w, https:\/\/manu-trelaze.com\/wp-content\/uploads\/2023\/09\/manu-trelaze-photo-12-1280x1707.jpg 1280w, https:\/\/manu-trelaze.com\/wp-content\/uploads\/2023\/09\/manu-trelaze-photo-12-980x1307.jpg 980w, https:\/\/manu-trelaze.com\/wp-content\/uploads\/2023\/09\/manu-trelaze-photo-12-480x640.jpg 480w\" sizes=\"(min-width: 0px) and (max-width: 480px) 480px, (min-width: 481px) and (max-width: 980px) 980px, (min-width: 981px) and (max-width: 1280px) 1280px, (min-width: 1281px) 1920px, 100vw\" \/><\/figure>\n\n\n\n<figure class=\"wp-block-image size-large\"><img loading=\"lazy\" width=\"2560\" height=\"1920\" data-id=\"213676\"  src=\"https:\/\/manu-trelaze.com\/wp-content\/uploads\/2023\/09\/manu-trelaze-photo-11-scaled.jpg\" alt=\"\" class=\"wp-image-213676\" srcset=\"https:\/\/manu-trelaze.com\/wp-content\/uploads\/2023\/09\/manu-trelaze-photo-11-scaled.jpg 2560w, https:\/\/manu-trelaze.com\/wp-content\/uploads\/2023\/09\/manu-trelaze-photo-11-1280x960.jpg 1280w, https:\/\/manu-trelaze.com\/wp-content\/uploads\/2023\/09\/manu-trelaze-photo-11-980x735.jpg 980w, https:\/\/manu-trelaze.com\/wp-content\/uploads\/2023\/09\/manu-trelaze-photo-11-480x360.jpg 480w\" sizes=\"(min-width: 0px) and (max-width: 480px) 480px, (min-width: 481px) and (max-width: 980px) 980px, (min-width: 981px) and (max-width: 1280px) 1280px, (min-width: 1281px) 2560px, 100vw\" \/><\/figure>\n\n\n\n<figure class=\"wp-block-image size-large\"><img loading=\"lazy\" width=\"2560\" height=\"1920\" data-id=\"213674\"  src=\"https:\/\/manu-trelaze.com\/wp-content\/uploads\/2023\/09\/manu-trelaze-photo-3-scaled.jpeg\" alt=\"\" class=\"wp-image-213674\" srcset=\"https:\/\/manu-trelaze.com\/wp-content\/uploads\/2023\/09\/manu-trelaze-photo-3-scaled.jpeg 2560w, https:\/\/manu-trelaze.com\/wp-content\/uploads\/2023\/09\/manu-trelaze-photo-3-300x225.jpeg 300w, https:\/\/manu-trelaze.com\/wp-content\/uploads\/2023\/09\/manu-trelaze-photo-3-1024x768.jpeg 1024w, https:\/\/manu-trelaze.com\/wp-content\/uploads\/2023\/09\/manu-trelaze-photo-3-768x576.jpeg 768w, https:\/\/manu-trelaze.com\/wp-content\/uploads\/2023\/09\/manu-trelaze-photo-3-1536x1152.jpeg 1536w, https:\/\/manu-trelaze.com\/wp-content\/uploads\/2023\/09\/manu-trelaze-photo-3-2048x1536.jpeg 2048w, https:\/\/manu-trelaze.com\/wp-content\/uploads\/2023\/09\/manu-trelaze-photo-3-510x382.jpeg 510w\" sizes=\"(max-width: 2560px) 100vw, 2560px\" \/><\/figure>\n<\/figure>\n\n\n\n<p><br>3 La chapelle de Bel Air quartier Malaquais. <br>Situ\u00e9e au centre de Tr\u00e9laz\u00e9 cette haute chapelle est aussi appel\u00e9e la chapelle des bretons car de nombreux mineurs issus de cette r\u00e9gion avaient r\u00e9clam\u00e9 sa r\u00e9alisation en 1907. Financ\u00e9e par les Ardoisi\u00e8res la chapelle a cess\u00e9 son activit\u00e9 cultuelle en 2010. Propri\u00e9t\u00e9 de la ville elle attend sa r\u00e9habilitation comme lieu culturel et une nouvelle vie. Notre association se mobilise au c\u00f4t\u00e9 de l\u2019Association de la chapelle de<br>Bel Air pr\u00e9sid\u00e9 par Bertrand Gilles d\u2019autant qu\u2019elle b\u00e9n\u00e9ficie d\u2019une belle acoustique, d\u2019un environnement vert et de la pr\u00e9sence de deux \u00e9coles.<\/p>\n\n\n\n<figure class=\"wp-block-gallery has-nested-images columns-default is-cropped\">\n<figure class=\"wp-block-image size-large\"><img loading=\"lazy\" width=\"1728\" height=\"1296\" data-id=\"213666\"  src=\"https:\/\/manu-trelaze.com\/wp-content\/uploads\/2023\/09\/manu-trelaze-photo-2.jpg\" alt=\"\" class=\"wp-image-213666\" srcset=\"https:\/\/manu-trelaze.com\/wp-content\/uploads\/2023\/09\/manu-trelaze-photo-2.jpg 1728w, https:\/\/manu-trelaze.com\/wp-content\/uploads\/2023\/09\/manu-trelaze-photo-2-1280x960.jpg 1280w, https:\/\/manu-trelaze.com\/wp-content\/uploads\/2023\/09\/manu-trelaze-photo-2-980x735.jpg 980w, https:\/\/manu-trelaze.com\/wp-content\/uploads\/2023\/09\/manu-trelaze-photo-2-480x360.jpg 480w\" sizes=\"(min-width: 0px) and (max-width: 480px) 480px, (min-width: 481px) and (max-width: 980px) 980px, (min-width: 981px) and (max-width: 1280px) 1280px, (min-width: 1281px) 1728px, 100vw\" \/><\/figure>\n\n\n\n<figure class=\"wp-block-image size-large\"><img loading=\"lazy\" width=\"2240\" height=\"1344\" data-id=\"213665\"  src=\"https:\/\/manu-trelaze.com\/wp-content\/uploads\/2023\/09\/manu-trelaze-photo-1.jpg\" alt=\"\" class=\"wp-image-213665\" srcset=\"https:\/\/manu-trelaze.com\/wp-content\/uploads\/2023\/09\/manu-trelaze-photo-1.jpg 2240w, https:\/\/manu-trelaze.com\/wp-content\/uploads\/2023\/09\/manu-trelaze-photo-1-1280x768.jpg 1280w, https:\/\/manu-trelaze.com\/wp-content\/uploads\/2023\/09\/manu-trelaze-photo-1-980x588.jpg 980w, https:\/\/manu-trelaze.com\/wp-content\/uploads\/2023\/09\/manu-trelaze-photo-1-480x288.jpg 480w\" sizes=\"(min-width: 0px) and (max-width: 480px) 480px, (min-width: 481px) and (max-width: 980px) 980px, (min-width: 981px) and (max-width: 1280px) 1280px, (min-width: 1281px) 2240px, 100vw\" \/><\/figure>\n\n\n\n<figure class=\"wp-block-image size-large\"><img loading=\"lazy\" width=\"1920\" height=\"2560\" data-id=\"213679\"  src=\"https:\/\/manu-trelaze.com\/wp-content\/uploads\/2023\/09\/20220307_140440-scaled.jpg\" alt=\"\" class=\"wp-image-213679\" srcset=\"https:\/\/manu-trelaze.com\/wp-content\/uploads\/2023\/09\/20220307_140440-scaled.jpg 1920w, https:\/\/manu-trelaze.com\/wp-content\/uploads\/2023\/09\/20220307_140440-1280x1707.jpg 1280w, https:\/\/manu-trelaze.com\/wp-content\/uploads\/2023\/09\/20220307_140440-980x1307.jpg 980w, https:\/\/manu-trelaze.com\/wp-content\/uploads\/2023\/09\/20220307_140440-480x640.jpg 480w\" sizes=\"(min-width: 0px) and (max-width: 480px) 480px, (min-width: 481px) and (max-width: 980px) 980px, (min-width: 981px) and (max-width: 1280px) 1280px, (min-width: 1281px) 1920px, 100vw\" \/><\/figure>\n<\/figure>\n\n\n\n<p><br>4 La chapelle du ch\u00e2teau de Rosseau \u00e0 Beaumanoir. <br>Le ch\u00e2teau de Rosseau a fait l\u2019objet d\u2019une belle restauration par la soci\u00e9t\u00e9 HLM du Val de Loire apr\u00e8s avoir \u00e9t\u00e9 la demeure des cadres des ardoisi\u00e8res et auparavant un orphelinat de l\u2019\u00e9v\u00each\u00e9. C\u2019est La famille Villoutreys qui donna tout son lustre au ch\u00e2teau et y fit \u00e9riger vers 1870 une chapelle que l\u2019on peut visiter lors des Journ\u00e9es du patrimoine. Les nouveaux vitraux de cette chapelle ont \u00e9t\u00e9 r\u00e9alis\u00e9s par l\u2019artiste Joseph Grau-Garriga en 2010.<\/p>\n\n\n\n<figure class=\"wp-block-gallery has-nested-images columns-default is-cropped\">\n<figure class=\"wp-block-image size-large\"><img loading=\"lazy\" width=\"1280\" height=\"1920\" data-id=\"213675\"  src=\"https:\/\/manu-trelaze.com\/wp-content\/uploads\/2023\/09\/manu-trelaze-photo-10.jpg\" alt=\"\" class=\"wp-image-213675\" srcset=\"https:\/\/manu-trelaze.com\/wp-content\/uploads\/2023\/09\/manu-trelaze-photo-10.jpg 1280w, https:\/\/manu-trelaze.com\/wp-content\/uploads\/2023\/09\/manu-trelaze-photo-10-980x1470.jpg 980w, https:\/\/manu-trelaze.com\/wp-content\/uploads\/2023\/09\/manu-trelaze-photo-10-480x720.jpg 480w\" sizes=\"(min-width: 0px) and (max-width: 480px) 480px, (min-width: 481px) and (max-width: 980px) 980px, (min-width: 981px) 1280px, 100vw\" \/><\/figure>\n\n\n\n<figure class=\"wp-block-image size-large\"><img loading=\"lazy\" width=\"500\" height=\"750\" data-id=\"213672\"  src=\"https:\/\/manu-trelaze.com\/wp-content\/uploads\/2023\/09\/manu-trelaze-photo-9.jpg\" alt=\"\" class=\"wp-image-213672\" srcset=\"https:\/\/manu-trelaze.com\/wp-content\/uploads\/2023\/09\/manu-trelaze-photo-9.jpg 500w, https:\/\/manu-trelaze.com\/wp-content\/uploads\/2023\/09\/manu-trelaze-photo-9-480x720.jpg 480w\" sizes=\"(min-width: 0px) and (max-width: 480px) 480px, (min-width: 481px) 500px, 100vw\" \/><\/figure>\n<\/figure>\n\n\n\n<p><br>5 Le Mausol\u00e9e de Beaumanoir. <br>C\u2019est dans un parc que s\u2019\u00e9levaient le magnifique ch\u00e2teau de Beaumanoir et ses d\u00e9pendances dont des \u00e9curies, un th\u00e9\u00e2tre, une orangerie et une tour. Remani\u00e9s compl\u00e8tement, les anciens b\u00e2timents ont accueilli un centre de loisirs, avant d\u2019\u00eatre \u00e0 leur tour d\u00e9truits il y a une vingtaine d\u2019ann\u00e9es pour laisser place \u00e0 un lotissement. De cette demeure ne reste plus que le mausol\u00e9e o\u00f9 repose depuis 1842 Nicolas Bourry de la Fauvelais, qui fut avocat et propri\u00e9taire des lieux. L\u2019association La sauvegarde et histoire du patrimoine de Tr\u00e9laz\u00e9 et de l\u2019Anjou pr\u00e9sid\u00e9e par Bertrand Salquain se propose de r\u00e9nover le mausol\u00e9e.<\/p>\n\n\n\n<figure class=\"wp-block-gallery has-nested-images columns-default is-cropped\">\n<figure class=\"wp-block-image size-large\"><img loading=\"lazy\" width=\"1440\" height=\"2560\" data-id=\"213673\"  src=\"https:\/\/manu-trelaze.com\/wp-content\/uploads\/2023\/09\/manu-trelaze-photo-8-scaled.jpg\" alt=\"\" class=\"wp-image-213673\" srcset=\"https:\/\/manu-trelaze.com\/wp-content\/uploads\/2023\/09\/manu-trelaze-photo-8-scaled.jpg 1440w, https:\/\/manu-trelaze.com\/wp-content\/uploads\/2023\/09\/manu-trelaze-photo-8-1280x2276.jpg 1280w, https:\/\/manu-trelaze.com\/wp-content\/uploads\/2023\/09\/manu-trelaze-photo-8-980x1742.jpg 980w, https:\/\/manu-trelaze.com\/wp-content\/uploads\/2023\/09\/manu-trelaze-photo-8-480x853.jpg 480w\" sizes=\"(min-width: 0px) and (max-width: 480px) 480px, (min-width: 481px) and (max-width: 980px) 980px, (min-width: 981px) and (max-width: 1280px) 1280px, (min-width: 1281px) 1440px, 100vw\" \/><\/figure>\n\n\n\n<figure class=\"wp-block-image size-large\"><img loading=\"lazy\" width=\"2560\" height=\"1440\" data-id=\"213671\"  src=\"https:\/\/manu-trelaze.com\/wp-content\/uploads\/2023\/09\/manu-trelaze-photo-7-scaled.jpg\" alt=\"\" class=\"wp-image-213671\" srcset=\"https:\/\/manu-trelaze.com\/wp-content\/uploads\/2023\/09\/manu-trelaze-photo-7-scaled.jpg 2560w, https:\/\/manu-trelaze.com\/wp-content\/uploads\/2023\/09\/manu-trelaze-photo-7-1280x720.jpg 1280w, https:\/\/manu-trelaze.com\/wp-content\/uploads\/2023\/09\/manu-trelaze-photo-7-980x551.jpg 980w, https:\/\/manu-trelaze.com\/wp-content\/uploads\/2023\/09\/manu-trelaze-photo-7-480x270.jpg 480w\" sizes=\"(min-width: 0px) and (max-width: 480px) 480px, (min-width: 481px) and (max-width: 980px) 980px, (min-width: 981px) and (max-width: 1280px) 1280px, (min-width: 1281px) 2560px, 100vw\" \/><\/figure>\n<\/figure>\n\n\n\n<p><br>6 Mosqu\u00e9e du centre culturel musulman de Tr\u00e9laz\u00e9.<br>La mosqu\u00e9e du centre culturel musulman de Tr\u00e9laz\u00e9 Situ\u00e9e en limite de Tr\u00e9laz\u00e9 sur un terrain \u00e9troit bord\u00e9 par l\u2019autoroute cette mosqu\u00e9e est tout \u00e0 fait exceptionnelle de par son architecture en bois et ardoise et sa d\u00e9coration calligraphique. Elle a \u00e9t\u00e9 con\u00e7ue par Houssam Dahhan et son \u00e9pouse Anne Bruneteau et inaugur\u00e9e en 2020. La mosqu\u00e9e turque Situ\u00e9e sur Angers mais en limite de Tr\u00e9laz\u00e9 cette mosqu\u00e9e est int\u00e9ressante de par sa coupole dans<br>l\u2019esprit des moqu\u00e9es ottomanes. Rappelons qu\u2019\u2019une forte communaut\u00e9 turque est pr\u00e9sente \u00e0 Tr\u00e9laz\u00e9 du fait de l\u2019attractivit\u00e9 \u00e9conomique historique des ardoisi\u00e8res de Tr\u00e9laz\u00e9.<\/p>\n\n\n\n<figure class=\"wp-block-gallery has-nested-images columns-default is-cropped\">\n<figure class=\"wp-block-image size-large\"><img loading=\"lazy\" width=\"1440\" height=\"2560\" data-id=\"213669\"  src=\"https:\/\/manu-trelaze.com\/wp-content\/uploads\/2023\/09\/manu-trelaze-photo-5-scaled.jpg\" alt=\"\" class=\"wp-image-213669\" srcset=\"https:\/\/manu-trelaze.com\/wp-content\/uploads\/2023\/09\/manu-trelaze-photo-5-scaled.jpg 1440w, https:\/\/manu-trelaze.com\/wp-content\/uploads\/2023\/09\/manu-trelaze-photo-5-1280x2276.jpg 1280w, https:\/\/manu-trelaze.com\/wp-content\/uploads\/2023\/09\/manu-trelaze-photo-5-980x1742.jpg 980w, https:\/\/manu-trelaze.com\/wp-content\/uploads\/2023\/09\/manu-trelaze-photo-5-480x853.jpg 480w\" sizes=\"(min-width: 0px) and (max-width: 480px) 480px, (min-width: 481px) and (max-width: 980px) 980px, (min-width: 981px) and (max-width: 1280px) 1280px, (min-width: 1281px) 1440px, 100vw\" \/><\/figure>\n\n\n\n<figure class=\"wp-block-image size-large\"><img loading=\"lazy\" width=\"1440\" height=\"2560\" data-id=\"213670\"  src=\"https:\/\/manu-trelaze.com\/wp-content\/uploads\/2023\/09\/manu-trelaze-photo-3-scaled.jpg\" alt=\"\" class=\"wp-image-213670\" srcset=\"https:\/\/manu-trelaze.com\/wp-content\/uploads\/2023\/09\/manu-trelaze-photo-3-scaled.jpg 1440w, https:\/\/manu-trelaze.com\/wp-content\/uploads\/2023\/09\/manu-trelaze-photo-3-1280x2276.jpg 1280w, https:\/\/manu-trelaze.com\/wp-content\/uploads\/2023\/09\/manu-trelaze-photo-3-980x1742.jpg 980w, https:\/\/manu-trelaze.com\/wp-content\/uploads\/2023\/09\/manu-trelaze-photo-3-480x853.jpg 480w\" sizes=\"(min-width: 0px) and (max-width: 480px) 480px, (min-width: 481px) and (max-width: 980px) 980px, (min-width: 981px) and (max-width: 1280px) 1280px, (min-width: 1281px) 1440px, 100vw\" \/><\/figure>\n\n\n\n<figure class=\"wp-block-image size-large\"><img loading=\"lazy\" width=\"275\" height=\"183\" data-id=\"213668\"  src=\"https:\/\/manu-trelaze.com\/wp-content\/uploads\/2023\/09\/manu-trelaze-photo-6.jpg\" alt=\"\" class=\"wp-image-213668\"\/><\/figure>\n<\/figure>\n","protected":false},"excerpt":{"rendered":"<p>1 La chapelle Saint-L\u00e9zin\u00a0L\u2019\u00e9difice actuel a \u00e9t\u00e9 \u00e9lev\u00e9 en 1830 et pr\u00e9sente un fronton triangulaire de style n\u00e9o-classique. Ce n\u2019est pourtant pas la premi\u00e8re chapelle d\u00e9di\u00e9e au patron des ardoisiers comme en t\u00e9moignent des documents mentionnant une chapelle d\u00e8s le XV e \u00a0si\u00e8cle. R\u00e9cemment restaur\u00e9e, la municipalit\u00e9 en a fait l\u2019acquisition pour un euro symbolique [&hellip;]<\/p>\n","protected":false},"author":1,"featured_media":0,"parent":0,"menu_order":0,"comment_status":"closed","ping_status":"closed","template":"","meta":{"_et_pb_use_builder":"off","_et_pb_old_content":"","_et_gb_content_width":""},"yoast_head":"<!-- This site is optimized with the Yoast SEO plugin v19.13 - https:\/\/yoast.com\/wordpress\/plugins\/seo\/ -->\n<title>Le Patrimoine Religieux - Les Amis du Patrimoine Tr\u00e9laz\u00e9en<\/title>\n<meta name=\"robots\" content=\"index, follow, max-snippet:-1, max-image-preview:large, max-video-preview:-1\" \/>\n<link rel=\"canonical\" href=\"https:\/\/manu-trelaze.com\/index.php\/le-patrimoine-religieux\/\" \/>\n<meta property=\"og:locale\" content=\"fr_FR\" \/>\n<meta property=\"og:type\" content=\"article\" \/>\n<meta property=\"og:title\" content=\"Le Patrimoine Religieux - Les Amis du Patrimoine Tr\u00e9laz\u00e9en\" \/>\n<meta property=\"og:description\" content=\"1 La chapelle Saint-L\u00e9zin\u00a0L\u2019\u00e9difice actuel a \u00e9t\u00e9 \u00e9lev\u00e9 en 1830 et pr\u00e9sente un fronton triangulaire de style n\u00e9o-classique. Ce n\u2019est pourtant pas la premi\u00e8re chapelle d\u00e9di\u00e9e au patron des ardoisiers comme en t\u00e9moignent des documents mentionnant une chapelle d\u00e8s le XV e \u00a0si\u00e8cle. R\u00e9cemment restaur\u00e9e, la municipalit\u00e9 en a fait l\u2019acquisition pour un euro symbolique [&hellip;]\" \/>\n<meta property=\"og:url\" content=\"https:\/\/manu-trelaze.com\/index.php\/le-patrimoine-religieux\/\" \/>\n<meta property=\"og:site_name\" content=\"Les Amis du Patrimoine Tr\u00e9laz\u00e9en\" \/>\n<meta property=\"article:modified_time\" content=\"2023-10-09T19:58:27+00:00\" \/>\n<meta property=\"og:image\" content=\"https:\/\/manu-trelaze.com\/wp-content\/uploads\/2023\/09\/manu-trelaze-photo-1-scaled.jpeg\" \/>\n<meta name=\"twitter:card\" content=\"summary_large_image\" \/>\n<meta name=\"twitter:label1\" content=\"Dur\u00e9e de lecture estim\u00e9e\" \/>\n\t<meta name=\"twitter:data1\" content=\"6 minutes\" \/>\n<script type=\"application\/ld+json\" class=\"yoast-schema-graph\">{\"@context\":\"https:\/\/schema.org\",\"@graph\":[{\"@type\":\"WebPage\",\"@id\":\"https:\/\/manu-trelaze.com\/index.php\/le-patrimoine-religieux\/\",\"url\":\"https:\/\/manu-trelaze.com\/index.php\/le-patrimoine-religieux\/\",\"name\":\"Le Patrimoine Religieux - Les Amis du Patrimoine Tr\u00e9laz\u00e9en\",\"isPartOf\":{\"@id\":\"https:\/\/manu-trelaze.com\/#website\"},\"datePublished\":\"2023-09-16T04:42:41+00:00\",\"dateModified\":\"2023-10-09T19:58:27+00:00\",\"breadcrumb\":{\"@id\":\"https:\/\/manu-trelaze.com\/index.php\/le-patrimoine-religieux\/#breadcrumb\"},\"inLanguage\":\"fr-FR\",\"potentialAction\":[{\"@type\":\"ReadAction\",\"target\":[\"https:\/\/manu-trelaze.com\/index.php\/le-patrimoine-religieux\/\"]}]},{\"@type\":\"BreadcrumbList\",\"@id\":\"https:\/\/manu-trelaze.com\/index.php\/le-patrimoine-religieux\/#breadcrumb\",\"itemListElement\":[{\"@type\":\"ListItem\",\"position\":1,\"name\":\"Accueil\",\"item\":\"https:\/\/manu-trelaze.com\/\"},{\"@type\":\"ListItem\",\"position\":2,\"name\":\"Le Patrimoine Religieux\"}]},{\"@type\":\"WebSite\",\"@id\":\"https:\/\/manu-trelaze.com\/#website\",\"url\":\"https:\/\/manu-trelaze.com\/\",\"name\":\"Les Amis du Patrimoine Tr\u00e9laz\u00e9en\",\"description\":\"Les Amis du Patrimoine Tr\u00e9laz\u00e9en\",\"potentialAction\":[{\"@type\":\"SearchAction\",\"target\":{\"@type\":\"EntryPoint\",\"urlTemplate\":\"https:\/\/manu-trelaze.com\/?s={search_term_string}\"},\"query-input\":\"required name=search_term_string\"}],\"inLanguage\":\"fr-FR\"}]}<\/script>\n<!-- \/ Yoast SEO plugin. -->","yoast_head_json":{"title":"Le Patrimoine Religieux - Les Amis du Patrimoine Tr\u00e9laz\u00e9en","robots":{"index":"index","follow":"follow","max-snippet":"max-snippet:-1","max-image-preview":"max-image-preview:large","max-video-preview":"max-video-preview:-1"},"canonical":"https:\/\/manu-trelaze.com\/index.php\/le-patrimoine-religieux\/","og_locale":"fr_FR","og_type":"article","og_title":"Le Patrimoine Religieux - Les Amis du Patrimoine Tr\u00e9laz\u00e9en","og_description":"1 La chapelle Saint-L\u00e9zin\u00a0L\u2019\u00e9difice actuel a \u00e9t\u00e9 \u00e9lev\u00e9 en 1830 et pr\u00e9sente un fronton triangulaire de style n\u00e9o-classique. Ce n\u2019est pourtant pas la premi\u00e8re chapelle d\u00e9di\u00e9e au patron des ardoisiers comme en t\u00e9moignent des documents mentionnant une chapelle d\u00e8s le XV e \u00a0si\u00e8cle. R\u00e9cemment restaur\u00e9e, la municipalit\u00e9 en a fait l\u2019acquisition pour un euro symbolique [&hellip;]","og_url":"https:\/\/manu-trelaze.com\/index.php\/le-patrimoine-religieux\/","og_site_name":"Les Amis du Patrimoine Tr\u00e9laz\u00e9en","article_modified_time":"2023-10-09T19:58:27+00:00","og_image":[{"url":"https:\/\/manu-trelaze.com\/wp-content\/uploads\/2023\/09\/manu-trelaze-photo-1-scaled.jpeg"}],"twitter_card":"summary_large_image","twitter_misc":{"Dur\u00e9e de lecture estim\u00e9e":"6 minutes"},"schema":{"@context":"https:\/\/schema.org","@graph":[{"@type":"WebPage","@id":"https:\/\/manu-trelaze.com\/index.php\/le-patrimoine-religieux\/","url":"https:\/\/manu-trelaze.com\/index.php\/le-patrimoine-religieux\/","name":"Le Patrimoine Religieux - Les Amis du Patrimoine Tr\u00e9laz\u00e9en","isPartOf":{"@id":"https:\/\/manu-trelaze.com\/#website"},"datePublished":"2023-09-16T04:42:41+00:00","dateModified":"2023-10-09T19:58:27+00:00","breadcrumb":{"@id":"https:\/\/manu-trelaze.com\/index.php\/le-patrimoine-religieux\/#breadcrumb"},"inLanguage":"fr-FR","potentialAction":[{"@type":"ReadAction","target":["https:\/\/manu-trelaze.com\/index.php\/le-patrimoine-religieux\/"]}]},{"@type":"BreadcrumbList","@id":"https:\/\/manu-trelaze.com\/index.php\/le-patrimoine-religieux\/#breadcrumb","itemListElement":[{"@type":"ListItem","position":1,"name":"Accueil","item":"https:\/\/manu-trelaze.com\/"},{"@type":"ListItem","position":2,"name":"Le Patrimoine Religieux"}]},{"@type":"WebSite","@id":"https:\/\/manu-trelaze.com\/#website","url":"https:\/\/manu-trelaze.com\/","name":"Les Amis du Patrimoine Tr\u00e9laz\u00e9en","description":"Les Amis du Patrimoine Tr\u00e9laz\u00e9en","potentialAction":[{"@type":"SearchAction","target":{"@type":"EntryPoint","urlTemplate":"https:\/\/manu-trelaze.com\/?s={search_term_string}"},"query-input":"required name=search_term_string"}],"inLanguage":"fr-FR"}]}},"_links":{"self":[{"href":"https:\/\/manu-trelaze.com\/index.php\/wp-json\/wp\/v2\/pages\/213659"}],"collection":[{"href":"https:\/\/manu-trelaze.com\/index.php\/wp-json\/wp\/v2\/pages"}],"about":[{"href":"https:\/\/manu-trelaze.com\/index.php\/wp-json\/wp\/v2\/types\/page"}],"author":[{"embeddable":true,"href":"https:\/\/manu-trelaze.com\/index.php\/wp-json\/wp\/v2\/users\/1"}],"replies":[{"embeddable":true,"href":"https:\/\/manu-trelaze.com\/index.php\/wp-json\/wp\/v2\/comments?post=213659"}],"version-history":[{"count":4,"href":"https:\/\/manu-trelaze.com\/index.php\/wp-json\/wp\/v2\/pages\/213659\/revisions"}],"predecessor-version":[{"id":213738,"href":"https:\/\/manu-trelaze.com\/index.php\/wp-json\/wp\/v2\/pages\/213659\/revisions\/213738"}],"wp:attachment":[{"href":"https:\/\/manu-trelaze.com\/index.php\/wp-json\/wp\/v2\/media?parent=213659"}],"curies":[{"name":"wp","href":"https:\/\/api.w.org\/{rel}","templated":true}]}}