{"id":213701,"date":"2023-09-24T09:32:34","date_gmt":"2023-09-24T07:32:34","guid":{"rendered":"https:\/\/manu-trelaze.com\/?page_id=213701"},"modified":"2023-10-09T21:55:24","modified_gmt":"2023-10-09T19:55:24","slug":"les-machineries","status":"publish","type":"page","link":"https:\/\/manu-trelaze.com\/index.php\/les-machineries\/","title":{"rendered":"Les machineries"},"content":{"rendered":"\n<p><br>Les chevalements sont la partie immerg\u00e9 de l\u2019iceberg des puits miniers qui descendaient les mineurs au fonds des kilom\u00e8tres de galeries et remontaient les blocs de schistes d\u00e9coup\u00e9s ensuite \u00e0 la main puis plus tard \u00e0 la machine en milliers d\u2019ardoise. Pour faire fonctionner ces ascenseurs et m\u00e9canismes de nombreuse machines \u00e9taient n\u00e9cessaires notamment pour fournir en \u00e9nergie.<br>L\u2019ensemble de ces \u00e9l\u00e9ments&nbsp;: vieux fonds, chevalement, machineries, descenderies, galeries a laiss\u00e9 de nombreux vestiges et pr\u00e9sences dans le paysage que la carte ci-dessous r\u00e9sume bien.<\/p>\n\n\n\n<p><br><\/p>\n\n\n\n<figure class=\"wp-block-image size-full\"><img loading=\"lazy\" width=\"987\" height=\"614\" src=\"https:\/\/manu-trelaze.com\/wp-content\/uploads\/2023\/09\/Puits-8-1.jpg\" alt=\"\" class=\"wp-image-213709\" srcset=\"https:\/\/manu-trelaze.com\/wp-content\/uploads\/2023\/09\/Puits-8-1.jpg 987w, https:\/\/manu-trelaze.com\/wp-content\/uploads\/2023\/09\/Puits-8-1-980x610.jpg 980w, https:\/\/manu-trelaze.com\/wp-content\/uploads\/2023\/09\/Puits-8-1-480x299.jpg 480w\" sizes=\"(min-width: 0px) and (max-width: 480px) 480px, (min-width: 481px) and (max-width: 980px) 980px, (min-width: 981px) 987px, 100vw\" \/><\/figure>\n\n\n\n<p>Les machineries souvent pill\u00e9s, disparus en sursis ou en mauvais \u00e9tat sont les suivantes<\/p>\n\n\n\n<p>1 L\u2019atelier des compresseurs<\/p>\n\n\n\n<figure class=\"wp-block-gallery has-nested-images columns-default is-cropped\">\n<figure class=\"wp-block-image size-large\"><img loading=\"lazy\" width=\"1200\" height=\"1600\" data-id=\"213702\"  src=\"https:\/\/manu-trelaze.com\/wp-content\/uploads\/2023\/09\/compresseur.jpg\" alt=\"\" class=\"wp-image-213702\" srcset=\"https:\/\/manu-trelaze.com\/wp-content\/uploads\/2023\/09\/compresseur.jpg 1200w, https:\/\/manu-trelaze.com\/wp-content\/uploads\/2023\/09\/compresseur-980x1307.jpg 980w, https:\/\/manu-trelaze.com\/wp-content\/uploads\/2023\/09\/compresseur-480x640.jpg 480w\" sizes=\"(min-width: 0px) and (max-width: 480px) 480px, (min-width: 481px) and (max-width: 980px) 980px, (min-width: 981px) 1200px, 100vw\" \/><figcaption>bsh<\/figcaption><\/figure>\n\n\n\n<figure class=\"wp-block-image size-large\"><img loading=\"lazy\" width=\"1200\" height=\"1600\" data-id=\"213707\"  src=\"https:\/\/manu-trelaze.com\/wp-content\/uploads\/2023\/09\/compresseur-2.jpg\" alt=\"\" class=\"wp-image-213707\" srcset=\"https:\/\/manu-trelaze.com\/wp-content\/uploads\/2023\/09\/compresseur-2.jpg 1200w, https:\/\/manu-trelaze.com\/wp-content\/uploads\/2023\/09\/compresseur-2-980x1307.jpg 980w, https:\/\/manu-trelaze.com\/wp-content\/uploads\/2023\/09\/compresseur-2-480x640.jpg 480w\" sizes=\"(min-width: 0px) and (max-width: 480px) 480px, (min-width: 481px) and (max-width: 980px) 980px, (min-width: 981px) 1200px, 100vw\" \/><\/figure>\n<\/figure>\n\n\n\n<p>2 Machinerie du puits 8 bis de l\u2019Hermitage<\/p>\n\n\n\n<figure class=\"wp-block-image size-large\"><img loading=\"lazy\" width=\"768\" height=\"1024\" src=\"https:\/\/manu-trelaze.com\/wp-content\/uploads\/2023\/09\/Puits-8-Hermitage-1-768x1024.jpg\" alt=\"\" class=\"wp-image-213704\"\/><\/figure>\n\n\n\n<p>3 Machinerie du puits 6 de l\u2019Hermitage<\/p>\n\n\n\n<figure class=\"wp-block-image size-full\"><img loading=\"lazy\" width=\"694\" height=\"480\" src=\"https:\/\/manu-trelaze.com\/wp-content\/uploads\/2023\/09\/Puits-6-1.jpg\" alt=\"\" class=\"wp-image-213710\" srcset=\"https:\/\/manu-trelaze.com\/wp-content\/uploads\/2023\/09\/Puits-6-1.jpg 694w, https:\/\/manu-trelaze.com\/wp-content\/uploads\/2023\/09\/Puits-6-1-480x332.jpg 480w\" sizes=\"(min-width: 0px) and (max-width: 480px) 480px, (min-width: 481px) 694px, 100vw\" \/><\/figure>\n\n\n\n<p>4 Machineries du puits 7 de Monthibert<\/p>\n\n\n\n<figure class=\"wp-block-gallery has-nested-images columns-default is-cropped\">\n<figure class=\"wp-block-image size-large\"><img loading=\"lazy\" width=\"1200\" height=\"900\" data-id=\"213705\"  src=\"https:\/\/manu-trelaze.com\/wp-content\/uploads\/2023\/09\/Monthibert-1.jpg\" alt=\"\" class=\"wp-image-213705\" srcset=\"https:\/\/manu-trelaze.com\/wp-content\/uploads\/2023\/09\/Monthibert-1.jpg 1200w, https:\/\/manu-trelaze.com\/wp-content\/uploads\/2023\/09\/Monthibert-1-980x735.jpg 980w, https:\/\/manu-trelaze.com\/wp-content\/uploads\/2023\/09\/Monthibert-1-480x360.jpg 480w\" sizes=\"(min-width: 0px) and (max-width: 480px) 480px, (min-width: 481px) and (max-width: 980px) 980px, (min-width: 981px) 1200px, 100vw\" \/><\/figure>\n<\/figure>\n\n\n\n<figure class=\"wp-block-image size-large\"><img loading=\"lazy\" width=\"1200\" height=\"900\" src=\"https:\/\/manu-trelaze.com\/wp-content\/uploads\/2023\/09\/Puits-7-monthibert.jpg\" alt=\"\" class=\"wp-image-213706\" srcset=\"https:\/\/manu-trelaze.com\/wp-content\/uploads\/2023\/09\/Puits-7-monthibert.jpg 1200w, https:\/\/manu-trelaze.com\/wp-content\/uploads\/2023\/09\/Puits-7-monthibert-980x735.jpg 980w, https:\/\/manu-trelaze.com\/wp-content\/uploads\/2023\/09\/Puits-7-monthibert-480x360.jpg 480w\" sizes=\"(min-width: 0px) and (max-width: 480px) 480px, (min-width: 481px) and (max-width: 980px) 980px, (min-width: 981px) 1200px, 100vw\" \/><\/figure>\n\n\n\n<p>5 Equipements \u00e9lectriques<\/p>\n\n\n\n<figure class=\"wp-block-gallery has-nested-images columns-1 is-cropped\">\n<figure class=\"wp-block-image size-full is-style-default\"><img loading=\"lazy\" width=\"905\" height=\"571\" data-id=\"213731\"  src=\"https:\/\/manu-trelaze.com\/wp-content\/uploads\/2023\/10\/a-GrandMaison-445.jpg\" alt=\"\" class=\"wp-image-213731\" srcset=\"https:\/\/manu-trelaze.com\/wp-content\/uploads\/2023\/10\/a-GrandMaison-445.jpg 905w, https:\/\/manu-trelaze.com\/wp-content\/uploads\/2023\/10\/a-GrandMaison-445-480x303.jpg 480w\" sizes=\"(min-width: 0px) and (max-width: 480px) 480px, (min-width: 481px) 905px, 100vw\" \/><\/figure>\n\n\n\n<figure class=\"wp-block-image size-large\"><img loading=\"lazy\" width=\"992\" height=\"635\" data-id=\"213733\"  src=\"https:\/\/manu-trelaze.com\/wp-content\/uploads\/2023\/10\/a-GrandMaison-446.jpg\" alt=\"\" class=\"wp-image-213733\" srcset=\"https:\/\/manu-trelaze.com\/wp-content\/uploads\/2023\/10\/a-GrandMaison-446.jpg 992w, https:\/\/manu-trelaze.com\/wp-content\/uploads\/2023\/10\/a-GrandMaison-446-980x627.jpg 980w, https:\/\/manu-trelaze.com\/wp-content\/uploads\/2023\/10\/a-GrandMaison-446-480x307.jpg 480w\" sizes=\"(min-width: 0px) and (max-width: 480px) 480px, (min-width: 481px) and (max-width: 980px) 980px, (min-width: 981px) 992px, 100vw\" \/><\/figure>\n<\/figure>\n\n\n\n<p>6 D\u2019autres vestiges et b\u00e2timents sont \u00e9galement int\u00e9ressants \u00e0 conserver et notamment les rares cabanes de fendeur encore debout \u00e0 Grand Maison.<\/p>\n\n\n\n<figure class=\"wp-block-image size-full\"><img loading=\"lazy\" width=\"992\" height=\"619\" src=\"https:\/\/manu-trelaze.com\/wp-content\/uploads\/2023\/09\/b-Butte-18-1.jpg\" alt=\"\" class=\"wp-image-213708\" srcset=\"https:\/\/manu-trelaze.com\/wp-content\/uploads\/2023\/09\/b-Butte-18-1.jpg 992w, https:\/\/manu-trelaze.com\/wp-content\/uploads\/2023\/09\/b-Butte-18-1-980x612.jpg 980w, https:\/\/manu-trelaze.com\/wp-content\/uploads\/2023\/09\/b-Butte-18-1-480x300.jpg 480w\" sizes=\"(min-width: 0px) and (max-width: 480px) 480px, (min-width: 481px) and (max-width: 980px) 980px, (min-width: 981px) 992px, 100vw\" \/><\/figure>\n\n\n\n<figure class=\"wp-block-image size-large\"><img loading=\"lazy\" width=\"1024\" height=\"768\" src=\"https:\/\/manu-trelaze.com\/wp-content\/uploads\/2023\/09\/cabane-1024x768.jpg\" alt=\"\" class=\"wp-image-213703\" srcset=\"https:\/\/manu-trelaze.com\/wp-content\/uploads\/2023\/09\/cabane-1024x768.jpg 1024w, https:\/\/manu-trelaze.com\/wp-content\/uploads\/2023\/09\/cabane-980x735.jpg 980w, https:\/\/manu-trelaze.com\/wp-content\/uploads\/2023\/09\/cabane-480x360.jpg 480w\" sizes=\"(min-width: 0px) and (max-width: 480px) 480px, (min-width: 481px) and (max-width: 980px) 980px, (min-width: 981px) 1024px, 100vw\" \/><\/figure>\n","protected":false},"excerpt":{"rendered":"<p>Les chevalements sont la partie immerg\u00e9 de l\u2019iceberg des puits miniers qui descendaient les mineurs au fonds des kilom\u00e8tres de galeries et remontaient les blocs de schistes d\u00e9coup\u00e9s ensuite \u00e0 la main puis plus tard \u00e0 la machine en milliers d\u2019ardoise. Pour faire fonctionner ces ascenseurs et m\u00e9canismes de nombreuse machines \u00e9taient n\u00e9cessaires notamment pour [&hellip;]<\/p>\n","protected":false},"author":1,"featured_media":0,"parent":0,"menu_order":0,"comment_status":"closed","ping_status":"closed","template":"","meta":{"_et_pb_use_builder":"off","_et_pb_old_content":"","_et_gb_content_width":""},"yoast_head":"<!-- This site is optimized with the Yoast SEO plugin v19.13 - https:\/\/yoast.com\/wordpress\/plugins\/seo\/ -->\n<title>Les machineries - Les Amis du Patrimoine Tr\u00e9laz\u00e9en<\/title>\n<meta name=\"robots\" content=\"index, follow, max-snippet:-1, max-image-preview:large, max-video-preview:-1\" \/>\n<link rel=\"canonical\" href=\"https:\/\/manu-trelaze.com\/index.php\/les-machineries\/\" \/>\n<meta property=\"og:locale\" content=\"fr_FR\" \/>\n<meta property=\"og:type\" content=\"article\" \/>\n<meta property=\"og:title\" content=\"Les machineries - Les Amis du Patrimoine Tr\u00e9laz\u00e9en\" \/>\n<meta property=\"og:description\" content=\"Les chevalements sont la partie immerg\u00e9 de l\u2019iceberg des puits miniers qui descendaient les mineurs au fonds des kilom\u00e8tres de galeries et remontaient les blocs de schistes d\u00e9coup\u00e9s ensuite \u00e0 la main puis plus tard \u00e0 la machine en milliers d\u2019ardoise. Pour faire fonctionner ces ascenseurs et m\u00e9canismes de nombreuse machines \u00e9taient n\u00e9cessaires notamment pour [&hellip;]\" \/>\n<meta property=\"og:url\" content=\"https:\/\/manu-trelaze.com\/index.php\/les-machineries\/\" \/>\n<meta property=\"og:site_name\" content=\"Les Amis du Patrimoine Tr\u00e9laz\u00e9en\" \/>\n<meta property=\"article:modified_time\" content=\"2023-10-09T19:55:24+00:00\" \/>\n<meta property=\"og:image\" content=\"https:\/\/manu-trelaze.com\/wp-content\/uploads\/2023\/09\/Puits-8-1.jpg\" \/>\n<meta name=\"twitter:card\" content=\"summary_large_image\" \/>\n<meta name=\"twitter:label1\" content=\"Dur\u00e9e de lecture estim\u00e9e\" \/>\n\t<meta name=\"twitter:data1\" content=\"3 minutes\" \/>\n<script type=\"application\/ld+json\" class=\"yoast-schema-graph\">{\"@context\":\"https:\/\/schema.org\",\"@graph\":[{\"@type\":\"WebPage\",\"@id\":\"https:\/\/manu-trelaze.com\/index.php\/les-machineries\/\",\"url\":\"https:\/\/manu-trelaze.com\/index.php\/les-machineries\/\",\"name\":\"Les machineries - Les Amis du Patrimoine Tr\u00e9laz\u00e9en\",\"isPartOf\":{\"@id\":\"https:\/\/manu-trelaze.com\/#website\"},\"datePublished\":\"2023-09-24T07:32:34+00:00\",\"dateModified\":\"2023-10-09T19:55:24+00:00\",\"breadcrumb\":{\"@id\":\"https:\/\/manu-trelaze.com\/index.php\/les-machineries\/#breadcrumb\"},\"inLanguage\":\"fr-FR\",\"potentialAction\":[{\"@type\":\"ReadAction\",\"target\":[\"https:\/\/manu-trelaze.com\/index.php\/les-machineries\/\"]}]},{\"@type\":\"BreadcrumbList\",\"@id\":\"https:\/\/manu-trelaze.com\/index.php\/les-machineries\/#breadcrumb\",\"itemListElement\":[{\"@type\":\"ListItem\",\"position\":1,\"name\":\"Accueil\",\"item\":\"https:\/\/manu-trelaze.com\/\"},{\"@type\":\"ListItem\",\"position\":2,\"name\":\"Les machineries\"}]},{\"@type\":\"WebSite\",\"@id\":\"https:\/\/manu-trelaze.com\/#website\",\"url\":\"https:\/\/manu-trelaze.com\/\",\"name\":\"Les Amis du Patrimoine Tr\u00e9laz\u00e9en\",\"description\":\"Les Amis du Patrimoine Tr\u00e9laz\u00e9en\",\"potentialAction\":[{\"@type\":\"SearchAction\",\"target\":{\"@type\":\"EntryPoint\",\"urlTemplate\":\"https:\/\/manu-trelaze.com\/?s={search_term_string}\"},\"query-input\":\"required name=search_term_string\"}],\"inLanguage\":\"fr-FR\"}]}<\/script>\n<!-- \/ Yoast SEO plugin. -->","yoast_head_json":{"title":"Les machineries - Les Amis du Patrimoine Tr\u00e9laz\u00e9en","robots":{"index":"index","follow":"follow","max-snippet":"max-snippet:-1","max-image-preview":"max-image-preview:large","max-video-preview":"max-video-preview:-1"},"canonical":"https:\/\/manu-trelaze.com\/index.php\/les-machineries\/","og_locale":"fr_FR","og_type":"article","og_title":"Les machineries - Les Amis du Patrimoine Tr\u00e9laz\u00e9en","og_description":"Les chevalements sont la partie immerg\u00e9 de l\u2019iceberg des puits miniers qui descendaient les mineurs au fonds des kilom\u00e8tres de galeries et remontaient les blocs de schistes d\u00e9coup\u00e9s ensuite \u00e0 la main puis plus tard \u00e0 la machine en milliers d\u2019ardoise. Pour faire fonctionner ces ascenseurs et m\u00e9canismes de nombreuse machines \u00e9taient n\u00e9cessaires notamment pour [&hellip;]","og_url":"https:\/\/manu-trelaze.com\/index.php\/les-machineries\/","og_site_name":"Les Amis du Patrimoine Tr\u00e9laz\u00e9en","article_modified_time":"2023-10-09T19:55:24+00:00","og_image":[{"url":"https:\/\/manu-trelaze.com\/wp-content\/uploads\/2023\/09\/Puits-8-1.jpg"}],"twitter_card":"summary_large_image","twitter_misc":{"Dur\u00e9e de lecture estim\u00e9e":"3 minutes"},"schema":{"@context":"https:\/\/schema.org","@graph":[{"@type":"WebPage","@id":"https:\/\/manu-trelaze.com\/index.php\/les-machineries\/","url":"https:\/\/manu-trelaze.com\/index.php\/les-machineries\/","name":"Les machineries - Les Amis du Patrimoine Tr\u00e9laz\u00e9en","isPartOf":{"@id":"https:\/\/manu-trelaze.com\/#website"},"datePublished":"2023-09-24T07:32:34+00:00","dateModified":"2023-10-09T19:55:24+00:00","breadcrumb":{"@id":"https:\/\/manu-trelaze.com\/index.php\/les-machineries\/#breadcrumb"},"inLanguage":"fr-FR","potentialAction":[{"@type":"ReadAction","target":["https:\/\/manu-trelaze.com\/index.php\/les-machineries\/"]}]},{"@type":"BreadcrumbList","@id":"https:\/\/manu-trelaze.com\/index.php\/les-machineries\/#breadcrumb","itemListElement":[{"@type":"ListItem","position":1,"name":"Accueil","item":"https:\/\/manu-trelaze.com\/"},{"@type":"ListItem","position":2,"name":"Les machineries"}]},{"@type":"WebSite","@id":"https:\/\/manu-trelaze.com\/#website","url":"https:\/\/manu-trelaze.com\/","name":"Les Amis du Patrimoine Tr\u00e9laz\u00e9en","description":"Les Amis du Patrimoine Tr\u00e9laz\u00e9en","potentialAction":[{"@type":"SearchAction","target":{"@type":"EntryPoint","urlTemplate":"https:\/\/manu-trelaze.com\/?s={search_term_string}"},"query-input":"required name=search_term_string"}],"inLanguage":"fr-FR"}]}},"_links":{"self":[{"href":"https:\/\/manu-trelaze.com\/index.php\/wp-json\/wp\/v2\/pages\/213701"}],"collection":[{"href":"https:\/\/manu-trelaze.com\/index.php\/wp-json\/wp\/v2\/pages"}],"about":[{"href":"https:\/\/manu-trelaze.com\/index.php\/wp-json\/wp\/v2\/types\/page"}],"author":[{"embeddable":true,"href":"https:\/\/manu-trelaze.com\/index.php\/wp-json\/wp\/v2\/users\/1"}],"replies":[{"embeddable":true,"href":"https:\/\/manu-trelaze.com\/index.php\/wp-json\/wp\/v2\/comments?post=213701"}],"version-history":[{"count":3,"href":"https:\/\/manu-trelaze.com\/index.php\/wp-json\/wp\/v2\/pages\/213701\/revisions"}],"predecessor-version":[{"id":213735,"href":"https:\/\/manu-trelaze.com\/index.php\/wp-json\/wp\/v2\/pages\/213701\/revisions\/213735"}],"wp:attachment":[{"href":"https:\/\/manu-trelaze.com\/index.php\/wp-json\/wp\/v2\/media?parent=213701"}],"curies":[{"name":"wp","href":"https:\/\/api.w.org\/{rel}","templated":true}]}}